{"id":4271,"date":"2018-11-06T17:47:58","date_gmt":"2018-11-06T16:47:58","guid":{"rendered":"https:\/\/www.ariosto.it\/produkte-fur-alle-gerichte-und-fur-alle-kuchen\/jodsalz-der-geschmack-von-ariosto-mit-blick-auf-das-wohlbefinden\/"},"modified":"2026-03-12T17:28:00","modified_gmt":"2026-03-12T16:28:00","slug":"gewurzminschungen-mit-jodsalz","status":"publish","type":"page","link":"https:\/\/www.ariosto.it\/de\/produkte\/gewurzminschungen-mit-jodsalz\/","title":{"rendered":"Jodsalz: der Geschmack von Ariosto, mit Blick auf das Wohlbefinden"},"content":{"rendered":"<div class=\"wpb-content-wrapper\"><p>[vc_row equal_height=&#8221;yes&#8221; css=&#8221;.vc_custom_1536676762405{padding-top: 80px !important;}&#8221;][vc_column css=&#8221;.vc_custom_1539182382529{margin-right: 0px !important;margin-left: 0px !important;padding-right: 0px !important;padding-left: 0px !important;background-color: #35793f !important;}&#8221;][vc_column_text css=&#8221;.vc_custom_1773332874892{margin-top: 0px !important;margin-right: 0px !important;margin-left: 0px !important;padding-top: 0px !important;padding-right: 40px !important;padding-left: 40px !important;}&#8221;]<\/p>\n<p style=\"color: #ffffff;\">Das Sortiment der Ariosto-Gew\u00fcrzmischungen wird durch 4 Varianten mit Jodsalz erg\u00e4nzt. Jodsalz tr\u00e4gt zur Schilddr\u00fcsenfunktion bei. Die Ariosto-Mischungen mit Jodsalz enthalten keine Geschmacksverst\u00e4rker oder Mononatriumglutamat. Wie alle Ariosto- Gew\u00fcrzmischungen enth\u00e4lt auch diese Linie keine Konservierungsmittel, Farbstoffe oder Spuren von Gluten. Ideal also auch bei Glutenunvertr\u00e4glichkeit.<\/p>\n<p>[\/vc_column_text][\/vc_column][\/vc_row][vc_row equal_height=&#8221;yes&#8221; css=&#8221;.vc_custom_1536674878307{padding-top: 20px !important;padding-bottom: px !important;}&#8221;][vc_column width=&#8221;1\/2&#8243; css=&#8221;.vc_custom_1538409236564{margin-top: 0px !important;margin-right: 0px !important;margin-bottom: 0px !important;margin-left: 0px !important;padding-top: 20px !important;padding-right: 0px !important;padding-bottom: 20px !important;padding-left: 20px !important;background-color: #f8f8f8 !important;}&#8221;][vc_single_image image=&#8221;6191&#8243; img_size=&#8221;full&#8221; alignment=&#8221;right&#8221; css=&#8221;.vc_custom_1773332177972{margin-top: 0px !important;margin-right: 0px !important;margin-bottom: 0px !important;margin-left: 0px !important;padding-top: 0px !important;padding-right: 0px !important;padding-bottom: 0px !important;padding-left: 0px !important;}&#8221;][\/vc_column][vc_column width=&#8221;1\/2&#8243; css=&#8221;.vc_custom_1536591937840{margin-top: 0px !important;margin-right: 0px !important;margin-bottom: 0px !important;margin-left: 0px !important;padding-top: 35px !important;padding-right: 0px !important;padding-bottom: 0px !important;padding-left: 0px !important;background-color: #f8f8f8 !important;background-position: center !important;background-repeat: no-repeat !important;background-size: cover !important;}&#8221;][vc_column_text css=&#8221;.vc_custom_1773332863277{margin-top: 0px !important;margin-right: 0px !important;margin-left: 0px !important;padding-top: 0px !important;padding-right: 40px !important;padding-left: 40px !important;}&#8221;]<\/p>\n<h2 class=\"txt-primary\">F\u00fcr Gem\u00fcse und Salate mit Jodsalz<\/h2>\n<p>Mit <strong>jodiertem Salz, Ingwer und Kurkuma<\/strong> ist Ariosto Gem\u00fcse und Salate die perfekte Mischung, um Salate und Beilagen auf nat\u00fcrliche Weise zu w\u00fcrzen. Hervorragend in der K\u00fcche f\u00fcr die Zubereitung von Gem\u00fcse, aber auch ideal auf <strong>dem Tisch<\/strong>, roh, als gew\u00f6hnliches Salz zum W\u00fcrzen von frischen Salaten.<\/p>\n<p><em><strong>Zutaten<\/strong><\/em>: Jodsalz, Knoblauch, Rosmarin, Schalotte, Salbei, Wacholder, Ingwer, Kurkuma, Zitrone.[\/vc_column_text][vc_column_text css=&#8221;.vc_custom_1739181998269{padding-right: 40px !important;}&#8221;]<\/p>\n<p style=\"text-align: right;\"><a class=\"ghost-color-btn\" href=\"https:\/\/www.ariosto.it\/wp-content\/uploads\/2025\/02\/ARIOSTO-PER-PATATE-CON-SALE-IODATO-80-G.pdf\" target=\"_blank\" rel=\"noopener noreferrer\">Scheda tecnica<\/a><\/p>\n<p>[\/vc_column_text][\/vc_column][\/vc_row][vc_row equal_height=&#8221;yes&#8221; css=&#8221;.vc_custom_1536679242573{padding-top: 30px !important;}&#8221;][vc_column width=&#8221;1\/2&#8243; css=&#8221;.vc_custom_1489477418893{margin-right: 0px !important;margin-left: 0px !important;padding-right: 0px !important;padding-left: 0px !important;background-color: #f8f8f8 !important;}&#8221;][vc_column_text css=&#8221;.vc_custom_1540482203956{margin-top: 0px !important;margin-right: 0px !important;margin-left: 0px !important;padding-top: 0px !important;padding-right: 40px !important;padding-left: 40px !important;}&#8221;]<\/p>\n<h2 class=\"txt-primary\">Gew\u00fcrzmischung f\u00fcr gebratenes und gegrilltes Fleisch mit Jodsalz<\/h2>\n<p>Aus der Erfahrung von Ariosto, die perfekte W\u00fcrze f\u00fcr gebratenes oder gegrilltes Fleisch. Eine <strong>Kr\u00e4utermischung zum W\u00fcrzen des Fleisches<\/strong>, mit Zusatz von Jodsalz. Ideal zum W\u00fcrzen von gebratenem H\u00e4hnchen, gebratenem oder gegrilltem Lamm und Zicklein, Schweinefleisch. Perfekt f\u00fcr die Zubereitung von Rindersteaks, Kalbsbraten und jeder Art von gegrilltem Fleisch.<\/p>\n<p><em><strong>Inhaltsstoffe:<\/strong><\/em> jodiertes Meersalz, Rosmarin, Knoblauch, Salbei, Wacholder, Lorbeer, Oregano, Thymian, Majoran, Basilikum und aromatische Pflanzen.[\/vc_column_text][\/vc_column][vc_column width=&#8221;1\/2&#8243; css=&#8221;.vc_custom_1538409224360{margin-top: 0px !important;margin-right: 0px !important;margin-bottom: 0px !important;margin-left: 0px !important;padding-top: 20px !important;padding-right: 20px !important;padding-bottom: 20px !important;padding-left: 0px !important;background-color: #f8f8f8 !important;background-position: center !important;background-repeat: no-repeat !important;background-size: cover !important;}&#8221;][vc_single_image image=&#8221;5774&#8243; img_size=&#8221;full&#8221; css=&#8221;.vc_custom_1732806157109{margin-top: 0px !important;margin-right: 0px !important;margin-bottom: 0px !important;margin-left: 0px !important;padding-top: 0px !important;padding-right: 0px !important;padding-bottom: 0px !important;padding-left: 0px !important;}&#8221;][\/vc_column][\/vc_row][vc_row equal_height=&#8221;yes&#8221; css=&#8221;.vc_custom_1536674878307{padding-top: 20px !important;padding-bottom: px !important;}&#8221;][vc_column width=&#8221;1\/2&#8243; css=&#8221;.vc_custom_1538409236564{margin-top: 0px !important;margin-right: 0px !important;margin-bottom: 0px !important;margin-left: 0px !important;padding-top: 20px !important;padding-right: 0px !important;padding-bottom: 20px !important;padding-left: 20px !important;background-color: #f8f8f8 !important;}&#8221;][vc_single_image image=&#8221;5779&#8243; img_size=&#8221;full&#8221; alignment=&#8221;right&#8221; css=&#8221;.vc_custom_1732806169473{margin-top: 0px !important;margin-right: 0px !important;margin-bottom: 0px !important;margin-left: 0px !important;padding-top: 0px !important;padding-right: 0px !important;padding-bottom: 0px !important;padding-left: 0px !important;}&#8221;][\/vc_column][vc_column width=&#8221;1\/2&#8243; css=&#8221;.vc_custom_1536591937840{margin-top: 0px !important;margin-right: 0px !important;margin-bottom: 0px !important;margin-left: 0px !important;padding-top: 35px !important;padding-right: 0px !important;padding-bottom: 0px !important;padding-left: 0px !important;background-color: #f8f8f8 !important;background-position: center !important;background-repeat: no-repeat !important;background-size: cover !important;}&#8221;][vc_column_text css=&#8221;.vc_custom_1540482734073{margin-top: 0px !important;margin-right: 0px !important;margin-left: 0px !important;padding-top: 0px !important;padding-right: 40px !important;padding-left: 40px !important;}&#8221;]<\/p>\n<h2 class=\"txt-primary\">Gew\u00fcrzmischung f\u00fcr Pommes frites und Bratkartoffeln mit Jodsalz<\/h2>\n<p>Reich an Kalium, Eisen, St\u00e4rke und Ballaststoffen, werden Kartoffeln in verschiedene Sorten eingeteilt: wei\u00df, gelb oder rot, mit mehligem oder festem Fruchtfleisch. Am besten zum Braten geeignet sind Fr\u00fchkartoffeln oder die Sorte Bologna. Unabh\u00e4ngig von der Qualit\u00e4t der Kartoffel ist Ariosto f\u00fcr Pommes frites und Bratkartoffeln mit Jodsalz immer die <strong>ideale Erg\u00e4nzung f\u00fcr alle Gerichte und Beilagen auf Kartoffelbasis.<\/strong><\/p>\n<p><em><strong>Inhaltsstoffe:<\/strong><\/em> jodiertes Meersalz, Knoblauch, Rosmarin, Salbei, Wacholder, Basilikum, Majoran, Oregano, Lorbeer, Koriander, Petersilie und aromatische Pflanzen.[\/vc_column_text][\/vc_column][\/vc_row][vc_row equal_height=&#8221;yes&#8221; css=&#8221;.vc_custom_1538409377488{padding-top: 20px !important;padding-bottom: 20px !important;}&#8221;][vc_column width=&#8221;1\/2&#8243; css=&#8221;.vc_custom_1489477418893{margin-right: 0px !important;margin-left: 0px !important;padding-right: 0px !important;padding-left: 0px !important;background-color: #f8f8f8 !important;}&#8221;][vc_column_text css=&#8221;.vc_custom_1540482751683{margin-top: 0px !important;margin-right: 0px !important;margin-left: 0px !important;padding-top: 0px !important;padding-right: 40px !important;padding-left: 40px !important;}&#8221;]<\/p>\n<h2 class=\"txt-primary\">Gew\u00fcrzmischung f\u00fcr gebratenen und gegrillten Fisch mit Jodsalz<\/h2>\n<p>Ariosto f\u00fcr gebratenen und gegrillten Fisch mit Jodsalz eignet sich besonders f\u00fcr jedes Fischgericht, das auf dem Grill und im Ofen zubereitet wird. Das jodierte Meersalz des Rezeptes, kombiniert mit den am besten f\u00fcr Fisch geeigneten Kr\u00e4utern, <strong>wie Petersilie und Lorbeer<\/strong>, macht es zur besten Mischung f\u00fcr jede Zubereitung und jedes Rezept. Die Ergebnisse k\u00f6nnen nur hervorragend sein.<\/p>\n<p><em><strong>Inhaltsstoffe:<\/strong><\/em> jodiertes Meersalz, Rosmarin, Knoblauch, Salbei, Wacholder, Lorbeer, Oregano, Petersilie und aromatische Pflanzen.[\/vc_column_text][\/vc_column][vc_column width=&#8221;1\/2&#8243; css=&#8221;.vc_custom_1538408098386{margin-top: 0px !important;margin-right: 0px !important;margin-bottom: 0px !important;margin-left: 0px !important;padding-top: 0px !important;padding-right: 0px !important;padding-bottom: 0px !important;padding-left: 0px !important;background-color: #f8f8f8 !important;background-position: center !important;background-repeat: no-repeat !important;background-size: cover !important;}&#8221;][vc_single_image image=&#8221;5784&#8243; img_size=&#8221;full&#8221; css=&#8221;.vc_custom_1732806179895{margin-top: 0px !important;margin-right: 0px !important;margin-bottom: 0px !important;margin-left: 0px !important;padding-top: 20px !important;padding-right: 20px !important;padding-bottom: 20px !important;padding-left: 0px !important;}&#8221;][\/vc_column][\/vc_row]<\/p>\n<\/div>","protected":false},"excerpt":{"rendered":"<p>[vc_row equal_height=&#8221;yes&#8221; css=&#8221;.vc_custom_1536676762405{padding-top: 80px !important;}&#8221;][vc_column css=&#8221;.vc_custom_1539182382529{margin-right: 0px !important;margin-left: 0px !important;padding-right: 0px !important;padding-left: 0px !important;background-color: #35793f !important;}&#8221;][vc_column_text css=&#8221;.vc_custom_1773332874892{margin-top: 0px !important;margin-right: 0px !important;margin-left: 0px !important;padding-top: 0px !important;padding-right: 40px !important;padding-left: 40px !important;}&#8221;] Das Sortiment der Ariosto-Gew\u00fcrzmischungen wird durch 4 Varianten mit Jodsalz erg\u00e4nzt. Jodsalz tr\u00e4gt zur Schilddr\u00fcsenfunktion bei. Die Ariosto-Mischungen mit Jodsalz enthalten keine Geschmacksverst\u00e4rker oder Mononatriumglutamat. Wie [&hellip;]<\/p>\n","protected":false},"author":4,"featured_media":0,"parent":4267,"menu_order":0,"comment_status":"closed","ping_status":"closed","template":"","meta":{"footnotes":""},"class_list":["post-4271","page","type-page","status-publish","hentry"],"yoast_head":"<!-- This site is optimized with the Yoast SEO plugin v27.5 - https:\/\/yoast.com\/product\/yoast-seo-wordpress\/ -->\n<title>Jodsalz: der Geschmack von Ariosto, mit Blick auf das Wohlbefinden - Ariosto S.p.A.<\/title>\n<meta name=\"robots\" content=\"index, follow, max-snippet:-1, max-image-preview:large, max-video-preview:-1\" \/>\n<link rel=\"canonical\" href=\"https:\/\/www.ariosto.it\/de\/produkte\/gewurzminschungen-mit-jodsalz\/\" \/>\n<meta property=\"og:locale\" content=\"de_DE\" \/>\n<meta property=\"og:type\" content=\"article\" \/>\n<meta property=\"og:title\" content=\"Jodsalz: der Geschmack von Ariosto, mit Blick auf das Wohlbefinden - Ariosto S.p.A.\" \/>\n<meta property=\"og:description\" content=\"[vc_row equal_height=&#8221;yes&#8221; css=&#8221;.vc_custom_1536676762405{padding-top: 80px !important;}&#8221;][vc_column css=&#8221;.vc_custom_1539182382529{margin-right: 0px !important;margin-left: 0px !important;padding-right: 0px !important;padding-left: 0px !important;background-color: #35793f !important;}&#8221;][vc_column_text css=&#8221;.vc_custom_1773332874892{margin-top: 0px !important;margin-right: 0px !important;margin-left: 0px !important;padding-top: 0px !important;padding-right: 40px !important;padding-left: 40px !important;}&#8221;] Das Sortiment der Ariosto-Gew\u00fcrzmischungen wird durch 4 Varianten mit Jodsalz erg\u00e4nzt. Jodsalz tr\u00e4gt zur Schilddr\u00fcsenfunktion bei. Die Ariosto-Mischungen mit Jodsalz enthalten keine Geschmacksverst\u00e4rker oder Mononatriumglutamat. Wie [&hellip;]\" \/>\n<meta property=\"og:url\" content=\"https:\/\/www.ariosto.it\/de\/produkte\/gewurzminschungen-mit-jodsalz\/\" \/>\n<meta property=\"og:site_name\" content=\"Ariosto S.p.A.\" \/>\n<meta property=\"article:publisher\" content=\"https:\/\/it-it.facebook.com\/ariostospa\/\" \/>\n<meta property=\"article:modified_time\" content=\"2026-03-12T16:28:00+00:00\" \/>\n<meta name=\"twitter:card\" content=\"summary_large_image\" \/>\n<meta name=\"twitter:label1\" content=\"Gesch\u00e4tzte Lesezeit\" \/>\n\t<meta name=\"twitter:data1\" content=\"5\u00a0Minuten\" \/>\n<script type=\"application\/ld+json\" class=\"yoast-schema-graph\">{\"@context\":\"https:\\\/\\\/schema.org\",\"@graph\":[{\"@type\":\"WebPage\",\"@id\":\"https:\\\/\\\/www.ariosto.it\\\/de\\\/produkte\\\/gewurzminschungen-mit-jodsalz\\\/\",\"url\":\"https:\\\/\\\/www.ariosto.it\\\/de\\\/produkte\\\/gewurzminschungen-mit-jodsalz\\\/\",\"name\":\"Jodsalz: der Geschmack von Ariosto, mit Blick auf das Wohlbefinden - Ariosto S.p.A.\",\"isPartOf\":{\"@id\":\"https:\\\/\\\/www.ariosto.it\\\/de\\\/#website\"},\"datePublished\":\"2018-11-06T16:47:58+00:00\",\"dateModified\":\"2026-03-12T16:28:00+00:00\",\"breadcrumb\":{\"@id\":\"https:\\\/\\\/www.ariosto.it\\\/de\\\/produkte\\\/gewurzminschungen-mit-jodsalz\\\/#breadcrumb\"},\"inLanguage\":\"de\",\"potentialAction\":[{\"@type\":\"ReadAction\",\"target\":[\"https:\\\/\\\/www.ariosto.it\\\/de\\\/produkte\\\/gewurzminschungen-mit-jodsalz\\\/\"]}]},{\"@type\":\"BreadcrumbList\",\"@id\":\"https:\\\/\\\/www.ariosto.it\\\/de\\\/produkte\\\/gewurzminschungen-mit-jodsalz\\\/#breadcrumb\",\"itemListElement\":[{\"@type\":\"ListItem\",\"position\":1,\"name\":\"Home\",\"item\":\"https:\\\/\\\/www.ariosto.it\\\/de\\\/\"},{\"@type\":\"ListItem\",\"position\":2,\"name\":\"Produkte\",\"item\":\"https:\\\/\\\/www.ariosto.it\\\/de\\\/produkte\\\/\"},{\"@type\":\"ListItem\",\"position\":3,\"name\":\"Gew\u00fcrzmischungen mit Jodsalz\"}]},{\"@type\":\"WebSite\",\"@id\":\"https:\\\/\\\/www.ariosto.it\\\/de\\\/#website\",\"url\":\"https:\\\/\\\/www.ariosto.it\\\/de\\\/\",\"name\":\"Ariosto\",\"description\":\"Da oltre 50 anni, fedeli alla nostra natura\",\"publisher\":{\"@id\":\"https:\\\/\\\/www.ariosto.it\\\/de\\\/#organization\"},\"potentialAction\":[{\"@type\":\"SearchAction\",\"target\":{\"@type\":\"EntryPoint\",\"urlTemplate\":\"https:\\\/\\\/www.ariosto.it\\\/de\\\/?s={search_term_string}\"},\"query-input\":{\"@type\":\"PropertyValueSpecification\",\"valueRequired\":true,\"valueName\":\"search_term_string\"}}],\"inLanguage\":\"de\"},{\"@type\":\"Organization\",\"@id\":\"https:\\\/\\\/www.ariosto.it\\\/de\\\/#organization\",\"name\":\"Ariosto spa\",\"url\":\"https:\\\/\\\/www.ariosto.it\\\/de\\\/\",\"logo\":{\"@type\":\"ImageObject\",\"inLanguage\":\"de\",\"@id\":\"https:\\\/\\\/www.ariosto.it\\\/de\\\/#\\\/schema\\\/logo\\\/image\\\/\",\"url\":\"https:\\\/\\\/www.ariosto.it\\\/wp-content\\\/uploads\\\/2018\\\/07\\\/logo-ariosto-color.png\",\"contentUrl\":\"https:\\\/\\\/www.ariosto.it\\\/wp-content\\\/uploads\\\/2018\\\/07\\\/logo-ariosto-color.png\",\"width\":206,\"height\":68,\"caption\":\"Ariosto spa\"},\"image\":{\"@id\":\"https:\\\/\\\/www.ariosto.it\\\/de\\\/#\\\/schema\\\/logo\\\/image\\\/\"},\"sameAs\":[\"https:\\\/\\\/it-it.facebook.com\\\/ariostospa\\\/\",\"https:\\\/\\\/www.youtube.com\\\/user\\\/AriostoAromi\",\"https:\\\/\\\/www.instagram.com\\\/ariosto_spa\\\/\"]}]}<\/script>\n<!-- \/ Yoast SEO plugin. -->","yoast_head_json":{"title":"Jodsalz: der Geschmack von Ariosto, mit Blick auf das Wohlbefinden - Ariosto S.p.A.","robots":{"index":"index","follow":"follow","max-snippet":"max-snippet:-1","max-image-preview":"max-image-preview:large","max-video-preview":"max-video-preview:-1"},"canonical":"https:\/\/www.ariosto.it\/de\/produkte\/gewurzminschungen-mit-jodsalz\/","og_locale":"de_DE","og_type":"article","og_title":"Jodsalz: der Geschmack von Ariosto, mit Blick auf das Wohlbefinden - Ariosto S.p.A.","og_description":"[vc_row equal_height=&#8221;yes&#8221; css=&#8221;.vc_custom_1536676762405{padding-top: 80px !important;}&#8221;][vc_column css=&#8221;.vc_custom_1539182382529{margin-right: 0px !important;margin-left: 0px !important;padding-right: 0px !important;padding-left: 0px !important;background-color: #35793f !important;}&#8221;][vc_column_text css=&#8221;.vc_custom_1773332874892{margin-top: 0px !important;margin-right: 0px !important;margin-left: 0px !important;padding-top: 0px !important;padding-right: 40px !important;padding-left: 40px !important;}&#8221;] Das Sortiment der Ariosto-Gew\u00fcrzmischungen wird durch 4 Varianten mit Jodsalz erg\u00e4nzt. Jodsalz tr\u00e4gt zur Schilddr\u00fcsenfunktion bei. Die Ariosto-Mischungen mit Jodsalz enthalten keine Geschmacksverst\u00e4rker oder Mononatriumglutamat. Wie [&hellip;]","og_url":"https:\/\/www.ariosto.it\/de\/produkte\/gewurzminschungen-mit-jodsalz\/","og_site_name":"Ariosto S.p.A.","article_publisher":"https:\/\/it-it.facebook.com\/ariostospa\/","article_modified_time":"2026-03-12T16:28:00+00:00","twitter_card":"summary_large_image","twitter_misc":{"Gesch\u00e4tzte Lesezeit":"5\u00a0Minuten"},"schema":{"@context":"https:\/\/schema.org","@graph":[{"@type":"WebPage","@id":"https:\/\/www.ariosto.it\/de\/produkte\/gewurzminschungen-mit-jodsalz\/","url":"https:\/\/www.ariosto.it\/de\/produkte\/gewurzminschungen-mit-jodsalz\/","name":"Jodsalz: der Geschmack von Ariosto, mit Blick auf das Wohlbefinden - Ariosto S.p.A.","isPartOf":{"@id":"https:\/\/www.ariosto.it\/de\/#website"},"datePublished":"2018-11-06T16:47:58+00:00","dateModified":"2026-03-12T16:28:00+00:00","breadcrumb":{"@id":"https:\/\/www.ariosto.it\/de\/produkte\/gewurzminschungen-mit-jodsalz\/#breadcrumb"},"inLanguage":"de","potentialAction":[{"@type":"ReadAction","target":["https:\/\/www.ariosto.it\/de\/produkte\/gewurzminschungen-mit-jodsalz\/"]}]},{"@type":"BreadcrumbList","@id":"https:\/\/www.ariosto.it\/de\/produkte\/gewurzminschungen-mit-jodsalz\/#breadcrumb","itemListElement":[{"@type":"ListItem","position":1,"name":"Home","item":"https:\/\/www.ariosto.it\/de\/"},{"@type":"ListItem","position":2,"name":"Produkte","item":"https:\/\/www.ariosto.it\/de\/produkte\/"},{"@type":"ListItem","position":3,"name":"Gew\u00fcrzmischungen mit Jodsalz"}]},{"@type":"WebSite","@id":"https:\/\/www.ariosto.it\/de\/#website","url":"https:\/\/www.ariosto.it\/de\/","name":"Ariosto","description":"Da oltre 50 anni, fedeli alla nostra natura","publisher":{"@id":"https:\/\/www.ariosto.it\/de\/#organization"},"potentialAction":[{"@type":"SearchAction","target":{"@type":"EntryPoint","urlTemplate":"https:\/\/www.ariosto.it\/de\/?s={search_term_string}"},"query-input":{"@type":"PropertyValueSpecification","valueRequired":true,"valueName":"search_term_string"}}],"inLanguage":"de"},{"@type":"Organization","@id":"https:\/\/www.ariosto.it\/de\/#organization","name":"Ariosto spa","url":"https:\/\/www.ariosto.it\/de\/","logo":{"@type":"ImageObject","inLanguage":"de","@id":"https:\/\/www.ariosto.it\/de\/#\/schema\/logo\/image\/","url":"https:\/\/www.ariosto.it\/wp-content\/uploads\/2018\/07\/logo-ariosto-color.png","contentUrl":"https:\/\/www.ariosto.it\/wp-content\/uploads\/2018\/07\/logo-ariosto-color.png","width":206,"height":68,"caption":"Ariosto spa"},"image":{"@id":"https:\/\/www.ariosto.it\/de\/#\/schema\/logo\/image\/"},"sameAs":["https:\/\/it-it.facebook.com\/ariostospa\/","https:\/\/www.youtube.com\/user\/AriostoAromi","https:\/\/www.instagram.com\/ariosto_spa\/"]}]}},"_links":{"self":[{"href":"https:\/\/www.ariosto.it\/de\/wp-json\/wp\/v2\/pages\/4271","targetHints":{"allow":["GET"]}}],"collection":[{"href":"https:\/\/www.ariosto.it\/de\/wp-json\/wp\/v2\/pages"}],"about":[{"href":"https:\/\/www.ariosto.it\/de\/wp-json\/wp\/v2\/types\/page"}],"author":[{"embeddable":true,"href":"https:\/\/www.ariosto.it\/de\/wp-json\/wp\/v2\/users\/4"}],"replies":[{"embeddable":true,"href":"https:\/\/www.ariosto.it\/de\/wp-json\/wp\/v2\/comments?post=4271"}],"version-history":[{"count":10,"href":"https:\/\/www.ariosto.it\/de\/wp-json\/wp\/v2\/pages\/4271\/revisions"}],"predecessor-version":[{"id":6194,"href":"https:\/\/www.ariosto.it\/de\/wp-json\/wp\/v2\/pages\/4271\/revisions\/6194"}],"up":[{"embeddable":true,"href":"https:\/\/www.ariosto.it\/de\/wp-json\/wp\/v2\/pages\/4267"}],"wp:attachment":[{"href":"https:\/\/www.ariosto.it\/de\/wp-json\/wp\/v2\/media?parent=4271"}],"curies":[{"name":"wp","href":"https:\/\/api.w.org\/{rel}","templated":true}]}}