{"id":4275,"date":"2018-11-06T18:05:15","date_gmt":"2018-11-06T17:05:15","guid":{"rendered":"https:\/\/www.ariosto.it\/produkte-fur-alle-gerichte-und-fur-alle-kuchen\/fehlt-dem-gericht-etwas-wir-haben-alles-was-man-brauch\/"},"modified":"2026-03-12T17:42:54","modified_gmt":"2026-03-12T16:42:54","slug":"gewuerz-und-kraeuter","status":"publish","type":"page","link":"https:\/\/www.ariosto.it\/de\/produkte\/gewuerz-und-kraeuter\/","title":{"rendered":"Fehlt dem Gericht etwas? Wir haben alles, was man brauch"},"content":{"rendered":"<div class=\"wpb-content-wrapper\"><p>[vc_row equal_height=&#8221;yes&#8221; css=&#8221;.vc_custom_1536676762405{padding-top: 80px !important;}&#8221;][vc_column css=&#8221;.vc_custom_1539182706210{margin-right: 0px !important;margin-left: 0px !important;padding-right: 0px !important;padding-left: 0px !important;background-color: #35793f !important;}&#8221;][vc_column_text css=&#8221;.vc_custom_1773333723643{margin-top: 0px !important;margin-right: 0px !important;margin-left: 0px !important;padding-top: 0px !important;padding-right: 40px !important;padding-left: 40px !important;}&#8221;]<\/p>\n<p style=\"color: #ffffff;\">Wenn es um den Geschmack geht, ob in der K\u00fcche oder auf dem Tisch, hat jeder seine eigene Meinung. Aber in einem Punkt sind sich alle einig: Qualit\u00e4t z\u00e4hlt. Der Produkte, Rohstoffe und Herkunftsorte. Die Natur wei\u00df es, wir wissen es.<br \/>\nDas Angebot von Ariosto, alles Notwendige zu tun, um jedem Gericht, ob in der Zubereitung oder direkt auf dem Tisch, Geschmack zu verleihen, ist umfangreich und vollst\u00e4ndig. Salz und Pfeffer, kostbarer Safran und eine reichhaltige Auswahl von \u00fcber 30 Gew\u00fcrzen und Kr\u00e4utern: von Chili bis Curry, von Minze bis Knoblauch, von Rosmarin bis Anis.<\/p>\n<p>[\/vc_column_text][\/vc_column][\/vc_row][vc_row equal_height=&#8221;yes&#8221; css=&#8221;.vc_custom_1536591483651{padding-top: 20px !important;}&#8221;][vc_column width=&#8221;1\/2&#8243; css=&#8221;.vc_custom_1489477418893{margin-right: 0px !important;margin-left: 0px !important;padding-right: 0px !important;padding-left: 0px !important;background-color: #f8f8f8 !important;}&#8221;][vc_column_text css=&#8221;.vc_custom_1538406224055{margin-top: 0px !important;margin-right: 0px !important;margin-left: 0px !important;padding-top: 0px !important;padding-right: 40px !important;padding-left: 40px !important;}&#8221;]<\/p>\n<h2 class=\"txt-primary\">Linie Gew\u00fcrze und aromatische Kr\u00e4uter<\/h2>\n<p>Wer als Ariosto k\u00f6nnte <strong>die besten Kr\u00e4uter und Gew\u00fcrze<\/strong> f\u00fcr die t\u00e4gliche K\u00fcche besser ausw\u00e4hlen?\u00a0Mit den am h\u00e4ufigsten verwendeten Aromen, wie Knoblauch, Oregano, Basilikum, Zwiebel, Fenchel und Minze, Petersilie, Rosmarin. Und f\u00fcr jeden Bedarf und jedes Rezept immer die passenden Gew\u00fcrze: Zimt, Curry, Kurkuma, Paprika, Muskatnuss, Chili und Pfeffer jeder Art. Ein <strong>komplettes Sortiment<\/strong>, in st\u00e4ndiger Weiterentwicklung.[\/vc_column_text][\/vc_column][vc_column width=&#8221;1\/2&#8243; css=&#8221;.vc_custom_1538407646641{margin-top: 0px !important;margin-right: 0px !important;margin-bottom: 0px !important;margin-left: 0px !important;padding-top: 0px !important;padding-right: 0px !important;padding-bottom: 0px !important;padding-left: 0px !important;background-color: #f8f8f8 !important;background-position: center !important;background-repeat: no-repeat !important;background-size: cover !important;}&#8221;][vc_single_image image=&#8221;5675&#8243; img_size=&#8221;full&#8221; css=&#8221;.vc_custom_1730197756941{margin-top: 0px !important;margin-right: 0px !important;margin-bottom: 0px !important;margin-left: 0px !important;padding-top: 20px !important;padding-right: 20px !important;padding-bottom: 20px !important;padding-left: 0px !important;}&#8221;][\/vc_column][\/vc_row][vc_row equal_height=&#8221;yes&#8221; css=&#8221;.vc_custom_1536592061002{padding-top: 20px !important;padding-bottom: 0px !important;}&#8221;][vc_column width=&#8221;1\/2&#8243; css=&#8221;.vc_custom_1538407715606{margin-top: 0px !important;margin-right: 0px !important;margin-bottom: 0px !important;margin-left: 0px !important;padding-top: 0px !important;padding-right: 0px !important;padding-bottom: 0px !important;padding-left: 0px !important;background-color: #f8f8f8 !important;}&#8221;][vc_single_image image=&#8221;3217&#8243; img_size=&#8221;full&#8221; alignment=&#8221;right&#8221; css=&#8221;.vc_custom_1538409714865{margin-top: 0px !important;margin-right: 0px !important;margin-bottom: 0px !important;margin-left: 0px !important;padding-top: 20px !important;padding-right: 0px !important;padding-bottom: 20px !important;padding-left: 20px !important;}&#8221;][\/vc_column][vc_column width=&#8221;1\/2&#8243; css=&#8221;.vc_custom_1536592074014{margin-top: 0px !important;margin-right: 0px !important;margin-bottom: 0px !important;margin-left: 0px !important;padding-top: 35px !important;padding-right: 0px !important;padding-bottom: 0px !important;padding-left: 0px !important;background-color: #f8f8f8 !important;background-position: center !important;background-repeat: no-repeat !important;background-size: cover !important;}&#8221;][vc_column_text css=&#8221;.vc_custom_1773333771317{margin-top: 0px !important;margin-right: 0px !important;margin-left: 0px !important;padding-top: 0px !important;padding-right: 40px !important;padding-left: 40px !important;}&#8221;]<\/p>\n<h2 class=\"txt-primary\">Serie Macinatric<\/h2>\n<p>Ariosto pr\u00e4sentiert die neue Macinatric-Reihe: Vier Gl\u00e4ser mit <strong>integriertem Mahlwerk<\/strong> f\u00fcr den praktischen Einsatz von Salz und Pfeffer auf dem Tisch mit dem besten Ergebnis in Bezug auf Frische und Geschmack, wie es sein sollte. Das Sortiment umfasst <strong>zwei Salzsorten: Himalaya-Rosa und Jodsalz und zwei Pfeffersorten: den klassischen schwarzen Pfeffer und die \u201eCreola\u201c-Mischung, <\/strong>die aus verschiedenen Qualit\u00e4ten besteht.[\/vc_column_text][\/vc_column][\/vc_row][vc_row equal_height=&#8221;yes&#8221; css=&#8221;.vc_custom_1538409745330{padding-top: 20px !important;padding-bottom: 20px !important;}&#8221;][vc_column width=&#8221;1\/2&#8243; css=&#8221;.vc_custom_1489477418893{margin-right: 0px !important;margin-left: 0px !important;padding-right: 0px !important;padding-left: 0px !important;background-color: #f8f8f8 !important;}&#8221;][vc_column_text css=&#8221;.vc_custom_1543420256708{margin-top: 0px !important;margin-right: 0px !important;margin-left: 0px !important;padding-top: 0px !important;padding-right: 40px !important;padding-left: 40px !important;}&#8221;]<\/p>\n<h2 class=\"txt-primary\">Zafferano Aquila<\/h2>\n<p>Ariosto Zafferano Aquila, ideal f\u00fcr die Zubereitung von <strong>Risottos, Fleisch- und Fischgerichten<\/strong>, wird ausschlie\u00dflich durch Mahlen der Stempel des <strong>Crocus sativus linnoeus<\/strong> (Safran) gewonnen.\u00a0Die <strong>hohe Qualit\u00e4t<\/strong> zeigt sich in der Farbe: intensives Rot, bedingt durch den hohen Crocinanteil. <strong>Crocin<\/strong> ist der ausschlaggebende Faktor bei der Bestimmung der F\u00e4rbekraft von Safran. Die Ernte der Bl\u00fcte, aus der der Safran gewonnen wird, erfolgt im Herbst im Oktober-November, vollst\u00e4ndig von Hand. Um ein Kilogramm Safran zu erhalten, ben\u00f6tigt man etwa 150.000 Bl\u00fcten.<br \/>\nDie Packung Zafferano Aquila besteht aus <strong>3 Beuteln \u00e0 130 mg<\/strong> f\u00fcr insgesamt 390 mg.[\/vc_column_text][\/vc_column][vc_column width=&#8221;1\/2&#8243; css=&#8221;.vc_custom_1538409734305{margin-top: 0px !important;margin-right: 0px !important;margin-bottom: 0px !important;margin-left: 0px !important;padding-top: 20px !important;padding-right: 20px !important;padding-bottom: 20px !important;padding-left: 0px !important;background-color: #f8f8f8 !important;background-position: center !important;background-repeat: no-repeat !important;background-size: cover !important;}&#8221;][vc_single_image image=&#8221;3237&#8243; img_size=&#8221;full&#8221; css=&#8221;.vc_custom_1536762972958{margin-top: 0px !important;margin-right: 0px !important;margin-bottom: 0px !important;margin-left: 0px !important;padding-top: 0px !important;padding-right: 0px !important;padding-bottom: 0px !important;padding-left: 0px !important;}&#8221;][\/vc_column][\/vc_row]<\/p>\n<\/div>","protected":false},"excerpt":{"rendered":"<p>[vc_row equal_height=&#8221;yes&#8221; css=&#8221;.vc_custom_1536676762405{padding-top: 80px !important;}&#8221;][vc_column css=&#8221;.vc_custom_1539182706210{margin-right: 0px !important;margin-left: 0px !important;padding-right: 0px !important;padding-left: 0px !important;background-color: #35793f !important;}&#8221;][vc_column_text css=&#8221;.vc_custom_1773333723643{margin-top: 0px !important;margin-right: 0px !important;margin-left: 0px !important;padding-top: 0px !important;padding-right: 40px !important;padding-left: 40px !important;}&#8221;] Wenn es um den Geschmack geht, ob in der K\u00fcche oder auf dem Tisch, hat jeder seine eigene Meinung. Aber in einem Punkt sind sich alle [&hellip;]<\/p>\n","protected":false},"author":4,"featured_media":0,"parent":4267,"menu_order":0,"comment_status":"closed","ping_status":"closed","template":"","meta":{"footnotes":""},"class_list":["post-4275","page","type-page","status-publish","hentry"],"yoast_head":"<!-- This site is optimized with the Yoast SEO plugin v27.3 - https:\/\/yoast.com\/product\/yoast-seo-wordpress\/ -->\n<title>Fehlt dem Gericht etwas? Wir haben alles, was man brauch - Ariosto S.p.A.<\/title>\n<meta name=\"robots\" content=\"index, follow, max-snippet:-1, max-image-preview:large, max-video-preview:-1\" \/>\n<link rel=\"canonical\" href=\"https:\/\/www.ariosto.it\/de\/produkte\/gewuerz-und-kraeuter\/\" \/>\n<meta property=\"og:locale\" content=\"de_DE\" \/>\n<meta property=\"og:type\" content=\"article\" \/>\n<meta property=\"og:title\" content=\"Fehlt dem Gericht etwas? Wir haben alles, was man brauch - Ariosto S.p.A.\" \/>\n<meta property=\"og:description\" content=\"[vc_row equal_height=&#8221;yes&#8221; css=&#8221;.vc_custom_1536676762405{padding-top: 80px !important;}&#8221;][vc_column css=&#8221;.vc_custom_1539182706210{margin-right: 0px !important;margin-left: 0px !important;padding-right: 0px !important;padding-left: 0px !important;background-color: #35793f !important;}&#8221;][vc_column_text css=&#8221;.vc_custom_1773333723643{margin-top: 0px !important;margin-right: 0px !important;margin-left: 0px !important;padding-top: 0px !important;padding-right: 40px !important;padding-left: 40px !important;}&#8221;] Wenn es um den Geschmack geht, ob in der K\u00fcche oder auf dem Tisch, hat jeder seine eigene Meinung. Aber in einem Punkt sind sich alle [&hellip;]\" \/>\n<meta property=\"og:url\" content=\"https:\/\/www.ariosto.it\/de\/produkte\/gewuerz-und-kraeuter\/\" \/>\n<meta property=\"og:site_name\" content=\"Ariosto S.p.A.\" \/>\n<meta property=\"article:publisher\" content=\"https:\/\/it-it.facebook.com\/ariostospa\/\" \/>\n<meta property=\"article:modified_time\" content=\"2026-03-12T16:42:54+00:00\" \/>\n<meta name=\"twitter:card\" content=\"summary_large_image\" \/>\n<meta name=\"twitter:label1\" content=\"Gesch\u00e4tzte Lesezeit\" \/>\n\t<meta name=\"twitter:data1\" content=\"4\u00a0Minuten\" \/>\n<script type=\"application\/ld+json\" class=\"yoast-schema-graph\">{\"@context\":\"https:\\\/\\\/schema.org\",\"@graph\":[{\"@type\":\"WebPage\",\"@id\":\"https:\\\/\\\/www.ariosto.it\\\/de\\\/produkte\\\/gewuerz-und-kraeuter\\\/\",\"url\":\"https:\\\/\\\/www.ariosto.it\\\/de\\\/produkte\\\/gewuerz-und-kraeuter\\\/\",\"name\":\"Fehlt dem Gericht etwas? Wir haben alles, was man brauch - Ariosto S.p.A.\",\"isPartOf\":{\"@id\":\"https:\\\/\\\/www.ariosto.it\\\/de\\\/#website\"},\"datePublished\":\"2018-11-06T17:05:15+00:00\",\"dateModified\":\"2026-03-12T16:42:54+00:00\",\"breadcrumb\":{\"@id\":\"https:\\\/\\\/www.ariosto.it\\\/de\\\/produkte\\\/gewuerz-und-kraeuter\\\/#breadcrumb\"},\"inLanguage\":\"de\",\"potentialAction\":[{\"@type\":\"ReadAction\",\"target\":[\"https:\\\/\\\/www.ariosto.it\\\/de\\\/produkte\\\/gewuerz-und-kraeuter\\\/\"]}]},{\"@type\":\"BreadcrumbList\",\"@id\":\"https:\\\/\\\/www.ariosto.it\\\/de\\\/produkte\\\/gewuerz-und-kraeuter\\\/#breadcrumb\",\"itemListElement\":[{\"@type\":\"ListItem\",\"position\":1,\"name\":\"Home\",\"item\":\"https:\\\/\\\/www.ariosto.it\\\/de\\\/\"},{\"@type\":\"ListItem\",\"position\":2,\"name\":\"Produkte\",\"item\":\"https:\\\/\\\/www.ariosto.it\\\/de\\\/produkte\\\/\"},{\"@type\":\"ListItem\",\"position\":3,\"name\":\"Gew\u00fcrz und Kr\u00e4uter\"}]},{\"@type\":\"WebSite\",\"@id\":\"https:\\\/\\\/www.ariosto.it\\\/de\\\/#website\",\"url\":\"https:\\\/\\\/www.ariosto.it\\\/de\\\/\",\"name\":\"Ariosto\",\"description\":\"Da oltre 50 anni, fedeli alla nostra natura\",\"publisher\":{\"@id\":\"https:\\\/\\\/www.ariosto.it\\\/de\\\/#organization\"},\"potentialAction\":[{\"@type\":\"SearchAction\",\"target\":{\"@type\":\"EntryPoint\",\"urlTemplate\":\"https:\\\/\\\/www.ariosto.it\\\/de\\\/?s={search_term_string}\"},\"query-input\":{\"@type\":\"PropertyValueSpecification\",\"valueRequired\":true,\"valueName\":\"search_term_string\"}}],\"inLanguage\":\"de\"},{\"@type\":\"Organization\",\"@id\":\"https:\\\/\\\/www.ariosto.it\\\/de\\\/#organization\",\"name\":\"Ariosto spa\",\"url\":\"https:\\\/\\\/www.ariosto.it\\\/de\\\/\",\"logo\":{\"@type\":\"ImageObject\",\"inLanguage\":\"de\",\"@id\":\"https:\\\/\\\/www.ariosto.it\\\/de\\\/#\\\/schema\\\/logo\\\/image\\\/\",\"url\":\"https:\\\/\\\/www.ariosto.it\\\/wp-content\\\/uploads\\\/2018\\\/07\\\/logo-ariosto-color.png\",\"contentUrl\":\"https:\\\/\\\/www.ariosto.it\\\/wp-content\\\/uploads\\\/2018\\\/07\\\/logo-ariosto-color.png\",\"width\":206,\"height\":68,\"caption\":\"Ariosto spa\"},\"image\":{\"@id\":\"https:\\\/\\\/www.ariosto.it\\\/de\\\/#\\\/schema\\\/logo\\\/image\\\/\"},\"sameAs\":[\"https:\\\/\\\/it-it.facebook.com\\\/ariostospa\\\/\",\"https:\\\/\\\/www.youtube.com\\\/user\\\/AriostoAromi\",\"https:\\\/\\\/www.instagram.com\\\/ariosto_spa\\\/\"]}]}<\/script>\n<!-- \/ Yoast SEO plugin. -->","yoast_head_json":{"title":"Fehlt dem Gericht etwas? Wir haben alles, was man brauch - Ariosto S.p.A.","robots":{"index":"index","follow":"follow","max-snippet":"max-snippet:-1","max-image-preview":"max-image-preview:large","max-video-preview":"max-video-preview:-1"},"canonical":"https:\/\/www.ariosto.it\/de\/produkte\/gewuerz-und-kraeuter\/","og_locale":"de_DE","og_type":"article","og_title":"Fehlt dem Gericht etwas? Wir haben alles, was man brauch - Ariosto S.p.A.","og_description":"[vc_row equal_height=&#8221;yes&#8221; css=&#8221;.vc_custom_1536676762405{padding-top: 80px !important;}&#8221;][vc_column css=&#8221;.vc_custom_1539182706210{margin-right: 0px !important;margin-left: 0px !important;padding-right: 0px !important;padding-left: 0px !important;background-color: #35793f !important;}&#8221;][vc_column_text css=&#8221;.vc_custom_1773333723643{margin-top: 0px !important;margin-right: 0px !important;margin-left: 0px !important;padding-top: 0px !important;padding-right: 40px !important;padding-left: 40px !important;}&#8221;] Wenn es um den Geschmack geht, ob in der K\u00fcche oder auf dem Tisch, hat jeder seine eigene Meinung. Aber in einem Punkt sind sich alle [&hellip;]","og_url":"https:\/\/www.ariosto.it\/de\/produkte\/gewuerz-und-kraeuter\/","og_site_name":"Ariosto S.p.A.","article_publisher":"https:\/\/it-it.facebook.com\/ariostospa\/","article_modified_time":"2026-03-12T16:42:54+00:00","twitter_card":"summary_large_image","twitter_misc":{"Gesch\u00e4tzte Lesezeit":"4\u00a0Minuten"},"schema":{"@context":"https:\/\/schema.org","@graph":[{"@type":"WebPage","@id":"https:\/\/www.ariosto.it\/de\/produkte\/gewuerz-und-kraeuter\/","url":"https:\/\/www.ariosto.it\/de\/produkte\/gewuerz-und-kraeuter\/","name":"Fehlt dem Gericht etwas? Wir haben alles, was man brauch - Ariosto S.p.A.","isPartOf":{"@id":"https:\/\/www.ariosto.it\/de\/#website"},"datePublished":"2018-11-06T17:05:15+00:00","dateModified":"2026-03-12T16:42:54+00:00","breadcrumb":{"@id":"https:\/\/www.ariosto.it\/de\/produkte\/gewuerz-und-kraeuter\/#breadcrumb"},"inLanguage":"de","potentialAction":[{"@type":"ReadAction","target":["https:\/\/www.ariosto.it\/de\/produkte\/gewuerz-und-kraeuter\/"]}]},{"@type":"BreadcrumbList","@id":"https:\/\/www.ariosto.it\/de\/produkte\/gewuerz-und-kraeuter\/#breadcrumb","itemListElement":[{"@type":"ListItem","position":1,"name":"Home","item":"https:\/\/www.ariosto.it\/de\/"},{"@type":"ListItem","position":2,"name":"Produkte","item":"https:\/\/www.ariosto.it\/de\/produkte\/"},{"@type":"ListItem","position":3,"name":"Gew\u00fcrz und Kr\u00e4uter"}]},{"@type":"WebSite","@id":"https:\/\/www.ariosto.it\/de\/#website","url":"https:\/\/www.ariosto.it\/de\/","name":"Ariosto","description":"Da oltre 50 anni, fedeli alla nostra natura","publisher":{"@id":"https:\/\/www.ariosto.it\/de\/#organization"},"potentialAction":[{"@type":"SearchAction","target":{"@type":"EntryPoint","urlTemplate":"https:\/\/www.ariosto.it\/de\/?s={search_term_string}"},"query-input":{"@type":"PropertyValueSpecification","valueRequired":true,"valueName":"search_term_string"}}],"inLanguage":"de"},{"@type":"Organization","@id":"https:\/\/www.ariosto.it\/de\/#organization","name":"Ariosto spa","url":"https:\/\/www.ariosto.it\/de\/","logo":{"@type":"ImageObject","inLanguage":"de","@id":"https:\/\/www.ariosto.it\/de\/#\/schema\/logo\/image\/","url":"https:\/\/www.ariosto.it\/wp-content\/uploads\/2018\/07\/logo-ariosto-color.png","contentUrl":"https:\/\/www.ariosto.it\/wp-content\/uploads\/2018\/07\/logo-ariosto-color.png","width":206,"height":68,"caption":"Ariosto spa"},"image":{"@id":"https:\/\/www.ariosto.it\/de\/#\/schema\/logo\/image\/"},"sameAs":["https:\/\/it-it.facebook.com\/ariostospa\/","https:\/\/www.youtube.com\/user\/AriostoAromi","https:\/\/www.instagram.com\/ariosto_spa\/"]}]}},"_links":{"self":[{"href":"https:\/\/www.ariosto.it\/de\/wp-json\/wp\/v2\/pages\/4275","targetHints":{"allow":["GET"]}}],"collection":[{"href":"https:\/\/www.ariosto.it\/de\/wp-json\/wp\/v2\/pages"}],"about":[{"href":"https:\/\/www.ariosto.it\/de\/wp-json\/wp\/v2\/types\/page"}],"author":[{"embeddable":true,"href":"https:\/\/www.ariosto.it\/de\/wp-json\/wp\/v2\/users\/4"}],"replies":[{"embeddable":true,"href":"https:\/\/www.ariosto.it\/de\/wp-json\/wp\/v2\/comments?post=4275"}],"version-history":[{"count":9,"href":"https:\/\/www.ariosto.it\/de\/wp-json\/wp\/v2\/pages\/4275\/revisions"}],"predecessor-version":[{"id":6205,"href":"https:\/\/www.ariosto.it\/de\/wp-json\/wp\/v2\/pages\/4275\/revisions\/6205"}],"up":[{"embeddable":true,"href":"https:\/\/www.ariosto.it\/de\/wp-json\/wp\/v2\/pages\/4267"}],"wp:attachment":[{"href":"https:\/\/www.ariosto.it\/de\/wp-json\/wp\/v2\/media?parent=4275"}],"curies":[{"name":"wp","href":"https:\/\/api.w.org\/{rel}","templated":true}]}}