{"id":4277,"date":"2018-11-06T18:11:16","date_gmt":"2018-11-06T17:11:16","guid":{"rendered":"https:\/\/www.ariosto.it\/produkte-fur-alle-gerichte-und-fur-alle-kuchen\/die-wichtigste-zutat-haufig-die-zeit\/"},"modified":"2026-03-13T17:25:10","modified_gmt":"2026-03-13T16:25:10","slug":"die-hilfe-in-der-kuche","status":"publish","type":"page","link":"https:\/\/www.ariosto.it\/de\/produkte\/die-hilfe-in-der-kuche\/","title":{"rendered":"Die wichtigste Zutat? H\u00e4ufig die Zeit"},"content":{"rendered":"<div class=\"wpb-content-wrapper\"><p>[vc_row equal_height=&#8221;yes&#8221; css=&#8221;.vc_custom_1536676762405{padding-top: 80px !important;}&#8221;][vc_column css=&#8221;.vc_custom_1539182852469{margin-right: 0px !important;margin-left: 0px !important;padding-right: 0px !important;padding-left: 0px !important;background-color: #35793f !important;}&#8221;][vc_column_text css=&#8221;.vc_custom_1539182881083{margin-top: 0px !important;margin-right: 0px !important;margin-left: 0px !important;padding-top: 0px !important;padding-right: 40px !important;padding-left: 40px !important;}&#8221;]<\/p>\n<p style=\"color: #ffffff;\">Ariosto kennt die Bed\u00fcrfnisse der Verbraucher gut. Heute sind wir mehr denn je auf der Suche nach Qualit\u00e4tsprodukten, die aufgrund ihrer Natur und Inspiration auch all jenen Personen eine Hilfe sein k\u00f6nnen, die nicht darauf verzichten m\u00f6chten, gut zu essen, obwohl sie nur wenig Zeit zum Kochen haben.<br \/>\nHier sind die ideale \u201eHilfen\u201c: gepresster Saft sizilianischer Zitronen, Orto in Busta, f\u00fcr ein schnelles und echtes Soffritto; die Linie der Risottos in 5 Varianten, kochfertig; das Conciarrosto, aus der traditionellen K\u00fcche der Emilia.<\/p>\n<p>[\/vc_column_text][\/vc_column][\/vc_row][vc_row equal_height=&#8221;yes&#8221; css=&#8221;.vc_custom_1536679242573{padding-top: 30px !important;}&#8221;][vc_column width=&#8221;1\/2&#8243; css=&#8221;.vc_custom_1489477418893{margin-right: 0px !important;margin-left: 0px !important;padding-right: 0px !important;padding-left: 0px !important;background-color: #f8f8f8 !important;}&#8221;][vc_column_text css=&#8221;.vc_custom_1536766021858{margin-top: 0px !important;margin-right: 0px !important;margin-left: 0px !important;padding-top: 0px !important;padding-right: 40px !important;padding-left: 40px !important;}&#8221;]<\/p>\n<h2 class=\"txt-primary\">Sizilianischer Zitronensaft<\/h2>\n<p>In Bezug auf Geschmack zu Tisch darf der gebrauchsfertige Zitronensaft von Ariosto nicht fehlen. Aus einer sorgf\u00e4ltigen Auswahl <strong>von Zitronen aus Sizilien<\/strong>, einer Region, aus der mehr als 90% der italienischen Zitronen stammen, wird das Konzentrat extrahiert, um einen hochwertigen und langlebigen Saft zu produzieren, wenn er gut aufbewahrt wird.<br \/>\nSizilianischer Zitronensaft von Ariosto ist hervorragend geeignet <strong>zum W\u00fcrzen von Fisch, Salaten, Fleisch oder als durstl\u00f6schendes Getr\u00e4nk<\/strong> und wird in einem 200ml-Kunststofffl\u00e4schchen oder einem 250ml-Glasfl\u00e4schchen angeboten.[\/vc_column_text][\/vc_column][vc_column width=&#8221;1\/2&#8243; css=&#8221;.vc_custom_1538409850876{margin-top: 0px !important;margin-right: 0px !important;margin-bottom: 0px !important;margin-left: 0px !important;padding-top: 20px !important;padding-right: 20px !important;padding-bottom: 20px !important;padding-left: 0px !important;background-color: #f8f8f8 !important;background-position: center !important;background-repeat: no-repeat !important;background-size: cover !important;}&#8221;][vc_single_image image=&#8221;5794&#8243; img_size=&#8221;full&#8221; css=&#8221;.vc_custom_1732806371604{margin-top: 0px !important;margin-right: 0px !important;margin-bottom: 0px !important;margin-left: 0px !important;padding-top: 0px !important;padding-right: 0px !important;padding-bottom: 0px !important;padding-left: 0px !important;}&#8221;][\/vc_column][\/vc_row][vc_row equal_height=&#8221;yes&#8221; css=&#8221;.vc_custom_1536674878307{padding-top: 20px !important;padding-bottom: px !important;}&#8221;][vc_column width=&#8221;1\/2&#8243; css=&#8221;.vc_custom_1538409866368{margin-top: 0px !important;margin-right: 0px !important;margin-bottom: 0px !important;margin-left: 0px !important;padding-top: 20px !important;padding-right: 0px !important;padding-bottom: 20px !important;padding-left: 20px !important;background-color: #f8f8f8 !important;}&#8221;][vc_single_image image=&#8221;3247&#8243; img_size=&#8221;full&#8221; alignment=&#8221;right&#8221; css=&#8221;.vc_custom_1536766362216{margin-top: 0px !important;margin-right: 0px !important;margin-bottom: 0px !important;margin-left: 0px !important;padding-top: 0px !important;padding-right: 0px !important;padding-bottom: 0px !important;padding-left: 0px !important;}&#8221;][\/vc_column][vc_column width=&#8221;1\/2&#8243; css=&#8221;.vc_custom_1536591937840{margin-top: 0px !important;margin-right: 0px !important;margin-bottom: 0px !important;margin-left: 0px !important;padding-top: 35px !important;padding-right: 0px !important;padding-bottom: 0px !important;padding-left: 0px !important;background-color: #f8f8f8 !important;background-position: center !important;background-repeat: no-repeat !important;background-size: cover !important;}&#8221;][vc_column_text css=&#8221;.vc_custom_1543419307586{margin-top: 0px !important;margin-right: 0px !important;margin-left: 0px !important;padding-top: 0px !important;padding-right: 40px !important;padding-left: 40px !important;}&#8221;]<\/p>\n<h2 class=\"txt-primary\">L&#8217;Orto in Busta<\/h2>\n<p>Um ein ausgezeichnetes Soffritto zuzubereiten, hat Ariosto eine schmackhafte Mischung aus Kr\u00e4utern und Gem\u00fcse zusammengestellt, die gebrauchsfertig ist und aus <strong>Karotten, Zwiebeln, Knoblauch, Sellerie, Lauch und Petersilie<\/strong> besteht. Die Inhaltsstoffe werden sorgf\u00e4ltig ausgew\u00e4hlt, dann dehydriert und in einem Beutel versiegelt, um die beste Qualit\u00e4t zu erhalten. Orto in Busta ist die grundlegende Ressource f\u00fcr die Zubereitung von <strong>Soffritti<\/strong> f\u00fcr Suppen, Saucen und Eint\u00f6pfe. Es ist sofort gebrauchsfertig: Mit etwas lauwarmem Wasser oder Wein nimmt die Zubereitung wieder die Aromen der frischen Produkte aus dem Gem\u00fcsegarten auf.<\/p>\n<p><em><strong>Inhaltsstoffe<\/strong><\/em><strong>:<\/strong> Karotte, Zwiebel, Knoblauch, Lauch, Sellerie und Petersilie.[\/vc_column_text][\/vc_column][\/vc_row]<\/p>\n<\/div>","protected":false},"excerpt":{"rendered":"<p>[vc_row equal_height=&#8221;yes&#8221; css=&#8221;.vc_custom_1536676762405{padding-top: 80px !important;}&#8221;][vc_column css=&#8221;.vc_custom_1539182852469{margin-right: 0px !important;margin-left: 0px !important;padding-right: 0px !important;padding-left: 0px !important;background-color: #35793f !important;}&#8221;][vc_column_text css=&#8221;.vc_custom_1539182881083{margin-top: 0px !important;margin-right: 0px !important;margin-left: 0px !important;padding-top: 0px !important;padding-right: 40px !important;padding-left: 40px !important;}&#8221;] Ariosto kennt die Bed\u00fcrfnisse der Verbraucher gut. Heute sind wir mehr denn je auf der Suche nach Qualit\u00e4tsprodukten, die aufgrund ihrer Natur und Inspiration auch all [&hellip;]<\/p>\n","protected":false},"author":4,"featured_media":0,"parent":4267,"menu_order":0,"comment_status":"closed","ping_status":"closed","template":"","meta":{"footnotes":""},"class_list":["post-4277","page","type-page","status-publish","hentry"],"yoast_head":"<!-- This site is optimized with the Yoast SEO plugin v27.3 - https:\/\/yoast.com\/product\/yoast-seo-wordpress\/ -->\n<title>Die wichtigste Zutat? H\u00e4ufig die Zeit - Ariosto S.p.A.<\/title>\n<meta name=\"robots\" content=\"index, follow, max-snippet:-1, max-image-preview:large, max-video-preview:-1\" \/>\n<link rel=\"canonical\" href=\"https:\/\/www.ariosto.it\/de\/produkte\/die-hilfe-in-der-kuche\/\" \/>\n<meta property=\"og:locale\" content=\"de_DE\" \/>\n<meta property=\"og:type\" content=\"article\" \/>\n<meta property=\"og:title\" content=\"Die wichtigste Zutat? H\u00e4ufig die Zeit - Ariosto S.p.A.\" \/>\n<meta property=\"og:description\" content=\"[vc_row equal_height=&#8221;yes&#8221; css=&#8221;.vc_custom_1536676762405{padding-top: 80px !important;}&#8221;][vc_column css=&#8221;.vc_custom_1539182852469{margin-right: 0px !important;margin-left: 0px !important;padding-right: 0px !important;padding-left: 0px !important;background-color: #35793f !important;}&#8221;][vc_column_text css=&#8221;.vc_custom_1539182881083{margin-top: 0px !important;margin-right: 0px !important;margin-left: 0px !important;padding-top: 0px !important;padding-right: 40px !important;padding-left: 40px !important;}&#8221;] Ariosto kennt die Bed\u00fcrfnisse der Verbraucher gut. Heute sind wir mehr denn je auf der Suche nach Qualit\u00e4tsprodukten, die aufgrund ihrer Natur und Inspiration auch all [&hellip;]\" \/>\n<meta property=\"og:url\" content=\"https:\/\/www.ariosto.it\/de\/produkte\/die-hilfe-in-der-kuche\/\" \/>\n<meta property=\"og:site_name\" content=\"Ariosto S.p.A.\" \/>\n<meta property=\"article:publisher\" content=\"https:\/\/it-it.facebook.com\/ariostospa\/\" \/>\n<meta property=\"article:modified_time\" content=\"2026-03-13T16:25:10+00:00\" \/>\n<meta name=\"twitter:card\" content=\"summary_large_image\" \/>\n<meta name=\"twitter:label1\" content=\"Gesch\u00e4tzte Lesezeit\" \/>\n\t<meta name=\"twitter:data1\" content=\"5\u00a0Minuten\" \/>\n<script type=\"application\/ld+json\" class=\"yoast-schema-graph\">{\"@context\":\"https:\\\/\\\/schema.org\",\"@graph\":[{\"@type\":\"WebPage\",\"@id\":\"https:\\\/\\\/www.ariosto.it\\\/de\\\/produkte\\\/die-hilfe-in-der-kuche\\\/\",\"url\":\"https:\\\/\\\/www.ariosto.it\\\/de\\\/produkte\\\/die-hilfe-in-der-kuche\\\/\",\"name\":\"Die wichtigste Zutat? H\u00e4ufig die Zeit - Ariosto S.p.A.\",\"isPartOf\":{\"@id\":\"https:\\\/\\\/www.ariosto.it\\\/de\\\/#website\"},\"datePublished\":\"2018-11-06T17:11:16+00:00\",\"dateModified\":\"2026-03-13T16:25:10+00:00\",\"breadcrumb\":{\"@id\":\"https:\\\/\\\/www.ariosto.it\\\/de\\\/produkte\\\/die-hilfe-in-der-kuche\\\/#breadcrumb\"},\"inLanguage\":\"de\",\"potentialAction\":[{\"@type\":\"ReadAction\",\"target\":[\"https:\\\/\\\/www.ariosto.it\\\/de\\\/produkte\\\/die-hilfe-in-der-kuche\\\/\"]}]},{\"@type\":\"BreadcrumbList\",\"@id\":\"https:\\\/\\\/www.ariosto.it\\\/de\\\/produkte\\\/die-hilfe-in-der-kuche\\\/#breadcrumb\",\"itemListElement\":[{\"@type\":\"ListItem\",\"position\":1,\"name\":\"Home\",\"item\":\"https:\\\/\\\/www.ariosto.it\\\/de\\\/\"},{\"@type\":\"ListItem\",\"position\":2,\"name\":\"Produkte\",\"item\":\"https:\\\/\\\/www.ariosto.it\\\/de\\\/produkte\\\/\"},{\"@type\":\"ListItem\",\"position\":3,\"name\":\"Hilfe in der Kuche\"}]},{\"@type\":\"WebSite\",\"@id\":\"https:\\\/\\\/www.ariosto.it\\\/de\\\/#website\",\"url\":\"https:\\\/\\\/www.ariosto.it\\\/de\\\/\",\"name\":\"Ariosto\",\"description\":\"Da oltre 50 anni, fedeli alla nostra natura\",\"publisher\":{\"@id\":\"https:\\\/\\\/www.ariosto.it\\\/de\\\/#organization\"},\"potentialAction\":[{\"@type\":\"SearchAction\",\"target\":{\"@type\":\"EntryPoint\",\"urlTemplate\":\"https:\\\/\\\/www.ariosto.it\\\/de\\\/?s={search_term_string}\"},\"query-input\":{\"@type\":\"PropertyValueSpecification\",\"valueRequired\":true,\"valueName\":\"search_term_string\"}}],\"inLanguage\":\"de\"},{\"@type\":\"Organization\",\"@id\":\"https:\\\/\\\/www.ariosto.it\\\/de\\\/#organization\",\"name\":\"Ariosto spa\",\"url\":\"https:\\\/\\\/www.ariosto.it\\\/de\\\/\",\"logo\":{\"@type\":\"ImageObject\",\"inLanguage\":\"de\",\"@id\":\"https:\\\/\\\/www.ariosto.it\\\/de\\\/#\\\/schema\\\/logo\\\/image\\\/\",\"url\":\"https:\\\/\\\/www.ariosto.it\\\/wp-content\\\/uploads\\\/2018\\\/07\\\/logo-ariosto-color.png\",\"contentUrl\":\"https:\\\/\\\/www.ariosto.it\\\/wp-content\\\/uploads\\\/2018\\\/07\\\/logo-ariosto-color.png\",\"width\":206,\"height\":68,\"caption\":\"Ariosto spa\"},\"image\":{\"@id\":\"https:\\\/\\\/www.ariosto.it\\\/de\\\/#\\\/schema\\\/logo\\\/image\\\/\"},\"sameAs\":[\"https:\\\/\\\/it-it.facebook.com\\\/ariostospa\\\/\",\"https:\\\/\\\/www.youtube.com\\\/user\\\/AriostoAromi\",\"https:\\\/\\\/www.instagram.com\\\/ariosto_spa\\\/\"]}]}<\/script>\n<!-- \/ Yoast SEO plugin. -->","yoast_head_json":{"title":"Die wichtigste Zutat? H\u00e4ufig die Zeit - Ariosto S.p.A.","robots":{"index":"index","follow":"follow","max-snippet":"max-snippet:-1","max-image-preview":"max-image-preview:large","max-video-preview":"max-video-preview:-1"},"canonical":"https:\/\/www.ariosto.it\/de\/produkte\/die-hilfe-in-der-kuche\/","og_locale":"de_DE","og_type":"article","og_title":"Die wichtigste Zutat? H\u00e4ufig die Zeit - Ariosto S.p.A.","og_description":"[vc_row equal_height=&#8221;yes&#8221; css=&#8221;.vc_custom_1536676762405{padding-top: 80px !important;}&#8221;][vc_column css=&#8221;.vc_custom_1539182852469{margin-right: 0px !important;margin-left: 0px !important;padding-right: 0px !important;padding-left: 0px !important;background-color: #35793f !important;}&#8221;][vc_column_text css=&#8221;.vc_custom_1539182881083{margin-top: 0px !important;margin-right: 0px !important;margin-left: 0px !important;padding-top: 0px !important;padding-right: 40px !important;padding-left: 40px !important;}&#8221;] Ariosto kennt die Bed\u00fcrfnisse der Verbraucher gut. Heute sind wir mehr denn je auf der Suche nach Qualit\u00e4tsprodukten, die aufgrund ihrer Natur und Inspiration auch all [&hellip;]","og_url":"https:\/\/www.ariosto.it\/de\/produkte\/die-hilfe-in-der-kuche\/","og_site_name":"Ariosto S.p.A.","article_publisher":"https:\/\/it-it.facebook.com\/ariostospa\/","article_modified_time":"2026-03-13T16:25:10+00:00","twitter_card":"summary_large_image","twitter_misc":{"Gesch\u00e4tzte Lesezeit":"5\u00a0Minuten"},"schema":{"@context":"https:\/\/schema.org","@graph":[{"@type":"WebPage","@id":"https:\/\/www.ariosto.it\/de\/produkte\/die-hilfe-in-der-kuche\/","url":"https:\/\/www.ariosto.it\/de\/produkte\/die-hilfe-in-der-kuche\/","name":"Die wichtigste Zutat? H\u00e4ufig die Zeit - Ariosto S.p.A.","isPartOf":{"@id":"https:\/\/www.ariosto.it\/de\/#website"},"datePublished":"2018-11-06T17:11:16+00:00","dateModified":"2026-03-13T16:25:10+00:00","breadcrumb":{"@id":"https:\/\/www.ariosto.it\/de\/produkte\/die-hilfe-in-der-kuche\/#breadcrumb"},"inLanguage":"de","potentialAction":[{"@type":"ReadAction","target":["https:\/\/www.ariosto.it\/de\/produkte\/die-hilfe-in-der-kuche\/"]}]},{"@type":"BreadcrumbList","@id":"https:\/\/www.ariosto.it\/de\/produkte\/die-hilfe-in-der-kuche\/#breadcrumb","itemListElement":[{"@type":"ListItem","position":1,"name":"Home","item":"https:\/\/www.ariosto.it\/de\/"},{"@type":"ListItem","position":2,"name":"Produkte","item":"https:\/\/www.ariosto.it\/de\/produkte\/"},{"@type":"ListItem","position":3,"name":"Hilfe in der Kuche"}]},{"@type":"WebSite","@id":"https:\/\/www.ariosto.it\/de\/#website","url":"https:\/\/www.ariosto.it\/de\/","name":"Ariosto","description":"Da oltre 50 anni, fedeli alla nostra natura","publisher":{"@id":"https:\/\/www.ariosto.it\/de\/#organization"},"potentialAction":[{"@type":"SearchAction","target":{"@type":"EntryPoint","urlTemplate":"https:\/\/www.ariosto.it\/de\/?s={search_term_string}"},"query-input":{"@type":"PropertyValueSpecification","valueRequired":true,"valueName":"search_term_string"}}],"inLanguage":"de"},{"@type":"Organization","@id":"https:\/\/www.ariosto.it\/de\/#organization","name":"Ariosto spa","url":"https:\/\/www.ariosto.it\/de\/","logo":{"@type":"ImageObject","inLanguage":"de","@id":"https:\/\/www.ariosto.it\/de\/#\/schema\/logo\/image\/","url":"https:\/\/www.ariosto.it\/wp-content\/uploads\/2018\/07\/logo-ariosto-color.png","contentUrl":"https:\/\/www.ariosto.it\/wp-content\/uploads\/2018\/07\/logo-ariosto-color.png","width":206,"height":68,"caption":"Ariosto spa"},"image":{"@id":"https:\/\/www.ariosto.it\/de\/#\/schema\/logo\/image\/"},"sameAs":["https:\/\/it-it.facebook.com\/ariostospa\/","https:\/\/www.youtube.com\/user\/AriostoAromi","https:\/\/www.instagram.com\/ariosto_spa\/"]}]}},"_links":{"self":[{"href":"https:\/\/www.ariosto.it\/de\/wp-json\/wp\/v2\/pages\/4277","targetHints":{"allow":["GET"]}}],"collection":[{"href":"https:\/\/www.ariosto.it\/de\/wp-json\/wp\/v2\/pages"}],"about":[{"href":"https:\/\/www.ariosto.it\/de\/wp-json\/wp\/v2\/types\/page"}],"author":[{"embeddable":true,"href":"https:\/\/www.ariosto.it\/de\/wp-json\/wp\/v2\/users\/4"}],"replies":[{"embeddable":true,"href":"https:\/\/www.ariosto.it\/de\/wp-json\/wp\/v2\/comments?post=4277"}],"version-history":[{"count":8,"href":"https:\/\/www.ariosto.it\/de\/wp-json\/wp\/v2\/pages\/4277\/revisions"}],"predecessor-version":[{"id":6227,"href":"https:\/\/www.ariosto.it\/de\/wp-json\/wp\/v2\/pages\/4277\/revisions\/6227"}],"up":[{"embeddable":true,"href":"https:\/\/www.ariosto.it\/de\/wp-json\/wp\/v2\/pages\/4267"}],"wp:attachment":[{"href":"https:\/\/www.ariosto.it\/de\/wp-json\/wp\/v2\/media?parent=4277"}],"curies":[{"name":"wp","href":"https:\/\/api.w.org\/{rel}","templated":true}]}}