{"id":4279,"date":"2018-11-07T15:17:06","date_gmt":"2018-11-07T14:17:06","guid":{"rendered":"https:\/\/www.ariosto.it\/produkte-fur-alle-gerichte-und-fur-alle-kuchen\/wir-sind-freunde-von-ol-aber-nur-von-gutem\/"},"modified":"2021-01-12T17:48:06","modified_gmt":"2021-01-12T16:48:06","slug":"zum-panieren","status":"publish","type":"page","link":"https:\/\/www.ariosto.it\/de\/produkte\/zum-panieren\/","title":{"rendered":"Wir sind Freunde von \u00d6l. Aber nur von gutem"},"content":{"rendered":"<div class=\"wpb-content-wrapper\"><p>[vc_row equal_height=&#8221;yes&#8221; css=&#8221;.vc_custom_1536676762405{padding-top: 80px !important;}&#8221;][vc_column css=&#8221;.vc_custom_1539182543869{margin-right: 0px !important;margin-left: 0px !important;padding-right: 0px !important;padding-left: 0px !important;background-color: #35793f !important;}&#8221;][vc_column_text css=&#8221;.vc_custom_1589820381472{margin-top: 0px !important;margin-right: 0px !important;margin-left: 0px !important;padding-top: 0px !important;padding-right: 40px !important;padding-left: 40px !important;}&#8221;]<\/p>\n<p style=\"color: #ffffff;\">Das Ariosto-Erlebnis findet man auch in der Pfanne, wenn das Rezept frittierte Speisen beinhaltet. Die Qualit\u00e4t des Frittierguts h\u00e4ngt nicht nur von der Zubereitung, sondern auch von den Zutaten ab. Das wissen wir genau. Aus diesem Grund hat Ariosto f\u00fcr ein ausgezeichnetes Mail\u00e4nder Schnitzel, H\u00e4hnchenschenkel, Ascoli-Oliven oder mehr Impan entwickelt, die beste Hilfe f\u00fcr jeden Koch. Die Panade mit Impan ist schnell und einfach. Denn zusammen mit einem guten \u00d6l ben\u00f6tigt man gute Semmelbr\u00f6sel, Eier und ausgew\u00e4hltes Mehl. Einfache und unverf\u00e4lschte Zutaten, wie in der besten italienischen Tradition.<\/p>\n<p>[\/vc_column_text][\/vc_column][\/vc_row][vc_row equal_height=&#8221;yes&#8221; css=&#8221;.vc_custom_1589820665891{padding-top: 30px !important;padding-bottom: 20px !important;}&#8221;][vc_column width=&#8221;1\/2&#8243; css=&#8221;.vc_custom_1489477418893{margin-right: 0px !important;margin-left: 0px !important;padding-right: 0px !important;padding-left: 0px !important;background-color: #f8f8f8 !important;}&#8221;][vc_column_text css=&#8221;.vc_custom_1538404664836{margin-top: 0px !important;margin-right: 0px !important;margin-left: 0px !important;padding-top: 0px !important;padding-right: 40px !important;padding-left: 40px !important;}&#8221;]<\/p>\n<h2 class=\"txt-primary\">IMPAN Fertigpanade Ariosto<\/h2>\n<p>Die Ariosto-Fertigpanade mit Ei erm\u00f6glicht es, goldfarbene, <strong>leichte und bek\u00f6mmliche frittierte Speisen zu erhalten.<\/strong> Sie eignet sich hervorragend f\u00fcr das klassische panierte Schnitzel und ist ideal f\u00fcr Fischfilets und paniertes Gem\u00fcse. Sie wird von Gastronomen auch f\u00fcr Arancini, gratinierte Muscheln, H\u00fchnerkotelett, Valdostana, Mozzarella in Carrozza und die klassische panierte Scholle verwendet. Sie ist gebrauchsfertig und auch einfach im Backofen zu verwenden, <strong>absorbiert wenig \u00d6l<\/strong> und enth\u00e4lt keine Konservierungsstoffe.<\/p>\n<p><em><strong>Inhaltsstoffe:<\/strong><\/em> Semmelbr\u00f6sel, Eierpulver (8%), Aromen[\/vc_column_text][\/vc_column][vc_column width=&#8221;1\/2&#8243; css=&#8221;.vc_custom_1538409505369{margin-top: 0px !important;margin-right: 0px !important;margin-bottom: 0px !important;margin-left: 0px !important;padding-top: 20px !important;padding-right: 20px !important;padding-bottom: 20px !important;padding-left: 0px !important;background-color: #f8f8f8 !important;background-position: center !important;background-repeat: no-repeat !important;background-size: cover !important;}&#8221;][vc_single_image image=&#8221;4793&#8243; img_size=&#8221;full&#8221; css=&#8221;.vc_custom_1586961163074{margin-top: 0px !important;margin-right: 0px !important;margin-bottom: 0px !important;margin-left: 0px !important;padding-top: 0px !important;padding-right: 0px !important;padding-bottom: 0px !important;padding-left: 0px !important;}&#8221;][\/vc_column][\/vc_row][vc_row equal_height=&#8221;yes&#8221; disable_element=&#8221;yes&#8221; css=&#8221;.vc_custom_1589820396064{padding-top: 20px !important;padding-bottom: 20px !important;}&#8221;][vc_column width=&#8221;1\/2&#8243; css=&#8221;.vc_custom_1538409517219{margin-top: 0px !important;margin-right: 0px !important;margin-bottom: 0px !important;margin-left: 0px !important;padding-top: 20px !important;padding-right: 0px !important;padding-bottom: 20px !important;padding-left: 20px !important;background-color: #f8f8f8 !important;}&#8221;][vc_single_image image=&#8221;3212&#8243; img_size=&#8221;full&#8221; alignment=&#8221;right&#8221; css=&#8221;.vc_custom_1536761919552{margin-top: 0px !important;margin-right: 0px !important;margin-bottom: 0px !important;margin-left: 0px !important;padding-top: 0px !important;padding-right: 0px !important;padding-bottom: 0px !important;padding-left: 0px !important;}&#8221;][\/vc_column][vc_column width=&#8221;1\/2&#8243; css=&#8221;.vc_custom_1536591937840{margin-top: 0px !important;margin-right: 0px !important;margin-bottom: 0px !important;margin-left: 0px !important;padding-top: 35px !important;padding-right: 0px !important;padding-bottom: 0px !important;padding-left: 0px !important;background-color: #f8f8f8 !important;background-position: center !important;background-repeat: no-repeat !important;background-size: cover !important;}&#8221;][vc_column_text css=&#8221;.vc_custom_1538404695853{margin-top: 0px !important;margin-right: 0px !important;margin-left: 0px !important;padding-top: 0px !important;padding-right: 40px !important;padding-left: 40px !important;}&#8221;]<\/p>\n<h2 class=\"txt-primary\">PASTELLA f\u00fcr frittierte Speisen Ariosto<\/h2>\n<p>Wenn es um knusprige und leichte frittierte Speisen geht, ist Ariosto-Pastella die ideale Hilfe f\u00fcr jeden Koch. Sie ist gebrauchsfertig und einfach zu verarbeiten und eignet sich hervorragend f\u00fcr Fisch (Garnelen, Tintenfisch, Stockfisch, Kabeljau, Sardellen, Fischb\u00e4llchen) und alle <strong>Arten von Gem\u00fcse<\/strong> (Blumenkohl, Disteln, Borretsch, Zucchini, Auberginen), frittierte Artischocken und K\u00fcrbisbl\u00fcten. Und nicht zu vergessen die Gerichte mit<strong> hellem oder dunklem Fleisch,<\/strong> z.B. Brath\u00e4hnchen.<\/p>\n<p><em><strong>Inhaltsstoffe:<\/strong><\/em> Weizenmehl, Maisst\u00e4rke, Maismehl, Salz.[\/vc_column_text][vc_column_text css=&#8221;.vc_custom_1543936398652{padding-right: 40px !important;}&#8221;]<\/p>\n<p style=\"text-align: right;\"><a class=\"ghost-color-btn\" href=\"https:\/\/www.ariosto.it\/en\/products-for-every-meal-table-and-for-every-kitchen\/ariosto-seasonings-the-bestselling-in-italy\/\"> Pdf herunterladen<\/a><\/p>\n<p>[\/vc_column_text][\/vc_column][\/vc_row]<\/p>\n<\/div>","protected":false},"excerpt":{"rendered":"<p>[vc_row equal_height=&#8221;yes&#8221; css=&#8221;.vc_custom_1536676762405{padding-top: 80px !important;}&#8221;][vc_column css=&#8221;.vc_custom_1539182543869{margin-right: 0px !important;margin-left: 0px !important;padding-right: 0px !important;padding-left: 0px !important;background-color: #35793f !important;}&#8221;][vc_column_text css=&#8221;.vc_custom_1589820381472{margin-top: 0px !important;margin-right: 0px !important;margin-left: 0px !important;padding-top: 0px !important;padding-right: 40px !important;padding-left: 40px !important;}&#8221;] Das Ariosto-Erlebnis findet man auch in der Pfanne, wenn das Rezept frittierte Speisen beinhaltet. Die Qualit\u00e4t des Frittierguts h\u00e4ngt nicht nur von der Zubereitung, sondern auch [&hellip;]<\/p>\n","protected":false},"author":4,"featured_media":0,"parent":4267,"menu_order":0,"comment_status":"closed","ping_status":"closed","template":"","meta":{"footnotes":""},"class_list":["post-4279","page","type-page","status-publish","hentry"],"yoast_head":"<!-- This site is optimized with the Yoast SEO plugin v27.5 - https:\/\/yoast.com\/product\/yoast-seo-wordpress\/ -->\n<title>Wir sind Freunde von \u00d6l. Aber nur von gutem - Ariosto S.p.A.<\/title>\n<meta name=\"robots\" content=\"index, follow, max-snippet:-1, max-image-preview:large, max-video-preview:-1\" \/>\n<link rel=\"canonical\" href=\"https:\/\/www.ariosto.it\/de\/produkte\/zum-panieren\/\" \/>\n<meta property=\"og:locale\" content=\"de_DE\" \/>\n<meta property=\"og:type\" content=\"article\" \/>\n<meta property=\"og:title\" content=\"Wir sind Freunde von \u00d6l. Aber nur von gutem - Ariosto S.p.A.\" \/>\n<meta property=\"og:description\" content=\"[vc_row equal_height=&#8221;yes&#8221; css=&#8221;.vc_custom_1536676762405{padding-top: 80px !important;}&#8221;][vc_column css=&#8221;.vc_custom_1539182543869{margin-right: 0px !important;margin-left: 0px !important;padding-right: 0px !important;padding-left: 0px !important;background-color: #35793f !important;}&#8221;][vc_column_text css=&#8221;.vc_custom_1589820381472{margin-top: 0px !important;margin-right: 0px !important;margin-left: 0px !important;padding-top: 0px !important;padding-right: 40px !important;padding-left: 40px !important;}&#8221;] Das Ariosto-Erlebnis findet man auch in der Pfanne, wenn das Rezept frittierte Speisen beinhaltet. Die Qualit\u00e4t des Frittierguts h\u00e4ngt nicht nur von der Zubereitung, sondern auch [&hellip;]\" \/>\n<meta property=\"og:url\" content=\"https:\/\/www.ariosto.it\/de\/produkte\/zum-panieren\/\" \/>\n<meta property=\"og:site_name\" content=\"Ariosto S.p.A.\" \/>\n<meta property=\"article:publisher\" content=\"https:\/\/it-it.facebook.com\/ariostospa\/\" \/>\n<meta property=\"article:modified_time\" content=\"2021-01-12T16:48:06+00:00\" \/>\n<meta name=\"twitter:card\" content=\"summary_large_image\" \/>\n<meta name=\"twitter:label1\" content=\"Gesch\u00e4tzte Lesezeit\" \/>\n\t<meta name=\"twitter:data1\" content=\"3\u00a0Minuten\" \/>\n<script type=\"application\/ld+json\" class=\"yoast-schema-graph\">{\"@context\":\"https:\\\/\\\/schema.org\",\"@graph\":[{\"@type\":\"WebPage\",\"@id\":\"https:\\\/\\\/www.ariosto.it\\\/de\\\/produkte\\\/zum-panieren\\\/\",\"url\":\"https:\\\/\\\/www.ariosto.it\\\/de\\\/produkte\\\/zum-panieren\\\/\",\"name\":\"Wir sind Freunde von \u00d6l. Aber nur von gutem - Ariosto S.p.A.\",\"isPartOf\":{\"@id\":\"https:\\\/\\\/www.ariosto.it\\\/de\\\/#website\"},\"datePublished\":\"2018-11-07T14:17:06+00:00\",\"dateModified\":\"2021-01-12T16:48:06+00:00\",\"breadcrumb\":{\"@id\":\"https:\\\/\\\/www.ariosto.it\\\/de\\\/produkte\\\/zum-panieren\\\/#breadcrumb\"},\"inLanguage\":\"de\",\"potentialAction\":[{\"@type\":\"ReadAction\",\"target\":[\"https:\\\/\\\/www.ariosto.it\\\/de\\\/produkte\\\/zum-panieren\\\/\"]}]},{\"@type\":\"BreadcrumbList\",\"@id\":\"https:\\\/\\\/www.ariosto.it\\\/de\\\/produkte\\\/zum-panieren\\\/#breadcrumb\",\"itemListElement\":[{\"@type\":\"ListItem\",\"position\":1,\"name\":\"Home\",\"item\":\"https:\\\/\\\/www.ariosto.it\\\/de\\\/\"},{\"@type\":\"ListItem\",\"position\":2,\"name\":\"Produkte\",\"item\":\"https:\\\/\\\/www.ariosto.it\\\/de\\\/produkte\\\/\"},{\"@type\":\"ListItem\",\"position\":3,\"name\":\"Zum panieren\"}]},{\"@type\":\"WebSite\",\"@id\":\"https:\\\/\\\/www.ariosto.it\\\/de\\\/#website\",\"url\":\"https:\\\/\\\/www.ariosto.it\\\/de\\\/\",\"name\":\"Ariosto\",\"description\":\"Da oltre 50 anni, fedeli alla nostra natura\",\"publisher\":{\"@id\":\"https:\\\/\\\/www.ariosto.it\\\/de\\\/#organization\"},\"potentialAction\":[{\"@type\":\"SearchAction\",\"target\":{\"@type\":\"EntryPoint\",\"urlTemplate\":\"https:\\\/\\\/www.ariosto.it\\\/de\\\/?s={search_term_string}\"},\"query-input\":{\"@type\":\"PropertyValueSpecification\",\"valueRequired\":true,\"valueName\":\"search_term_string\"}}],\"inLanguage\":\"de\"},{\"@type\":\"Organization\",\"@id\":\"https:\\\/\\\/www.ariosto.it\\\/de\\\/#organization\",\"name\":\"Ariosto spa\",\"url\":\"https:\\\/\\\/www.ariosto.it\\\/de\\\/\",\"logo\":{\"@type\":\"ImageObject\",\"inLanguage\":\"de\",\"@id\":\"https:\\\/\\\/www.ariosto.it\\\/de\\\/#\\\/schema\\\/logo\\\/image\\\/\",\"url\":\"https:\\\/\\\/www.ariosto.it\\\/wp-content\\\/uploads\\\/2018\\\/07\\\/logo-ariosto-color.png\",\"contentUrl\":\"https:\\\/\\\/www.ariosto.it\\\/wp-content\\\/uploads\\\/2018\\\/07\\\/logo-ariosto-color.png\",\"width\":206,\"height\":68,\"caption\":\"Ariosto spa\"},\"image\":{\"@id\":\"https:\\\/\\\/www.ariosto.it\\\/de\\\/#\\\/schema\\\/logo\\\/image\\\/\"},\"sameAs\":[\"https:\\\/\\\/it-it.facebook.com\\\/ariostospa\\\/\",\"https:\\\/\\\/www.youtube.com\\\/user\\\/AriostoAromi\",\"https:\\\/\\\/www.instagram.com\\\/ariosto_spa\\\/\"]}]}<\/script>\n<!-- \/ Yoast SEO plugin. -->","yoast_head_json":{"title":"Wir sind Freunde von \u00d6l. Aber nur von gutem - Ariosto S.p.A.","robots":{"index":"index","follow":"follow","max-snippet":"max-snippet:-1","max-image-preview":"max-image-preview:large","max-video-preview":"max-video-preview:-1"},"canonical":"https:\/\/www.ariosto.it\/de\/produkte\/zum-panieren\/","og_locale":"de_DE","og_type":"article","og_title":"Wir sind Freunde von \u00d6l. Aber nur von gutem - Ariosto S.p.A.","og_description":"[vc_row equal_height=&#8221;yes&#8221; css=&#8221;.vc_custom_1536676762405{padding-top: 80px !important;}&#8221;][vc_column css=&#8221;.vc_custom_1539182543869{margin-right: 0px !important;margin-left: 0px !important;padding-right: 0px !important;padding-left: 0px !important;background-color: #35793f !important;}&#8221;][vc_column_text css=&#8221;.vc_custom_1589820381472{margin-top: 0px !important;margin-right: 0px !important;margin-left: 0px !important;padding-top: 0px !important;padding-right: 40px !important;padding-left: 40px !important;}&#8221;] Das Ariosto-Erlebnis findet man auch in der Pfanne, wenn das Rezept frittierte Speisen beinhaltet. Die Qualit\u00e4t des Frittierguts h\u00e4ngt nicht nur von der Zubereitung, sondern auch [&hellip;]","og_url":"https:\/\/www.ariosto.it\/de\/produkte\/zum-panieren\/","og_site_name":"Ariosto S.p.A.","article_publisher":"https:\/\/it-it.facebook.com\/ariostospa\/","article_modified_time":"2021-01-12T16:48:06+00:00","twitter_card":"summary_large_image","twitter_misc":{"Gesch\u00e4tzte Lesezeit":"3\u00a0Minuten"},"schema":{"@context":"https:\/\/schema.org","@graph":[{"@type":"WebPage","@id":"https:\/\/www.ariosto.it\/de\/produkte\/zum-panieren\/","url":"https:\/\/www.ariosto.it\/de\/produkte\/zum-panieren\/","name":"Wir sind Freunde von \u00d6l. Aber nur von gutem - Ariosto S.p.A.","isPartOf":{"@id":"https:\/\/www.ariosto.it\/de\/#website"},"datePublished":"2018-11-07T14:17:06+00:00","dateModified":"2021-01-12T16:48:06+00:00","breadcrumb":{"@id":"https:\/\/www.ariosto.it\/de\/produkte\/zum-panieren\/#breadcrumb"},"inLanguage":"de","potentialAction":[{"@type":"ReadAction","target":["https:\/\/www.ariosto.it\/de\/produkte\/zum-panieren\/"]}]},{"@type":"BreadcrumbList","@id":"https:\/\/www.ariosto.it\/de\/produkte\/zum-panieren\/#breadcrumb","itemListElement":[{"@type":"ListItem","position":1,"name":"Home","item":"https:\/\/www.ariosto.it\/de\/"},{"@type":"ListItem","position":2,"name":"Produkte","item":"https:\/\/www.ariosto.it\/de\/produkte\/"},{"@type":"ListItem","position":3,"name":"Zum panieren"}]},{"@type":"WebSite","@id":"https:\/\/www.ariosto.it\/de\/#website","url":"https:\/\/www.ariosto.it\/de\/","name":"Ariosto","description":"Da oltre 50 anni, fedeli alla nostra natura","publisher":{"@id":"https:\/\/www.ariosto.it\/de\/#organization"},"potentialAction":[{"@type":"SearchAction","target":{"@type":"EntryPoint","urlTemplate":"https:\/\/www.ariosto.it\/de\/?s={search_term_string}"},"query-input":{"@type":"PropertyValueSpecification","valueRequired":true,"valueName":"search_term_string"}}],"inLanguage":"de"},{"@type":"Organization","@id":"https:\/\/www.ariosto.it\/de\/#organization","name":"Ariosto spa","url":"https:\/\/www.ariosto.it\/de\/","logo":{"@type":"ImageObject","inLanguage":"de","@id":"https:\/\/www.ariosto.it\/de\/#\/schema\/logo\/image\/","url":"https:\/\/www.ariosto.it\/wp-content\/uploads\/2018\/07\/logo-ariosto-color.png","contentUrl":"https:\/\/www.ariosto.it\/wp-content\/uploads\/2018\/07\/logo-ariosto-color.png","width":206,"height":68,"caption":"Ariosto spa"},"image":{"@id":"https:\/\/www.ariosto.it\/de\/#\/schema\/logo\/image\/"},"sameAs":["https:\/\/it-it.facebook.com\/ariostospa\/","https:\/\/www.youtube.com\/user\/AriostoAromi","https:\/\/www.instagram.com\/ariosto_spa\/"]}]}},"_links":{"self":[{"href":"https:\/\/www.ariosto.it\/de\/wp-json\/wp\/v2\/pages\/4279","targetHints":{"allow":["GET"]}}],"collection":[{"href":"https:\/\/www.ariosto.it\/de\/wp-json\/wp\/v2\/pages"}],"about":[{"href":"https:\/\/www.ariosto.it\/de\/wp-json\/wp\/v2\/types\/page"}],"author":[{"embeddable":true,"href":"https:\/\/www.ariosto.it\/de\/wp-json\/wp\/v2\/users\/4"}],"replies":[{"embeddable":true,"href":"https:\/\/www.ariosto.it\/de\/wp-json\/wp\/v2\/comments?post=4279"}],"version-history":[{"count":9,"href":"https:\/\/www.ariosto.it\/de\/wp-json\/wp\/v2\/pages\/4279\/revisions"}],"predecessor-version":[{"id":5020,"href":"https:\/\/www.ariosto.it\/de\/wp-json\/wp\/v2\/pages\/4279\/revisions\/5020"}],"up":[{"embeddable":true,"href":"https:\/\/www.ariosto.it\/de\/wp-json\/wp\/v2\/pages\/4267"}],"wp:attachment":[{"href":"https:\/\/www.ariosto.it\/de\/wp-json\/wp\/v2\/media?parent=4279"}],"curies":[{"name":"wp","href":"https:\/\/api.w.org\/{rel}","templated":true}]}}