{"id":5394,"date":"2022-11-22T11:48:47","date_gmt":"2022-11-22T10:48:47","guid":{"rendered":"https:\/\/www.ariosto.it\/?page_id=5394"},"modified":"2024-11-28T18:25:33","modified_gmt":"2024-11-28T17:25:33","slug":"ariosto-insalsa","status":"publish","type":"page","link":"https:\/\/www.ariosto.it\/de\/produkte\/ariosto-insalsa\/","title":{"rendered":"Ariosto InSalsa: die nat\u00fcrliche Evolution der meistverkauften W\u00fcrzmischung in Italien"},"content":{"rendered":"<div class=\"wpb-content-wrapper\"><p>[vc_row equal_height=&#8221;yes&#8221; css=&#8221;.vc_custom_1536676762405{padding-top: 80px !important;}&#8221;][vc_column css=&#8221;.vc_custom_1539182382529{margin-right: 0px !important;margin-left: 0px !important;padding-right: 0px !important;padding-left: 0px !important;background-color: #35793f !important;}&#8221;][vc_column_text css=&#8221;.vc_custom_1732814466139{margin-top: 0px !important;margin-right: 0px !important;margin-left: 0px !important;padding-top: 0px !important;padding-right: 40px !important;padding-left: 40px !important;}&#8221;]<\/p>\n<p style=\"color: #ffffff;\">2023: <strong>Ariosto<\/strong> bietet dem Lebensmittelmarkt eine gro\u00dfartige und revolution\u00e4re Innovation. Es ist <strong>Ariosto InSalsa<\/strong>, die neue Linie an Fertigsaucen. Die Idee ist so einfach wie effektiv: Die ber\u00fchmten Ariosto-Gew\u00fcrze auf den Tisch zu bringen, die dank abgestimmter Rezepte, die f\u00fcr diesen Anlass kreiert wurden, zu &#8230; <strong>In Sauce werden<\/strong>! Heute hat sich das Sortiment weiterentwickelt: vier sehr schmackhafte Zubereitungen als Begleitung zu Gerichten oder Aperitifs, die von den Verbrauchern gerne genossen werden.<\/p>\n<p>[\/vc_column_text][\/vc_column][\/vc_row][vc_row equal_height=&#8221;yes&#8221; css=&#8221;.vc_custom_1536679242573{padding-top: 30px !important;}&#8221;][vc_column width=&#8221;1\/2&#8243; css=&#8221;.vc_custom_1489477418893{margin-right: 0px !important;margin-left: 0px !important;padding-right: 0px !important;padding-left: 0px !important;background-color: #f8f8f8 !important;}&#8221;][vc_column_text css=&#8221;.vc_custom_1732814676993{margin-top: 0px !important;margin-right: 0px !important;margin-left: 0px !important;padding-top: 0px !important;padding-right: 40px !important;padding-left: 40px !important;}&#8221;]<\/p>\n<h2 class=\"txt-primary\">Ariosto InSalsa Speciale Burger<\/h2>\n<p>Die fehlende So\u00dfe, gewidmet dem ber\u00fchmtesten Sandwich der Welt!<br \/>\nDer <strong>Ariosto-Geschmack<\/strong> ist die Grundlage f\u00fcr das Rezept dieser k\u00f6stlichen Sauce mit starkem Geschmack, die gut auf einen hervorragenden <strong>Hamburger<\/strong> und die Beilagen abgestimmt ist, aus denen er besteht.<br \/>\nEs eignet sich auch hervorragend zum Anrichten von Salaten und f\u00fcr appetitliche Croutons zum Aperitif.[\/vc_column_text][\/vc_column][vc_column width=&#8221;1\/2&#8243; css=&#8221;.vc_custom_1538409224360{margin-top: 0px !important;margin-right: 0px !important;margin-bottom: 0px !important;margin-left: 0px !important;padding-top: 20px !important;padding-right: 20px !important;padding-bottom: 20px !important;padding-left: 0px !important;background-color: #f8f8f8 !important;background-position: center !important;background-repeat: no-repeat !important;background-size: cover !important;}&#8221;][vc_single_image image=&#8221;5819&#8243; img_size=&#8221;full&#8221; css=&#8221;.vc_custom_1732814617923{margin-top: 0px !important;margin-right: 0px !important;margin-bottom: 0px !important;margin-left: 0px !important;padding-top: 0px !important;padding-right: 0px !important;padding-bottom: 0px !important;padding-left: 0px !important;}&#8221;][\/vc_column][\/vc_row][vc_row equal_height=&#8221;yes&#8221; css=&#8221;.vc_custom_1536679242573{padding-top: 30px !important;}&#8221;][vc_column width=&#8221;1\/2&#8243; css=&#8221;.vc_custom_1489477418893{margin-right: 0px !important;margin-left: 0px !important;padding-right: 0px !important;padding-left: 0px !important;background-color: #f8f8f8 !important;}&#8221;][vc_single_image image=&#8221;5824&#8243; img_size=&#8221;full&#8221; css=&#8221;.vc_custom_1732814608182{margin-top: 0px !important;margin-right: 0px !important;margin-bottom: 0px !important;margin-left: 0px !important;padding-top: 0px !important;padding-right: 0px !important;padding-bottom: 0px !important;padding-left: 0px !important;}&#8221;][\/vc_column][vc_column width=&#8221;1\/2&#8243; css=&#8221;.vc_custom_1538409224360{margin-top: 0px !important;margin-right: 0px !important;margin-bottom: 0px !important;margin-left: 0px !important;padding-top: 20px !important;padding-right: 20px !important;padding-bottom: 20px !important;padding-left: 0px !important;background-color: #f8f8f8 !important;background-position: center !important;background-repeat: no-repeat !important;background-size: cover !important;}&#8221;][vc_column_text css=&#8221;.vc_custom_1732814596705{margin-top: 0px !important;margin-right: 0px !important;margin-left: 0px !important;padding-top: 0px !important;padding-right: 40px !important;padding-left: 40px !important;}&#8221;]<\/p>\n<h2 class=\"txt-primary\">Ariosto InSalsa Barbecue Classica<\/h2>\n<p>Dies ist die leckere Neuinterpretation von Ariosto der klassischen BBQ-Sauce. Sie wurde mit unserer W\u00fcrzmischung f\u00fcr Braten- und Grillfleisch zubereitet, der beliebtesten und meistverkauften auf dem Markt.<br \/>\nAriosto InSalsa Barbecue klassisch wird mit sorgf\u00e4ltig ausgew\u00e4hlten Zutaten und <strong>100 % italienischen Tomaten<\/strong> zubereitet. Die k\u00f6stliche Sauce kann direkt auf das Fleisch gestrichen werden, auch vor dem Garen, oder als ideale Sauce zum Selbstw\u00fcrzen bei jedem Grillfest bereitgestellt werden.[\/vc_column_text][\/vc_column][\/vc_row][vc_row equal_height=&#8221;yes&#8221; css=&#8221;.vc_custom_1536674878307{padding-top: 20px !important;padding-bottom: px !important;}&#8221;][vc_column width=&#8221;1\/2&#8243; css=&#8221;.vc_custom_1538409236564{margin-top: 0px !important;margin-right: 0px !important;margin-bottom: 0px !important;margin-left: 0px !important;padding-top: 20px !important;padding-right: 0px !important;padding-bottom: 20px !important;padding-left: 20px !important;background-color: #f8f8f8 !important;}&#8221;][vc_column_text css=&#8221;.vc_custom_1732814552148{margin-top: 0px !important;margin-right: 0px !important;margin-left: 0px !important;padding-top: 0px !important;padding-right: 40px !important;padding-left: 40px !important;}&#8221;]<\/p>\n<h2 class=\"txt-primary\">Ariosto InSalsa Barbecue Vivace<\/h2>\n<p>Dieses Rezept basiert auf der W\u00fcrzmischung f\u00fcr Braten- und Grillfleisch pikant mit roten Chilischoten. Die \u201escharfe Sauce\u201c mit ihrem <strong>kr\u00e4ftigen Geschmack mit einer angenehmen R\u00e4uchernote<\/strong> enth\u00e4lt wie die Sauce Barbecue klassisch <strong>100 % italienische Tomatensauce<\/strong>.<br \/>\nAriosto InSalsa Barbecue scharf garantiert bei Tisch oder vor dem Garen ein angenehmes \u201ePrickeln\u201c f\u00fcr die Geschmackspapillen. So wird jedes Gericht feurig, auch ohne Fleisch![\/vc_column_text][\/vc_column][vc_column width=&#8221;1\/2&#8243; css=&#8221;.vc_custom_1536591937840{margin-top: 0px !important;margin-right: 0px !important;margin-bottom: 0px !important;margin-left: 0px !important;padding-top: 35px !important;padding-right: 0px !important;padding-bottom: 0px !important;padding-left: 0px !important;background-color: #f8f8f8 !important;background-position: center !important;background-repeat: no-repeat !important;background-size: cover !important;}&#8221;][vc_single_image image=&#8221;5829&#8243; img_size=&#8221;full&#8221; alignment=&#8221;right&#8221; css=&#8221;.vc_custom_1732814562204{margin-top: 0px !important;margin-right: 0px !important;margin-bottom: 0px !important;margin-left: 0px !important;padding-top: 0px !important;padding-right: 0px !important;padding-bottom: 0px !important;padding-left: 0px !important;}&#8221;][\/vc_column][\/vc_row][vc_row equal_height=&#8221;yes&#8221; css=&#8221;.vc_custom_1538409377488{padding-top: 20px !important;padding-bottom: 20px !important;}&#8221;][vc_column width=&#8221;1\/2&#8243; css=&#8221;.vc_custom_1489477418893{margin-right: 0px !important;margin-left: 0px !important;padding-right: 0px !important;padding-left: 0px !important;background-color: #f8f8f8 !important;}&#8221;][vc_single_image image=&#8221;5834&#8243; img_size=&#8221;full&#8221; css=&#8221;.vc_custom_1732814539806{margin-top: 0px !important;margin-right: 0px !important;margin-bottom: 0px !important;margin-left: 0px !important;padding-top: 20px !important;padding-right: 20px !important;padding-bottom: 20px !important;padding-left: 0px !important;}&#8221;][\/vc_column][vc_column width=&#8221;1\/2&#8243; css=&#8221;.vc_custom_1732814730131{margin-top: 0px !important;margin-right: 0px !important;margin-bottom: 0px !important;margin-left: 0px !important;padding-top: 20px !important;padding-right: 0px !important;padding-bottom: 20px !important;padding-left: 0px !important;background-color: #f8f8f8 !important;background-position: center !important;background-repeat: no-repeat !important;background-size: cover !important;}&#8221;][vc_column_text css=&#8221;.vc_custom_1732814527051{margin-top: 0px !important;margin-right: 0px !important;margin-left: 0px !important;padding-top: 0px !important;padding-right: 40px !important;padding-left: 40px !important;}&#8221;]<\/p>\n<h2 class=\"txt-primary\">Ariosto InSalsa Speciale Patate<\/h2>\n<p>Eine <strong>absolute Neuheit<\/strong> auf dem italienischen Markt: eine spezielle Sauce f\u00fcr die K\u00f6nigin der Beilagen und der H\u00e4ppchen \u2013 die Kartoffel! Mit ihrem leicht s\u00fc\u00df-sauren Geschmack ist Ariosto InSalsa Speziell f\u00fcr Kartoffeln ein k\u00f6stliches Rezept, das neben der W\u00fcrzmischung Ariosto f\u00fcr Kartoffeln eine \u201espezielle\u201c Zutat enth\u00e4lt: Apfelmus aus S\u00fcdtiroler \u00c4pfeln g.g.A.<br \/>\nDie Sauce kann ideal bei Tisch zu Pommes Frites oder Bratkartoffeln serviert werden, aber sie schmeckt auch zu allen Zwischenmahlzeiten k\u00f6stlich, denn sie verleiht Nachos und Snacks Geschmack und Milde.[\/vc_column_text][\/vc_column][\/vc_row]<\/p>\n<\/div>","protected":false},"excerpt":{"rendered":"<p>[vc_row equal_height=&#8221;yes&#8221; css=&#8221;.vc_custom_1536676762405{padding-top: 80px !important;}&#8221;][vc_column css=&#8221;.vc_custom_1539182382529{margin-right: 0px !important;margin-left: 0px !important;padding-right: 0px !important;padding-left: 0px !important;background-color: #35793f !important;}&#8221;][vc_column_text css=&#8221;.vc_custom_1732814466139{margin-top: 0px !important;margin-right: 0px !important;margin-left: 0px !important;padding-top: 0px !important;padding-right: 40px !important;padding-left: 40px !important;}&#8221;] 2023: Ariosto bietet dem Lebensmittelmarkt eine gro\u00dfartige und revolution\u00e4re Innovation. Es ist Ariosto InSalsa, die neue Linie an Fertigsaucen. Die Idee ist so einfach wie effektiv: [&hellip;]<\/p>\n","protected":false},"author":4,"featured_media":0,"parent":4267,"menu_order":0,"comment_status":"closed","ping_status":"closed","template":"","meta":{"footnotes":""},"class_list":["post-5394","page","type-page","status-publish","hentry"],"yoast_head":"<!-- This site is optimized with the Yoast SEO plugin v27.5 - https:\/\/yoast.com\/product\/yoast-seo-wordpress\/ -->\n<title>Ariosto InSalsa: die nat\u00fcrliche Evolution der meistverkauften W\u00fcrzmischung in Italien - Ariosto S.p.A.<\/title>\n<meta name=\"robots\" content=\"index, follow, max-snippet:-1, max-image-preview:large, max-video-preview:-1\" \/>\n<link rel=\"canonical\" href=\"https:\/\/www.ariosto.it\/de\/produkte\/ariosto-insalsa\/\" \/>\n<meta property=\"og:locale\" content=\"de_DE\" \/>\n<meta property=\"og:type\" content=\"article\" \/>\n<meta property=\"og:title\" content=\"Ariosto InSalsa: die nat\u00fcrliche Evolution der meistverkauften W\u00fcrzmischung in Italien - Ariosto S.p.A.\" \/>\n<meta property=\"og:description\" content=\"[vc_row equal_height=&#8221;yes&#8221; css=&#8221;.vc_custom_1536676762405{padding-top: 80px !important;}&#8221;][vc_column css=&#8221;.vc_custom_1539182382529{margin-right: 0px !important;margin-left: 0px !important;padding-right: 0px !important;padding-left: 0px !important;background-color: #35793f !important;}&#8221;][vc_column_text css=&#8221;.vc_custom_1732814466139{margin-top: 0px !important;margin-right: 0px !important;margin-left: 0px !important;padding-top: 0px !important;padding-right: 40px !important;padding-left: 40px !important;}&#8221;] 2023: Ariosto bietet dem Lebensmittelmarkt eine gro\u00dfartige und revolution\u00e4re Innovation. Es ist Ariosto InSalsa, die neue Linie an Fertigsaucen. Die Idee ist so einfach wie effektiv: [&hellip;]\" \/>\n<meta property=\"og:url\" content=\"https:\/\/www.ariosto.it\/de\/produkte\/ariosto-insalsa\/\" \/>\n<meta property=\"og:site_name\" content=\"Ariosto S.p.A.\" \/>\n<meta property=\"article:publisher\" content=\"https:\/\/it-it.facebook.com\/ariostospa\/\" \/>\n<meta property=\"article:modified_time\" content=\"2024-11-28T17:25:33+00:00\" \/>\n<meta name=\"twitter:card\" content=\"summary_large_image\" \/>\n<meta name=\"twitter:label1\" content=\"Gesch\u00e4tzte Lesezeit\" \/>\n\t<meta name=\"twitter:data1\" content=\"5\u00a0Minuten\" \/>\n<script type=\"application\/ld+json\" class=\"yoast-schema-graph\">{\"@context\":\"https:\\\/\\\/schema.org\",\"@graph\":[{\"@type\":\"WebPage\",\"@id\":\"https:\\\/\\\/www.ariosto.it\\\/de\\\/produkte\\\/ariosto-insalsa\\\/\",\"url\":\"https:\\\/\\\/www.ariosto.it\\\/de\\\/produkte\\\/ariosto-insalsa\\\/\",\"name\":\"Ariosto InSalsa: die nat\u00fcrliche Evolution der meistverkauften W\u00fcrzmischung in Italien - Ariosto S.p.A.\",\"isPartOf\":{\"@id\":\"https:\\\/\\\/www.ariosto.it\\\/de\\\/#website\"},\"datePublished\":\"2022-11-22T10:48:47+00:00\",\"dateModified\":\"2024-11-28T17:25:33+00:00\",\"breadcrumb\":{\"@id\":\"https:\\\/\\\/www.ariosto.it\\\/de\\\/produkte\\\/ariosto-insalsa\\\/#breadcrumb\"},\"inLanguage\":\"de\",\"potentialAction\":[{\"@type\":\"ReadAction\",\"target\":[\"https:\\\/\\\/www.ariosto.it\\\/de\\\/produkte\\\/ariosto-insalsa\\\/\"]}]},{\"@type\":\"BreadcrumbList\",\"@id\":\"https:\\\/\\\/www.ariosto.it\\\/de\\\/produkte\\\/ariosto-insalsa\\\/#breadcrumb\",\"itemListElement\":[{\"@type\":\"ListItem\",\"position\":1,\"name\":\"Home\",\"item\":\"https:\\\/\\\/www.ariosto.it\\\/de\\\/\"},{\"@type\":\"ListItem\",\"position\":2,\"name\":\"Produkte\",\"item\":\"https:\\\/\\\/www.ariosto.it\\\/de\\\/produkte\\\/\"},{\"@type\":\"ListItem\",\"position\":3,\"name\":\"Ariosto InSalsa\"}]},{\"@type\":\"WebSite\",\"@id\":\"https:\\\/\\\/www.ariosto.it\\\/de\\\/#website\",\"url\":\"https:\\\/\\\/www.ariosto.it\\\/de\\\/\",\"name\":\"Ariosto\",\"description\":\"Da oltre 50 anni, fedeli alla nostra natura\",\"publisher\":{\"@id\":\"https:\\\/\\\/www.ariosto.it\\\/de\\\/#organization\"},\"potentialAction\":[{\"@type\":\"SearchAction\",\"target\":{\"@type\":\"EntryPoint\",\"urlTemplate\":\"https:\\\/\\\/www.ariosto.it\\\/de\\\/?s={search_term_string}\"},\"query-input\":{\"@type\":\"PropertyValueSpecification\",\"valueRequired\":true,\"valueName\":\"search_term_string\"}}],\"inLanguage\":\"de\"},{\"@type\":\"Organization\",\"@id\":\"https:\\\/\\\/www.ariosto.it\\\/de\\\/#organization\",\"name\":\"Ariosto spa\",\"url\":\"https:\\\/\\\/www.ariosto.it\\\/de\\\/\",\"logo\":{\"@type\":\"ImageObject\",\"inLanguage\":\"de\",\"@id\":\"https:\\\/\\\/www.ariosto.it\\\/de\\\/#\\\/schema\\\/logo\\\/image\\\/\",\"url\":\"https:\\\/\\\/www.ariosto.it\\\/wp-content\\\/uploads\\\/2018\\\/07\\\/logo-ariosto-color.png\",\"contentUrl\":\"https:\\\/\\\/www.ariosto.it\\\/wp-content\\\/uploads\\\/2018\\\/07\\\/logo-ariosto-color.png\",\"width\":206,\"height\":68,\"caption\":\"Ariosto spa\"},\"image\":{\"@id\":\"https:\\\/\\\/www.ariosto.it\\\/de\\\/#\\\/schema\\\/logo\\\/image\\\/\"},\"sameAs\":[\"https:\\\/\\\/it-it.facebook.com\\\/ariostospa\\\/\",\"https:\\\/\\\/www.youtube.com\\\/user\\\/AriostoAromi\",\"https:\\\/\\\/www.instagram.com\\\/ariosto_spa\\\/\"]}]}<\/script>\n<!-- \/ Yoast SEO plugin. -->","yoast_head_json":{"title":"Ariosto InSalsa: die nat\u00fcrliche Evolution der meistverkauften W\u00fcrzmischung in Italien - Ariosto S.p.A.","robots":{"index":"index","follow":"follow","max-snippet":"max-snippet:-1","max-image-preview":"max-image-preview:large","max-video-preview":"max-video-preview:-1"},"canonical":"https:\/\/www.ariosto.it\/de\/produkte\/ariosto-insalsa\/","og_locale":"de_DE","og_type":"article","og_title":"Ariosto InSalsa: die nat\u00fcrliche Evolution der meistverkauften W\u00fcrzmischung in Italien - Ariosto S.p.A.","og_description":"[vc_row equal_height=&#8221;yes&#8221; css=&#8221;.vc_custom_1536676762405{padding-top: 80px !important;}&#8221;][vc_column css=&#8221;.vc_custom_1539182382529{margin-right: 0px !important;margin-left: 0px !important;padding-right: 0px !important;padding-left: 0px !important;background-color: #35793f !important;}&#8221;][vc_column_text css=&#8221;.vc_custom_1732814466139{margin-top: 0px !important;margin-right: 0px !important;margin-left: 0px !important;padding-top: 0px !important;padding-right: 40px !important;padding-left: 40px !important;}&#8221;] 2023: Ariosto bietet dem Lebensmittelmarkt eine gro\u00dfartige und revolution\u00e4re Innovation. Es ist Ariosto InSalsa, die neue Linie an Fertigsaucen. Die Idee ist so einfach wie effektiv: [&hellip;]","og_url":"https:\/\/www.ariosto.it\/de\/produkte\/ariosto-insalsa\/","og_site_name":"Ariosto S.p.A.","article_publisher":"https:\/\/it-it.facebook.com\/ariostospa\/","article_modified_time":"2024-11-28T17:25:33+00:00","twitter_card":"summary_large_image","twitter_misc":{"Gesch\u00e4tzte Lesezeit":"5\u00a0Minuten"},"schema":{"@context":"https:\/\/schema.org","@graph":[{"@type":"WebPage","@id":"https:\/\/www.ariosto.it\/de\/produkte\/ariosto-insalsa\/","url":"https:\/\/www.ariosto.it\/de\/produkte\/ariosto-insalsa\/","name":"Ariosto InSalsa: die nat\u00fcrliche Evolution der meistverkauften W\u00fcrzmischung in Italien - Ariosto S.p.A.","isPartOf":{"@id":"https:\/\/www.ariosto.it\/de\/#website"},"datePublished":"2022-11-22T10:48:47+00:00","dateModified":"2024-11-28T17:25:33+00:00","breadcrumb":{"@id":"https:\/\/www.ariosto.it\/de\/produkte\/ariosto-insalsa\/#breadcrumb"},"inLanguage":"de","potentialAction":[{"@type":"ReadAction","target":["https:\/\/www.ariosto.it\/de\/produkte\/ariosto-insalsa\/"]}]},{"@type":"BreadcrumbList","@id":"https:\/\/www.ariosto.it\/de\/produkte\/ariosto-insalsa\/#breadcrumb","itemListElement":[{"@type":"ListItem","position":1,"name":"Home","item":"https:\/\/www.ariosto.it\/de\/"},{"@type":"ListItem","position":2,"name":"Produkte","item":"https:\/\/www.ariosto.it\/de\/produkte\/"},{"@type":"ListItem","position":3,"name":"Ariosto InSalsa"}]},{"@type":"WebSite","@id":"https:\/\/www.ariosto.it\/de\/#website","url":"https:\/\/www.ariosto.it\/de\/","name":"Ariosto","description":"Da oltre 50 anni, fedeli alla nostra natura","publisher":{"@id":"https:\/\/www.ariosto.it\/de\/#organization"},"potentialAction":[{"@type":"SearchAction","target":{"@type":"EntryPoint","urlTemplate":"https:\/\/www.ariosto.it\/de\/?s={search_term_string}"},"query-input":{"@type":"PropertyValueSpecification","valueRequired":true,"valueName":"search_term_string"}}],"inLanguage":"de"},{"@type":"Organization","@id":"https:\/\/www.ariosto.it\/de\/#organization","name":"Ariosto spa","url":"https:\/\/www.ariosto.it\/de\/","logo":{"@type":"ImageObject","inLanguage":"de","@id":"https:\/\/www.ariosto.it\/de\/#\/schema\/logo\/image\/","url":"https:\/\/www.ariosto.it\/wp-content\/uploads\/2018\/07\/logo-ariosto-color.png","contentUrl":"https:\/\/www.ariosto.it\/wp-content\/uploads\/2018\/07\/logo-ariosto-color.png","width":206,"height":68,"caption":"Ariosto spa"},"image":{"@id":"https:\/\/www.ariosto.it\/de\/#\/schema\/logo\/image\/"},"sameAs":["https:\/\/it-it.facebook.com\/ariostospa\/","https:\/\/www.youtube.com\/user\/AriostoAromi","https:\/\/www.instagram.com\/ariosto_spa\/"]}]}},"_links":{"self":[{"href":"https:\/\/www.ariosto.it\/de\/wp-json\/wp\/v2\/pages\/5394","targetHints":{"allow":["GET"]}}],"collection":[{"href":"https:\/\/www.ariosto.it\/de\/wp-json\/wp\/v2\/pages"}],"about":[{"href":"https:\/\/www.ariosto.it\/de\/wp-json\/wp\/v2\/types\/page"}],"author":[{"embeddable":true,"href":"https:\/\/www.ariosto.it\/de\/wp-json\/wp\/v2\/users\/4"}],"replies":[{"embeddable":true,"href":"https:\/\/www.ariosto.it\/de\/wp-json\/wp\/v2\/comments?post=5394"}],"version-history":[{"count":7,"href":"https:\/\/www.ariosto.it\/de\/wp-json\/wp\/v2\/pages\/5394\/revisions"}],"predecessor-version":[{"id":5843,"href":"https:\/\/www.ariosto.it\/de\/wp-json\/wp\/v2\/pages\/5394\/revisions\/5843"}],"up":[{"embeddable":true,"href":"https:\/\/www.ariosto.it\/de\/wp-json\/wp\/v2\/pages\/4267"}],"wp:attachment":[{"href":"https:\/\/www.ariosto.it\/de\/wp-json\/wp\/v2\/media?parent=5394"}],"curies":[{"name":"wp","href":"https:\/\/api.w.org\/{rel}","templated":true}]}}