{"id":4205,"date":"2018-11-05T17:05:30","date_gmt":"2018-11-05T16:05:30","guid":{"rendered":"https:\/\/www.ariosto.it\/notre-histoire\/"},"modified":"2018-11-05T17:12:24","modified_gmt":"2018-11-05T16:12:24","slug":"qui-nous-sommes","status":"publish","type":"page","link":"https:\/\/www.ariosto.it\/fr\/qui-nous-sommes\/","title":{"rendered":"Notre histoire"},"content":{"rendered":"<div class=\"wpb-content-wrapper\"><p>[vc_row disable_element=&#8221;yes&#8221;][vc_column]<div class=\"about-page-area\">\r\n\t<div class=\"row\">\r\n\t\t<div class=\"col-lg-6 col-md-6 col-sm-12 col-xs-12\">\r\n\t\t\t<div class=\"about-page-left\">\t\r\n\t\t\t\t<h2 style=\"color:#c20e1a; font-size:20px;\">Non potevamo che chiamarci Ariosto<\/h2>\r\n\t\t\t\t<p>Da quando, alla <strong>fine degli anni 50<\/strong>, un cuoco abile e fantasioso invent\u00f2 la mistura di\u00a0aromi che rese famoso il suo ristorante, abbiamo fatto molta strada. La <em><strong>consa<\/strong><\/em> (aglio,\u00a0rosmarino, salvia ed erbe aromatiche finemente tritate) rivoluzion\u00f2 il modo di\u00a0insaporire le carni arrosto e la sua fama si sparse ben presto nella fertile terra che\u00a0circonda Reggio Emilia.<\/p>\n<p>Nei <strong>primi anni &#8217;60<\/strong> il cuoco decise di commercializzare il suo preparato e, con\u00a0un&#8217;altra felice intuizione, lo battezz\u00f2 Ariosto. Sia in onore della vicina casa natale del\u00a0grande poeta che per via dell&#8217;assonanza con l&#8217;amato termine \u201carrosto\u201d.<\/p>\n<p>Negli <strong>anni successivi<\/strong>, grazie all&#8217;opera di Marco Gozzi, l&#8217;Azienda svilupp\u00f2 la\u00a0diffusione del marchio. Oggi, oltre un terzo dei consumatori italiani utilizza i nostri\u00a0insaporitori, presenti anche nei principali paesi europei, negli Stati Uniti, in Canada,\u00a0in Australia e in Giappone.\u00a0Siamo arrivati nelle cucine di tutto il mondo. Ma la qualit\u00e0, la genuinit\u00e0 e l&#8217;ispirazione\u00a0che ci guida sono ancora, in qualche modo, legati alle nostre origini.<\/p>\n<p>Alla nostra\u00a0terra, alla consa e al poeta che ci ha dato il suo nome.<\/p>\t\r\n\t\t\t<\/div>\r\n\t\t<\/div>\r\n\t\t<div class=\"col-lg-6 col-md-6 col-sm-12 col-xs-12\">\r\n\t\t\t<div class=\"about-page-right\">\r\n\t\t\t\t\t\t\t<div class=\"rt-owl-carousel owl-carousel owl-theme\" data-carousel-options=\"{&quot;nav&quot;:false,&quot;navText&quot;:[&quot;&lt;i class=&#039;fa fa-angle-left&#039;&gt;&lt;\\\/i&gt;&quot;,&quot;&lt;i class=&#039;fa fa-angle-right&#039;&gt;&lt;\\\/i&gt;&quot;],&quot;dots&quot;:true,&quot;autoplay&quot;:true,&quot;autoplayTimeout&quot;:&quot;5000&quot;,&quot;autoplaySpeed&quot;:&quot;200&quot;,&quot;autoplayHoverPause&quot;:true,&quot;loop&quot;:true,&quot;margin&quot;:20,&quot;responsive&quot;:[{&quot;items&quot;:1}]}\">\r\n\t\t\t\t\t\t\t\t\t\t\t  \r\n\t\t\t\t\t\t<div class=\"about-page-img-holder\">\r\n\t\t\t\t\t\t\t<img loading=\"lazy\" decoding=\"async\" width=\"571\" height=\"530\" src=\"https:\/\/www.ariosto.it\/wp-content\/uploads\/2017\/03\/about1-banner2.jpg\" class=\"img-responsive\" alt=\"\" srcset=\"https:\/\/www.ariosto.it\/wp-content\/uploads\/2017\/03\/about1-banner2.jpg 571w, https:\/\/www.ariosto.it\/wp-content\/uploads\/2017\/03\/about1-banner2-300x278.jpg 300w\" sizes=\"auto, (max-width: 571px) 100vw, 571px\" \/>\t\t\t\t\t\t<\/div>\t\t\t\t\t\t\t\r\n\t\t\t\t\t\t\t\t\t\t\t\t  \r\n\t\t\t\t\t\t<div class=\"about-page-img-holder\">\r\n\t\t\t\t\t\t\t<img loading=\"lazy\" decoding=\"async\" width=\"571\" height=\"530\" src=\"https:\/\/www.ariosto.it\/wp-content\/uploads\/2017\/03\/about1-banner1.jpg\" class=\"img-responsive\" alt=\"\" srcset=\"https:\/\/www.ariosto.it\/wp-content\/uploads\/2017\/03\/about1-banner1.jpg 571w, https:\/\/www.ariosto.it\/wp-content\/uploads\/2017\/03\/about1-banner1-300x278.jpg 300w\" sizes=\"auto, (max-width: 571px) 100vw, 571px\" \/>\t\t\t\t\t\t<\/div>\t\t\t\t\t\t\t\r\n\t\t\t\t\t\t\t\t\r\n\t\t\t\t<\/div>\r\n\t\t\t\t\t\t<\/div>\r\n\t\t<\/div>\r\n\t<\/div>\r\n<\/div>[\/vc_column][\/vc_row][vc_row][vc_column]<div class=\"about-one-area \">\t\t\r\n\t\t<div class=\"row\">\r\n\t\t<div class=\"col-lg-5 col-md-5 col-sm-6 col-xs-12\">\r\n\t\t\t<img loading=\"lazy\" decoding=\"async\" width=\"571\" height=\"530\" src=\"https:\/\/www.ariosto.it\/wp-content\/uploads\/2018\/10\/LASTORIA.jpg\" class=\"attachment-full size-full\" alt=\"\" srcset=\"https:\/\/www.ariosto.it\/wp-content\/uploads\/2018\/10\/LASTORIA.jpg 571w, https:\/\/www.ariosto.it\/wp-content\/uploads\/2018\/10\/LASTORIA-300x278.jpg 300w\" sizes=\"auto, (max-width: 571px) 100vw, 571px\" \/>\t\t<\/div>\r\n\t\t<div class=\"col-lg-7 col-md-7 col-sm-6 col-xs-12\">\r\n\t\t\t<div class=\"about-one-area-top\">\r\n\t\t\t\t<h2 class=\"about-view1\">Nous ne pouvions que nous appeler Ariosto<\/h2>\r\n\t\t\t<\/div>\r\n\t\t\t<h3 class=\"title-bar-big-left\" style=\"color:#c4c4c4; font-size:px;\"><\/h3>\r\n\t\t\t<p>Nous avons parcouru un long chemin depuis que, vers la fin des ann\u00e9es 50, un cuisinier exp\u00e9riment\u00e9 et imaginatif a invent\u00e9 le m\u00e9lange d\u2019aromates qui a rendu c\u00e9l\u00e8bre son restaurant. Depuis que sa consa (ail, romarin, sauge et herbes aromatiques finement hach\u00e9es) a r\u00e9volutionn\u00e9 l\u2019assaisonnement des r\u00f4tis, sa renomm\u00e9e s\u2019est rapidement r\u00e9pandue dans les r\u00e9gions fertiles autour de Reggio Emilia.\nC\u2019est au d\u00e9but des ann\u00e9es 60 que le cuisinier a d\u00e9cid\u00e9 de commercialiser son m\u00e9lange et, avec une intuition heureuse, de l\u2019appeler Ariosto, car la maison natale du grand po\u00e8te \u00e9tait toute proche et aussi parce que ce nom ressemble tant au mot bien-aim\u00e9 d\u2019arrosto, le r\u00f4ti.\nAu fil des ans, gr\u00e2ce \u00e0 Marco Gozzi, l\u2019entreprise d\u00e9veloppe la diffusion de la marque. Aujourd\u2019hui plus d\u2019un tiers des consommateurs italiens utilise nos assaisonnements. Nos produits sont pr\u00e9sents dans les principaux pays d\u2019Europe, ainsi qu\u2019aux \u00c9tats-Unis, au Canada, en Australie et au Japon. Mais si nous sommes maintenant dans les cuisines de tous les pays du monde, la qualit\u00e9, l\u2019authenticit\u00e9 et l\u2019inspiration qui nous guident sont toujours li\u00e9es \u00e0 nos origines, \u00e0 notre terroir, \u00e0 la consa et au po\u00e8te qui nous a donn\u00e9 son nom.<\/p>\r\n\t\t\t\t\t<\/div>\r\n\t<\/div>\r\n<\/div>[\/vc_column][\/vc_row][vc_row disable_element=&#8221;yes&#8221;][vc_column width=&#8221;1\/2&#8243;][vc_single_image image=&#8221;3600&#8243; img_size=&#8221;full&#8221;][\/vc_column][vc_column width=&#8221;1\/2&#8243;][vc_column_text]Nous avons parcouru un long chemin depuis que, vers la fin des ann\u00e9es 50, un cuisinier exp\u00e9riment\u00e9 et imaginatif a invent\u00e9 le m\u00e9lange d\u2019aromates qui a rendu c\u00e9l\u00e8bre son restaurant. Depuis que sa consa (ail, romarin, sauge et herbes aromatiques finement hach\u00e9es) a r\u00e9volutionn\u00e9 l\u2019assaisonnement des r\u00f4tis, sa renomm\u00e9e s\u2019est rapidement r\u00e9pandue dans les r\u00e9gions fertiles autour de Reggio Emilia.<br \/>\nC\u2019est au d\u00e9but des ann\u00e9es 60 que le cuisinier a d\u00e9cid\u00e9 de commercialiser son m\u00e9lange et, avec une intuition heureuse, de l\u2019appeler Ariosto, car la maison natale du grand po\u00e8te \u00e9tait toute proche et aussi parce que ce nom ressemble tant au mot bien-aim\u00e9 d\u2019arrosto, le r\u00f4ti.<br \/>\nAu fil des ans, gr\u00e2ce \u00e0 Marco Gozzi, l\u2019entreprise d\u00e9veloppe la diffusion de la marque. Aujourd\u2019hui plus d\u2019un tiers des consommateurs italiens utilise nos assaisonnements. Nos produits sont pr\u00e9sents dans les principaux pays d\u2019Europe, ainsi qu\u2019aux \u00c9tats-Unis, au Canada, en Australie et au Japon. Mais si nous sommes maintenant dans les cuisines de tous les pays du monde, la qualit\u00e9, l\u2019authenticit\u00e9 et l\u2019inspiration qui nous guident sont toujours li\u00e9es \u00e0 nos origines, \u00e0 notre terroir, \u00e0 la consa et au po\u00e8te qui nous a donn\u00e9 son nom.[\/vc_column_text][\/vc_column][\/vc_row][vc_row full_width=&#8221;stretch_row&#8221; parallax=&#8221;content-moving&#8221; disable_element=&#8221;yes&#8221; css=&#8221;.vc_custom_1539101190212{padding-top: 57px !important;padding-bottom: 40px !important;background-position: 0 0;background-repeat: no-repeat !important;}&#8221;][vc_column css_animation=&#8221;slideInUp&#8221; width=&#8221;1\/3&#8243;]<div class=\"infobox-style2\">\r\n\t<div class=\"about-page-bottom-box\">\r\n\t\t<div class=\"media\">\r\n\t\t\t<div class=\"infobox-style2-left media-left\" style=\"margin-bottom:10px;\">\r\n\t\t\t\t\t\t\t<i style=\"font-size:60px;\" class=\"flaticon-gastronimy-hamburguer\" aria-hidden=\"true\"><\/i>\r\n\t\t\t\t\t\t<\/div>\r\n\t\t\t<div class=\"infobox-style2-right media-body\">\t\r\n\t\t\t\t<h3 style=\"font-size:20px;\">\r\n\t\t\t\t\t\t\t\t\t<a style=\"color:#222222;\" href=\"#\">THE REAL BURGER<\/a>\r\n\t\t\t\t\t\t\t\t<\/h3>\r\n\t\t\t\t<div style=\"color:#646464;font-size:14px;\">This is the best restaurant wordpress theme around the country. The red chili Restuarant theme is the main reason for that. radius theme has done a tremendous work here.<\/div>\r\n\t\t\t<\/div>\r\n\t\t<\/div>\r\n\t<\/div>\r\n<\/div>[\/vc_column][vc_column css_animation=&#8221;slideInUp&#8221; width=&#8221;1\/3&#8243;]<div class=\"infobox-style2\">\r\n\t<div class=\"about-page-bottom-box\">\r\n\t\t<div class=\"media\">\r\n\t\t\t<div class=\"infobox-style2-left media-left\" style=\"margin-bottom:10px;\">\r\n\t\t\t\t\t\t\t<i style=\"font-size:60px;\" class=\"flaticon-bbq-chicken-leg\" aria-hidden=\"true\"><\/i>\r\n\t\t\t\t\t\t<\/div>\r\n\t\t\t<div class=\"infobox-style2-right media-body\">\t\r\n\t\t\t\t<h3 style=\"font-size:20px; color:#222222;\">\r\n\t\t\t\t\t\t\t\t\tAWESOME RECIPE\t\t\t\t\t\t\t\t<\/h3>\r\n\t\t\t\t<div style=\"color:#646464;font-size:14px;\">This is the best restaurant wordpress theme around the country. The red chili Restuarant theme is the main reason for that. radius theme has done a tremendous work here.<\/div>\r\n\t\t\t<\/div>\r\n\t\t<\/div>\r\n\t<\/div>\r\n<\/div>[\/vc_column][vc_column css_animation=&#8221;slideInUp&#8221; width=&#8221;1\/3&#8243;]<div class=\"infobox-style2\">\r\n\t<div class=\"about-page-bottom-box\">\r\n\t\t<div class=\"media\">\r\n\t\t\t<div class=\"infobox-style2-left media-left\" style=\"margin-bottom:10px;\">\r\n\t\t\t\t\t\t\t<i style=\"font-size:60px;\" class=\"flaticon-bbq-cook-hat\" aria-hidden=\"true\"><\/i>\r\n\t\t\t\t\t\t<\/div>\r\n\t\t\t<div class=\"infobox-style2-right media-body\">\t\r\n\t\t\t\t<h3 style=\"font-size:20px;\">\r\n\t\t\t\t\t\t\t\t\t<a style=\"color:#222222;\" href=\"#\">EXPERT CHEF<\/a>\r\n\t\t\t\t\t\t\t\t<\/h3>\r\n\t\t\t\t<div style=\"color:#646464;font-size:14px;\">This is the best restaurant wordpress theme around the country. The red chili Restuarant theme is the main reason for that. radius theme has done a tremendous work here.<\/div>\r\n\t\t\t<\/div>\r\n\t\t<\/div>\r\n\t<\/div>\r\n<\/div>[\/vc_column][\/vc_row][vc_row full_width=&#8221;stretch_row&#8221; parallax=&#8221;content-moving&#8221; parallax_image=&#8221;354&#8243; disable_element=&#8221;yes&#8221; css=&#8221;.vc_custom_1539101206217{padding-top: 70px !important;padding-bottom: 70px !important;}&#8221;][vc_column width=&#8221;1\/4&#8243;]<div class=\"award1-area-box\">\r\n\t<div class=\"media\">\r\n\t\t<div class=\"counter-right-1\" style=\"margin-bottom:10px;\">\r\n\t\t\t\t\t\t\t<i style=\"font-size:36px; margin-bottom:10px;\" class=\"fa fa-smile-o\" aria-hidden=\"true\"><\/i>\t\r\n\t\t\t\t\t<\/div>\t\r\n\t\t<div class=\"media-body\">\t\r\n\t\t\t<h2 style=\"color:#f9f9f9;font-size:40px;\" class=\"about-counter\" data-num=\"5030\">5030<\/h2>\r\n\t\t\t<p style=\"color:#ffffff;font-size:16px;\">HAPPY CLIENTS<\/p>\r\n\t\t<\/div>\r\n\t<\/div>\r\n<\/div>[\/vc_column][vc_column width=&#8221;1\/4&#8243;]<div class=\"award1-area-box\">\r\n\t<div class=\"media\">\r\n\t\t<div class=\"counter-right-1\" style=\"margin-bottom:10px;\">\r\n\t\t\t\t\t\t\t<i style=\"font-size:36px; margin-bottom:10px;\" class=\"fa fa-heart-o\" aria-hidden=\"true\"><\/i>\t\r\n\t\t\t\t\t<\/div>\t\r\n\t\t<div class=\"media-body\">\t\r\n\t\t\t<h2 style=\"color:#f7f7f7;font-size:40px;\" class=\"about-counter\" data-num=\"2030\">2030<\/h2>\r\n\t\t\t<p style=\"color:#ffffff;font-size:16px;\">LOVE PEOPLE<\/p>\r\n\t\t<\/div>\r\n\t<\/div>\r\n<\/div>[\/vc_column][vc_column width=&#8221;1\/4&#8243;]<div class=\"award1-area-box\">\r\n\t<div class=\"media\">\r\n\t\t<div class=\"counter-right-1\" style=\"margin-bottom:10px;\">\r\n\t\t\t\t\t\t\t<i style=\"font-size:36px; margin-bottom:10px;\" class=\"fa fa-coffee\" aria-hidden=\"true\"><\/i>\t\r\n\t\t\t\t\t<\/div>\t\r\n\t\t<div class=\"media-body\">\t\r\n\t\t\t<h2 style=\"color:#fcfcfc;font-size:40px;\" class=\"about-counter\" data-num=\"500\">500<\/h2>\r\n\t\t\t<p style=\"color:#ffffff;font-size:16px;\">CUP OF COFFEE<\/p>\r\n\t\t<\/div>\r\n\t<\/div>\r\n<\/div>[\/vc_column][vc_column width=&#8221;1\/4&#8243;]<div class=\"award1-area-box\">\r\n\t<div class=\"media\">\r\n\t\t<div class=\"counter-right-1\" style=\"margin-bottom:10px;\">\r\n\t\t\t\t\t\t\t<i style=\"font-size:36px; margin-bottom:10px;\" class=\"fa fa-book\" aria-hidden=\"true\"><\/i>\t\r\n\t\t\t\t\t<\/div>\t\r\n\t\t<div class=\"media-body\">\t\r\n\t\t\t<h2 style=\"color:#fcfcfc;font-size:40px;\" class=\"about-counter\" data-num=\"500\">500<\/h2>\r\n\t\t\t<p style=\"color:#ffffff;font-size:16px;\">CHEF RECIPE<\/p>\r\n\t\t<\/div>\r\n\t<\/div>\r\n<\/div>[\/vc_column][\/vc_row][vc_row full_width=&#8221;stretch_row&#8221; disable_element=&#8221;yes&#8221; css=&#8221;.vc_custom_1537198695821{padding-top: 50px !important;padding-bottom: 70px !important;background-color: #f8f8f8 !important;}&#8221;][vc_column]<div class=\"rt-title-1 vc_custom_1509955967082\" data-color=\"\">\r\n\t<h2 class=\"title\" style=\"color:#111111; font-size:48px;\">Our Expert Chefs<\/h2>\r\n\t<div class=\"sub-title-holder\">\r\n\t\t<span class=\"subtitle-line-lt\" style=\"border-color:;\"><\/span>\r\n\t\t<span class=\"subtitle-color\" style=\"font-size:18px;\">Professional Cook Team<\/span>\r\n\t\t<span class=\"subtitle-line-rt\" style=\"border-color:;\"><\/span>\r\n\t<\/div>\t\r\n<\/div><div class=\"chef-area\">\r\n\t<div class=\"owl-wrap rt-owl-nav-2 rt-owl-dot-1  slider-nav-enabled\">\r\n\t\t<div class=\"owl-theme owl-carousel rt-owl-carousel\" data-carousel-options=\"{&quot;nav&quot;:true,&quot;navText&quot;:[&quot;&lt;i class=&#039;fa fa-angle-left&#039;&gt;&lt;\\\/i&gt;&quot;,&quot;&lt;i class=&#039;fa fa-angle-right&#039;&gt;&lt;\\\/i&gt;&quot;],&quot;dots&quot;:false,&quot;autoplay&quot;:true,&quot;autoplayTimeout&quot;:&quot;5000&quot;,&quot;autoplaySpeed&quot;:&quot;200&quot;,&quot;autoplayHoverPause&quot;:true,&quot;loop&quot;:true,&quot;margin&quot;:20,&quot;responsive&quot;:{&quot;0&quot;:{&quot;items&quot;:1},&quot;480&quot;:{&quot;items&quot;:2},&quot;768&quot;:{&quot;items&quot;:2},&quot;992&quot;:{&quot;items&quot;:3},&quot;1200&quot;:{&quot;items&quot;:3}}}\">\r\n\t\t\t\t\t\t\t\t<\/div>\r\n\t<\/div>\r\n<\/div>[\/vc_column][\/vc_row]<\/p>\n<\/div>","protected":false},"excerpt":{"rendered":"<p>[vc_row disable_element=&#8221;yes&#8221;][vc_column][\/vc_column][\/vc_row][vc_row][vc_column][\/vc_column][\/vc_row][vc_row disable_element=&#8221;yes&#8221;][vc_column width=&#8221;1\/2&#8243;][vc_single_image image=&#8221;3600&#8243; img_size=&#8221;full&#8221;][\/vc_column][vc_column width=&#8221;1\/2&#8243;][vc_column_text]Nous avons parcouru un long chemin depuis que, vers la fin des ann\u00e9es 50, un cuisinier exp\u00e9riment\u00e9 et imaginatif a invent\u00e9 le m\u00e9lange d\u2019aromates qui a rendu c\u00e9l\u00e8bre son restaurant. Depuis que sa consa (ail, romarin, sauge et herbes aromatiques finement hach\u00e9es) a r\u00e9volutionn\u00e9 l\u2019assaisonnement des r\u00f4tis, sa renomm\u00e9e [&hellip;]<\/p>\n","protected":false},"author":4,"featured_media":0,"parent":0,"menu_order":0,"comment_status":"closed","ping_status":"closed","template":"","meta":{"footnotes":""},"class_list":["post-4205","page","type-page","status-publish","hentry"],"yoast_head":"<!-- This site is optimized with the Yoast SEO plugin v27.5 - https:\/\/yoast.com\/product\/yoast-seo-wordpress\/ -->\n<title>Notre histoire - Ariosto S.p.A.<\/title>\n<meta name=\"robots\" content=\"index, follow, max-snippet:-1, max-image-preview:large, max-video-preview:-1\" \/>\n<link rel=\"canonical\" href=\"https:\/\/www.ariosto.it\/fr\/qui-nous-sommes\/\" \/>\n<meta property=\"og:locale\" content=\"fr_FR\" \/>\n<meta property=\"og:type\" content=\"article\" \/>\n<meta property=\"og:title\" content=\"Notre histoire - Ariosto S.p.A.\" \/>\n<meta property=\"og:description\" content=\"[vc_row disable_element=&#8221;yes&#8221;][vc_column][\/vc_column][\/vc_row][vc_row][vc_column][\/vc_column][\/vc_row][vc_row disable_element=&#8221;yes&#8221;][vc_column width=&#8221;1\/2&#8243;][vc_single_image image=&#8221;3600&#8243; img_size=&#8221;full&#8221;][\/vc_column][vc_column width=&#8221;1\/2&#8243;][vc_column_text]Nous avons parcouru un long chemin depuis que, vers la fin des ann\u00e9es 50, un cuisinier exp\u00e9riment\u00e9 et imaginatif a invent\u00e9 le m\u00e9lange d\u2019aromates qui a rendu c\u00e9l\u00e8bre son restaurant. Depuis que sa consa (ail, romarin, sauge et herbes aromatiques finement hach\u00e9es) a r\u00e9volutionn\u00e9 l\u2019assaisonnement des r\u00f4tis, sa renomm\u00e9e [&hellip;]\" \/>\n<meta property=\"og:url\" content=\"https:\/\/www.ariosto.it\/fr\/qui-nous-sommes\/\" \/>\n<meta property=\"og:site_name\" content=\"Ariosto S.p.A.\" \/>\n<meta property=\"article:publisher\" content=\"https:\/\/it-it.facebook.com\/ariostospa\/\" \/>\n<meta property=\"article:modified_time\" content=\"2018-11-05T16:12:24+00:00\" \/>\n<meta name=\"twitter:card\" content=\"summary_large_image\" \/>\n<meta name=\"twitter:label1\" content=\"Dur\u00e9e de lecture estim\u00e9e\" \/>\n\t<meta name=\"twitter:data1\" content=\"5 minutes\" \/>\n<script type=\"application\/ld+json\" class=\"yoast-schema-graph\">{\"@context\":\"https:\\\/\\\/schema.org\",\"@graph\":[{\"@type\":\"WebPage\",\"@id\":\"https:\\\/\\\/www.ariosto.it\\\/fr\\\/qui-nous-sommes\\\/\",\"url\":\"https:\\\/\\\/www.ariosto.it\\\/fr\\\/qui-nous-sommes\\\/\",\"name\":\"Notre histoire - Ariosto S.p.A.\",\"isPartOf\":{\"@id\":\"https:\\\/\\\/www.ariosto.it\\\/fr\\\/#website\"},\"datePublished\":\"2018-11-05T16:05:30+00:00\",\"dateModified\":\"2018-11-05T16:12:24+00:00\",\"breadcrumb\":{\"@id\":\"https:\\\/\\\/www.ariosto.it\\\/fr\\\/qui-nous-sommes\\\/#breadcrumb\"},\"inLanguage\":\"fr-FR\",\"potentialAction\":[{\"@type\":\"ReadAction\",\"target\":[\"https:\\\/\\\/www.ariosto.it\\\/fr\\\/qui-nous-sommes\\\/\"]}]},{\"@type\":\"BreadcrumbList\",\"@id\":\"https:\\\/\\\/www.ariosto.it\\\/fr\\\/qui-nous-sommes\\\/#breadcrumb\",\"itemListElement\":[{\"@type\":\"ListItem\",\"position\":1,\"name\":\"Home\",\"item\":\"https:\\\/\\\/www.ariosto.it\\\/fr\\\/\"},{\"@type\":\"ListItem\",\"position\":2,\"name\":\"Qui nous sommes\"}]},{\"@type\":\"WebSite\",\"@id\":\"https:\\\/\\\/www.ariosto.it\\\/fr\\\/#website\",\"url\":\"https:\\\/\\\/www.ariosto.it\\\/fr\\\/\",\"name\":\"Ariosto\",\"description\":\"Da oltre 50 anni, fedeli alla nostra natura\",\"publisher\":{\"@id\":\"https:\\\/\\\/www.ariosto.it\\\/fr\\\/#organization\"},\"potentialAction\":[{\"@type\":\"SearchAction\",\"target\":{\"@type\":\"EntryPoint\",\"urlTemplate\":\"https:\\\/\\\/www.ariosto.it\\\/fr\\\/?s={search_term_string}\"},\"query-input\":{\"@type\":\"PropertyValueSpecification\",\"valueRequired\":true,\"valueName\":\"search_term_string\"}}],\"inLanguage\":\"fr-FR\"},{\"@type\":\"Organization\",\"@id\":\"https:\\\/\\\/www.ariosto.it\\\/fr\\\/#organization\",\"name\":\"Ariosto spa\",\"url\":\"https:\\\/\\\/www.ariosto.it\\\/fr\\\/\",\"logo\":{\"@type\":\"ImageObject\",\"inLanguage\":\"fr-FR\",\"@id\":\"https:\\\/\\\/www.ariosto.it\\\/fr\\\/#\\\/schema\\\/logo\\\/image\\\/\",\"url\":\"https:\\\/\\\/www.ariosto.it\\\/wp-content\\\/uploads\\\/2018\\\/07\\\/logo-ariosto-color.png\",\"contentUrl\":\"https:\\\/\\\/www.ariosto.it\\\/wp-content\\\/uploads\\\/2018\\\/07\\\/logo-ariosto-color.png\",\"width\":206,\"height\":68,\"caption\":\"Ariosto spa\"},\"image\":{\"@id\":\"https:\\\/\\\/www.ariosto.it\\\/fr\\\/#\\\/schema\\\/logo\\\/image\\\/\"},\"sameAs\":[\"https:\\\/\\\/it-it.facebook.com\\\/ariostospa\\\/\",\"https:\\\/\\\/www.youtube.com\\\/user\\\/AriostoAromi\",\"https:\\\/\\\/www.instagram.com\\\/ariosto_spa\\\/\"]}]}<\/script>\n<!-- \/ Yoast SEO plugin. -->","yoast_head_json":{"title":"Notre histoire - Ariosto S.p.A.","robots":{"index":"index","follow":"follow","max-snippet":"max-snippet:-1","max-image-preview":"max-image-preview:large","max-video-preview":"max-video-preview:-1"},"canonical":"https:\/\/www.ariosto.it\/fr\/qui-nous-sommes\/","og_locale":"fr_FR","og_type":"article","og_title":"Notre histoire - Ariosto S.p.A.","og_description":"[vc_row disable_element=&#8221;yes&#8221;][vc_column][\/vc_column][\/vc_row][vc_row][vc_column][\/vc_column][\/vc_row][vc_row disable_element=&#8221;yes&#8221;][vc_column width=&#8221;1\/2&#8243;][vc_single_image image=&#8221;3600&#8243; img_size=&#8221;full&#8221;][\/vc_column][vc_column width=&#8221;1\/2&#8243;][vc_column_text]Nous avons parcouru un long chemin depuis que, vers la fin des ann\u00e9es 50, un cuisinier exp\u00e9riment\u00e9 et imaginatif a invent\u00e9 le m\u00e9lange d\u2019aromates qui a rendu c\u00e9l\u00e8bre son restaurant. Depuis que sa consa (ail, romarin, sauge et herbes aromatiques finement hach\u00e9es) a r\u00e9volutionn\u00e9 l\u2019assaisonnement des r\u00f4tis, sa renomm\u00e9e [&hellip;]","og_url":"https:\/\/www.ariosto.it\/fr\/qui-nous-sommes\/","og_site_name":"Ariosto S.p.A.","article_publisher":"https:\/\/it-it.facebook.com\/ariostospa\/","article_modified_time":"2018-11-05T16:12:24+00:00","twitter_card":"summary_large_image","twitter_misc":{"Dur\u00e9e de lecture estim\u00e9e":"5 minutes"},"schema":{"@context":"https:\/\/schema.org","@graph":[{"@type":"WebPage","@id":"https:\/\/www.ariosto.it\/fr\/qui-nous-sommes\/","url":"https:\/\/www.ariosto.it\/fr\/qui-nous-sommes\/","name":"Notre histoire - Ariosto S.p.A.","isPartOf":{"@id":"https:\/\/www.ariosto.it\/fr\/#website"},"datePublished":"2018-11-05T16:05:30+00:00","dateModified":"2018-11-05T16:12:24+00:00","breadcrumb":{"@id":"https:\/\/www.ariosto.it\/fr\/qui-nous-sommes\/#breadcrumb"},"inLanguage":"fr-FR","potentialAction":[{"@type":"ReadAction","target":["https:\/\/www.ariosto.it\/fr\/qui-nous-sommes\/"]}]},{"@type":"BreadcrumbList","@id":"https:\/\/www.ariosto.it\/fr\/qui-nous-sommes\/#breadcrumb","itemListElement":[{"@type":"ListItem","position":1,"name":"Home","item":"https:\/\/www.ariosto.it\/fr\/"},{"@type":"ListItem","position":2,"name":"Qui nous sommes"}]},{"@type":"WebSite","@id":"https:\/\/www.ariosto.it\/fr\/#website","url":"https:\/\/www.ariosto.it\/fr\/","name":"Ariosto","description":"Da oltre 50 anni, fedeli alla nostra natura","publisher":{"@id":"https:\/\/www.ariosto.it\/fr\/#organization"},"potentialAction":[{"@type":"SearchAction","target":{"@type":"EntryPoint","urlTemplate":"https:\/\/www.ariosto.it\/fr\/?s={search_term_string}"},"query-input":{"@type":"PropertyValueSpecification","valueRequired":true,"valueName":"search_term_string"}}],"inLanguage":"fr-FR"},{"@type":"Organization","@id":"https:\/\/www.ariosto.it\/fr\/#organization","name":"Ariosto spa","url":"https:\/\/www.ariosto.it\/fr\/","logo":{"@type":"ImageObject","inLanguage":"fr-FR","@id":"https:\/\/www.ariosto.it\/fr\/#\/schema\/logo\/image\/","url":"https:\/\/www.ariosto.it\/wp-content\/uploads\/2018\/07\/logo-ariosto-color.png","contentUrl":"https:\/\/www.ariosto.it\/wp-content\/uploads\/2018\/07\/logo-ariosto-color.png","width":206,"height":68,"caption":"Ariosto spa"},"image":{"@id":"https:\/\/www.ariosto.it\/fr\/#\/schema\/logo\/image\/"},"sameAs":["https:\/\/it-it.facebook.com\/ariostospa\/","https:\/\/www.youtube.com\/user\/AriostoAromi","https:\/\/www.instagram.com\/ariosto_spa\/"]}]}},"_links":{"self":[{"href":"https:\/\/www.ariosto.it\/fr\/wp-json\/wp\/v2\/pages\/4205","targetHints":{"allow":["GET"]}}],"collection":[{"href":"https:\/\/www.ariosto.it\/fr\/wp-json\/wp\/v2\/pages"}],"about":[{"href":"https:\/\/www.ariosto.it\/fr\/wp-json\/wp\/v2\/types\/page"}],"author":[{"embeddable":true,"href":"https:\/\/www.ariosto.it\/fr\/wp-json\/wp\/v2\/users\/4"}],"replies":[{"embeddable":true,"href":"https:\/\/www.ariosto.it\/fr\/wp-json\/wp\/v2\/comments?post=4205"}],"version-history":[{"count":3,"href":"https:\/\/www.ariosto.it\/fr\/wp-json\/wp\/v2\/pages\/4205\/revisions"}],"predecessor-version":[{"id":4207,"href":"https:\/\/www.ariosto.it\/fr\/wp-json\/wp\/v2\/pages\/4205\/revisions\/4207"}],"wp:attachment":[{"href":"https:\/\/www.ariosto.it\/fr\/wp-json\/wp\/v2\/media?parent=4205"}],"curies":[{"name":"wp","href":"https:\/\/api.w.org\/{rel}","templated":true}]}}