{"id":4209,"date":"2018-11-05T17:28:53","date_gmt":"2018-11-05T16:28:53","guid":{"rendered":"https:\/\/www.ariosto.it\/des-produits-pour-toutes-les-tables-et-toutes-les-cuisines\/"},"modified":"2024-11-28T15:30:44","modified_gmt":"2024-11-28T14:30:44","slug":"produits","status":"publish","type":"page","link":"https:\/\/www.ariosto.it\/fr\/produits\/","title":{"rendered":"Des produits pour toutes les tables. Et toutes les cuisines"},"content":{"rendered":"<div class=\"wpb-content-wrapper\"><p>[vc_row equal_height=&#8221;yes&#8221; css=&#8221;.vc_custom_1669201952572{padding-top: 80px !important;}&#8221;][vc_column width=&#8221;1\/2&#8243; css=&#8221;.vc_custom_1539102285709{margin-right: 0px !important;margin-left: 0px !important;padding-right: 0px !important;padding-left: 0px !important;background-color: #f8f8f8 !important;}&#8221;][vc_column_text css=&#8221;.vc_custom_1669200573929{margin-top: 0px !important;margin-right: 0px !important;margin-left: 0px !important;padding-top: 0px !important;padding-right: 40px !important;padding-left: 40px !important;}&#8221;]<\/p>\n<h2><span style=\"color: #000000; font-size: 36px; line-height: 45px;\">Assaisonnements ligne classic<\/span><\/h2>\n<p>Depuis 60 ans, Ariosto est le protagoniste des cuisines italiennes avec sa gamme d\u2019assaisonnements compl\u00e8te et renomm\u00e9e. Des m\u00e9langes naturels \u00e0 base de sel marin et de fines herbes savamment brass\u00e9es rel\u00e8vent le go\u00fbt&#8230;[\/vc_column_text][vc_column_text css=&#8221;.vc_custom_1669210032073{border-right-width: 40px !important;padding-right: 40px !important;}&#8221;]<\/p>\n<p style=\"text-align: right;\"><a class=\"ghost-color-btn\" href=\"https:\/\/www.ariosto.it\/fr\/produits\/assaisonnements-ligne-classic\/\"> Lire plus &gt;<\/a><\/p>\n<p>[\/vc_column_text][\/vc_column][vc_column width=&#8221;1\/2&#8243; css=&#8221;.vc_custom_1489476422411{margin-top: 0px !important;margin-right: 0px !important;margin-bottom: 0px !important;margin-left: 0px !important;padding-top: 0px !important;padding-right: 0px !important;padding-bottom: 0px !important;padding-left: 0px !important;background-position: center !important;background-repeat: no-repeat !important;background-size: cover !important;}&#8221;][vc_single_image image=&#8221;5703&#8243; img_size=&#8221;full&#8221; css=&#8221;.vc_custom_1732804164677{margin-top: 0px !important;margin-right: 0px !important;margin-bottom: 0px !important;margin-left: 0px !important;padding-top: 0px !important;padding-right: 0px !important;padding-bottom: 0px !important;padding-left: 0px !important;}&#8221;][\/vc_column][\/vc_row][vc_row equal_height=&#8221;yes&#8221; css=&#8221;.vc_custom_1536674878307{padding-top: 20px !important;padding-bottom: px !important;}&#8221;][vc_column width=&#8221;1\/2&#8243; css=&#8221;.vc_custom_1489477156336{margin-top: 0px !important;margin-right: 0px !important;margin-bottom: 0px !important;margin-left: 0px !important;padding-top: 0px !important;padding-right: 0px !important;padding-bottom: 0px !important;padding-left: 0px !important;}&#8221;][vc_single_image image=&#8221;5708&#8243; img_size=&#8221;full&#8221; alignment=&#8221;right&#8221; css=&#8221;.vc_custom_1732804177689{margin-top: 0px !important;margin-right: 0px !important;margin-bottom: 0px !important;margin-left: 0px !important;padding-top: 0px !important;padding-right: 0px !important;padding-bottom: 0px !important;padding-left: 0px !important;}&#8221;][\/vc_column][vc_column width=&#8221;1\/2&#8243; css=&#8221;.vc_custom_1536591937840{margin-top: 0px !important;margin-right: 0px !important;margin-bottom: 0px !important;margin-left: 0px !important;padding-top: 35px !important;padding-right: 0px !important;padding-bottom: 0px !important;padding-left: 0px !important;background-color: #f8f8f8 !important;background-position: center !important;background-repeat: no-repeat !important;background-size: cover !important;}&#8221;][vc_column_text css=&#8221;.vc_custom_1540289253979{margin-top: 0px !important;margin-right: 0px !important;margin-left: 0px !important;padding-top: 0px !important;padding-right: 40px !important;padding-left: 40px !important;}&#8221;]<\/p>\n<h2><span style=\"color: #000000; font-size: 36px; line-height: 45px;\">Assaisonnements avec sel iod\u00e8<\/span><\/h2>\n<p>La gamme d\u2019assaisonnements Ariosto est compl\u00e9t\u00e9e par 3 variantes de sel iod\u00e9. Le sel iod\u00e9 participe au fonctionnement de la glande thyro\u00efde. Le m\u00e9lange Ariosto avec sel iod\u00e9 ne contient ni exhausteurs&#8230;[\/vc_column_text][vc_column_text css=&#8221;.vc_custom_1543421233922{padding-right: 40px !important;}&#8221;]<\/p>\n<p style=\"text-align: right;\"><a class=\"ghost-color-btn\" href=\"https:\/\/www.ariosto.it\/fr\/produits\/assaisonnements-avec-sel-iode\/\"> Lire plus &gt;<\/a><\/p>\n<p>[\/vc_column_text][\/vc_column][\/vc_row][vc_row equal_height=&#8221;yes&#8221; css=&#8221;.vc_custom_1536591483651{padding-top: 20px !important;}&#8221;][vc_column width=&#8221;1\/2&#8243; css=&#8221;.vc_custom_1489477418893{margin-right: 0px !important;margin-left: 0px !important;padding-right: 0px !important;padding-left: 0px !important;background-color: #f8f8f8 !important;}&#8221;][vc_column_text css=&#8221;.vc_custom_1732804241507{margin-top: 0px !important;margin-right: 0px !important;margin-left: 0px !important;padding-top: 0px !important;padding-right: 40px !important;padding-left: 40px !important;}&#8221;]<\/p>\n<h2><span style=\"color: #000000; font-size: 36px; line-height: 45px;\">Ariosto InSalsa<\/span><\/h2>\n<p><span class=\"fontstyle0\">2023: <\/span><span class=\"fontstyle2\">Ariosto <\/span><span class=\"fontstyle0\">propose au march\u00e9 alimentaire une grande innovation r\u00e9volutionnaire. Il s&#8217;agit d&#8217;<\/span><span class=\"fontstyle2\">Ariosto InSalsa<\/span><span class=\"fontstyle0\">, la nouvelle gamme de sauces pr\u00eates \u00e0 l&#8217;emploi. L&#8217;id\u00e9e est aussi simple qu&#8217;efficace: amener \u00e0 table les fameux<\/span>&#8230;[\/vc_column_text][vc_column_text css=&#8221;.vc_custom_1669210052652{border-right-width: 40px !important;padding-right: 40px !important;}&#8221;]<\/p>\n<p style=\"text-align: right;\"><a class=\"ghost-color-btn\" href=\"https:\/\/www.ariosto.it\/fr\/produits\/ariosto-insalsa\/\"> Lire plus &gt;<\/a><\/p>\n<p>[\/vc_column_text][\/vc_column][vc_column width=&#8221;1\/2&#8243; css=&#8221;.vc_custom_1489476422411{margin-top: 0px !important;margin-right: 0px !important;margin-bottom: 0px !important;margin-left: 0px !important;padding-top: 0px !important;padding-right: 0px !important;padding-bottom: 0px !important;padding-left: 0px !important;background-position: center !important;background-repeat: no-repeat !important;background-size: cover !important;}&#8221;][vc_single_image image=&#8221;5713&#8243; img_size=&#8221;full&#8221; css=&#8221;.vc_custom_1732804190416{margin-top: 0px !important;margin-right: 0px !important;margin-bottom: 0px !important;margin-left: 0px !important;padding-top: 0px !important;padding-right: 0px !important;padding-bottom: 0px !important;padding-left: 0px !important;}&#8221;][\/vc_column][\/vc_row][vc_row equal_height=&#8221;yes&#8221; css=&#8221;.vc_custom_1536592061002{padding-top: 20px !important;padding-bottom: 0px !important;}&#8221;][vc_column width=&#8221;1\/2&#8243; css=&#8221;.vc_custom_1489477156336{margin-top: 0px !important;margin-right: 0px !important;margin-bottom: 0px !important;margin-left: 0px !important;padding-top: 0px !important;padding-right: 0px !important;padding-bottom: 0px !important;padding-left: 0px !important;}&#8221;][vc_single_image image=&#8221;5253&#8243; img_size=&#8221;full&#8221; css=&#8221;.vc_custom_1639387908622{margin-top: 0px !important;margin-right: 0px !important;margin-bottom: 0px !important;margin-left: 0px !important;padding-top: 0px !important;padding-right: 0px !important;padding-bottom: 0px !important;padding-left: 0px !important;}&#8221;][\/vc_column][vc_column width=&#8221;1\/2&#8243; css=&#8221;.vc_custom_1536592074014{margin-top: 0px !important;margin-right: 0px !important;margin-bottom: 0px !important;margin-left: 0px !important;padding-top: 35px !important;padding-right: 0px !important;padding-bottom: 0px !important;padding-left: 0px !important;background-color: #f8f8f8 !important;background-position: center !important;background-repeat: no-repeat !important;background-size: cover !important;}&#8221;][vc_column_text css=&#8221;.vc_custom_1669200865696{margin-top: 0px !important;margin-right: 0px !important;margin-left: 0px !important;padding-top: 0px !important;padding-right: 40px !important;padding-left: 40px !important;}&#8221;]<\/p>\n<h2><span style=\"color: #000000; font-size: 36px; line-height: 45px;\">Pour paner<\/span><\/h2>\n<p>L\u2019exp\u00e9rience d\u2019Ariosto se reconna\u00eet aussi dans la po\u00eale, lorsque la recette pr\u00e9voit une belle friture. Et nous savons bien que la qualit\u00e9 de la friture d\u00e9pend non seulement de la pr\u00e9paration, mais aussi des ingr\u00e9dients&#8230;[\/vc_column_text][vc_column_text css=&#8221;.vc_custom_1543421259067{padding-right: 40px !important;}&#8221;]<\/p>\n<p style=\"text-align: right;\"><a class=\"ghost-color-btn\" href=\"https:\/\/www.ariosto.it\/en\/products\/for-breading\/\"> Lire plus &gt;<\/a><\/p>\n<p>[\/vc_column_text][\/vc_column][\/vc_row][vc_row equal_height=&#8221;yes&#8221; css=&#8221;.vc_custom_1536591527557{padding-top: 20px !important;}&#8221;][vc_column width=&#8221;1\/2&#8243; css=&#8221;.vc_custom_1489477418893{margin-right: 0px !important;margin-left: 0px !important;padding-right: 0px !important;padding-left: 0px !important;background-color: #f8f8f8 !important;}&#8221;][vc_column_text css=&#8221;.vc_custom_1541005351375{margin-top: 0px !important;margin-right: 0px !important;margin-left: 0px !important;padding-top: 0px !important;padding-right: 40px !important;padding-left: 40px !important;}&#8221;]<\/p>\n<h2><span style=\"color: #000000; font-size: 36px; line-height: 45px;\">\u00c9pices et fines herbes<\/span><\/h2>\n<p>Quand on parle de go\u00fbt, en cuisine ou sur la table, chacun a son avis. Mais sur un point tout le monde est d\u2019accord : la qualit\u00e9 compte. La qualit\u00e9 des produits, des mati\u00e8res premi\u00e8res et des lieux d\u2019origine. La nature le sait, et nous aussi&#8230;[\/vc_column_text][vc_column_text css=&#8221;.vc_custom_1543421287031{padding-right: 40px !important;}&#8221;]<\/p>\n<p style=\"text-align: right;\"><a class=\"ghost-color-btn\" href=\"https:\/\/www.ariosto.it\/en\/products\/spices-and-herbs\/\"> Lire plus &gt;<\/a><\/p>\n<p>[\/vc_column_text][\/vc_column][vc_column width=&#8221;1\/2&#8243; css=&#8221;.vc_custom_1489476422411{margin-top: 0px !important;margin-right: 0px !important;margin-bottom: 0px !important;margin-left: 0px !important;padding-top: 0px !important;padding-right: 0px !important;padding-bottom: 0px !important;padding-left: 0px !important;background-position: center !important;background-repeat: no-repeat !important;background-size: cover !important;}&#8221;][vc_single_image image=&#8221;5718&#8243; img_size=&#8221;full&#8221; alignment=&#8221;right&#8221; css=&#8221;.vc_custom_1732804204839{margin-top: 0px !important;margin-right: 0px !important;margin-bottom: 0px !important;margin-left: 0px !important;padding-top: 0px !important;padding-right: 0px !important;padding-bottom: 0px !important;padding-left: 0px !important;}&#8221;][\/vc_column][\/vc_row][vc_row equal_height=&#8221;yes&#8221; css=&#8221;.vc_custom_1540289728351{padding-top: 20px !important;padding-bottom: 20px !important;}&#8221;][vc_column width=&#8221;1\/2&#8243; css=&#8221;.vc_custom_1489477156336{margin-top: 0px !important;margin-right: 0px !important;margin-bottom: 0px !important;margin-left: 0px !important;padding-top: 0px !important;padding-right: 0px !important;padding-bottom: 0px !important;padding-left: 0px !important;}&#8221;][vc_single_image image=&#8221;3608&#8243; img_size=&#8221;full&#8221; css=&#8221;.vc_custom_1538403725017{margin-top: 0px !important;margin-right: 0px !important;margin-bottom: 0px !important;margin-left: 0px !important;padding-top: 0px !important;padding-right: 0px !important;padding-bottom: 0px !important;padding-left: 0px !important;}&#8221;][\/vc_column][vc_column width=&#8221;1\/2&#8243; css=&#8221;.vc_custom_1536592074014{margin-top: 0px !important;margin-right: 0px !important;margin-bottom: 0px !important;margin-left: 0px !important;padding-top: 35px !important;padding-right: 0px !important;padding-bottom: 0px !important;padding-left: 0px !important;background-color: #f8f8f8 !important;background-position: center !important;background-repeat: no-repeat !important;background-size: cover !important;}&#8221;][vc_column_text css=&#8221;.vc_custom_1540289411753{margin-top: 0px !important;margin-right: 0px !important;margin-left: 0px !important;padding-top: 0px !important;padding-right: 40px !important;padding-left: 40px !important;}&#8221;]<\/p>\n<h2><span style=\"color: #000000; font-size: 36px; line-height: 45px;\">Une aide en cuisine<\/span><\/h2>\n<p>Ariosto conna\u00eet bien les exigences des consommateurs, plus que jamais \u00e0 la recherche de produits de qualit\u00e9 capables de donner un coup de main \u00e0 tous ceux qui ne veulent pas renoncer \u00e0 la bonne cuisiner&#8230;[\/vc_column_text][vc_column_text css=&#8221;.vc_custom_1543421317395{padding-right: 40px !important;}&#8221;]<\/p>\n<p style=\"text-align: right;\"><a class=\"ghost-color-btn\" href=\"https:\/\/www.ariosto.it\/en\/products\/a-help-in-the-kitchen\/\"> Lire plus &gt;<\/a><\/p>\n<p>[\/vc_column_text][\/vc_column][\/vc_row][vc_row equal_height=&#8221;yes&#8221; css=&#8221;.vc_custom_1669201987431{padding-top: 0px !important;padding-bottom: 20px !important;}&#8221;][vc_column width=&#8221;1\/2&#8243; css=&#8221;.vc_custom_1489477418893{margin-right: 0px !important;margin-left: 0px !important;padding-right: 0px !important;padding-left: 0px !important;background-color: #f8f8f8 !important;}&#8221;][vc_column_text css=&#8221;.vc_custom_1541005337840{margin-top: 0px !important;margin-right: 0px !important;margin-left: 0px !important;padding-top: 0px !important;padding-right: 40px !important;padding-left: 40px !important;}&#8221;]<\/p>\n<h2><span style=\"color: #000000; font-size: 36px; line-height: 45px;\">Ligne restauration<\/span><\/h2>\n<p>Cuisiner est un art, ind\u00e9pendamment du lieu o\u00f9 on l\u2019exerce. En famille ou pour des dizaines de personnes, cela ne change pas. Mais la cuisine professionnelle requiert une exp\u00e9rience et une attention particuli\u00e8res&#8230;[\/vc_column_text][vc_column_text css=&#8221;.vc_custom_1548683938177{padding-right: 40px !important;}&#8221;]<\/p>\n<p style=\"text-align: right;\"><a class=\"ghost-color-btn\" href=\"https:\/\/www.ariosto.it\/fr\/produits\/ligne-restauration\/\"> Lire plus &gt;<\/a><\/p>\n<p>[\/vc_column_text][\/vc_column][vc_column width=&#8221;1\/2&#8243; css=&#8221;.vc_custom_1489476422411{margin-top: 0px !important;margin-right: 0px !important;margin-bottom: 0px !important;margin-left: 0px !important;padding-top: 0px !important;padding-right: 0px !important;padding-bottom: 0px !important;padding-left: 0px !important;background-position: center !important;background-repeat: no-repeat !important;background-size: cover !important;}&#8221;][vc_single_image image=&#8221;5723&#8243; img_size=&#8221;full&#8221; alignment=&#8221;right&#8221; css=&#8221;.vc_custom_1732804219949{margin-top: 0px !important;margin-right: 0px !important;margin-bottom: 0px !important;margin-left: 0px !important;padding-top: 0px !important;padding-right: 0px !important;padding-bottom: 0px !important;padding-left: 0px !important;}&#8221;][\/vc_column][\/vc_row]<\/p>\n<\/div>","protected":false},"excerpt":{"rendered":"<p>[vc_row equal_height=&#8221;yes&#8221; css=&#8221;.vc_custom_1669201952572{padding-top: 80px !important;}&#8221;][vc_column width=&#8221;1\/2&#8243; css=&#8221;.vc_custom_1539102285709{margin-right: 0px !important;margin-left: 0px !important;padding-right: 0px !important;padding-left: 0px !important;background-color: #f8f8f8 !important;}&#8221;][vc_column_text css=&#8221;.vc_custom_1669200573929{margin-top: 0px !important;margin-right: 0px !important;margin-left: 0px !important;padding-top: 0px !important;padding-right: 40px !important;padding-left: 40px !important;}&#8221;] Assaisonnements ligne classic Depuis 60 ans, Ariosto est le protagoniste des cuisines italiennes avec sa gamme d\u2019assaisonnements compl\u00e8te et renomm\u00e9e. Des m\u00e9langes naturels \u00e0 base [&hellip;]<\/p>\n","protected":false},"author":4,"featured_media":0,"parent":0,"menu_order":0,"comment_status":"closed","ping_status":"closed","template":"","meta":{"footnotes":""},"class_list":["post-4209","page","type-page","status-publish","hentry"],"yoast_head":"<!-- This site is optimized with the Yoast SEO plugin v27.4 - https:\/\/yoast.com\/product\/yoast-seo-wordpress\/ -->\n<title>Des produits pour toutes les tables. Et toutes les cuisines - Ariosto S.p.A.<\/title>\n<meta name=\"robots\" content=\"index, follow, max-snippet:-1, max-image-preview:large, max-video-preview:-1\" \/>\n<link rel=\"canonical\" href=\"https:\/\/www.ariosto.it\/fr\/produits\/\" \/>\n<meta property=\"og:locale\" content=\"fr_FR\" \/>\n<meta property=\"og:type\" content=\"article\" \/>\n<meta property=\"og:title\" content=\"Des produits pour toutes les tables. Et toutes les cuisines - Ariosto S.p.A.\" \/>\n<meta property=\"og:description\" content=\"[vc_row equal_height=&#8221;yes&#8221; css=&#8221;.vc_custom_1669201952572{padding-top: 80px !important;}&#8221;][vc_column width=&#8221;1\/2&#8243; css=&#8221;.vc_custom_1539102285709{margin-right: 0px !important;margin-left: 0px !important;padding-right: 0px !important;padding-left: 0px !important;background-color: #f8f8f8 !important;}&#8221;][vc_column_text css=&#8221;.vc_custom_1669200573929{margin-top: 0px !important;margin-right: 0px !important;margin-left: 0px !important;padding-top: 0px !important;padding-right: 40px !important;padding-left: 40px !important;}&#8221;] Assaisonnements ligne classic Depuis 60 ans, Ariosto est le protagoniste des cuisines italiennes avec sa gamme d\u2019assaisonnements compl\u00e8te et renomm\u00e9e. Des m\u00e9langes naturels \u00e0 base [&hellip;]\" \/>\n<meta property=\"og:url\" content=\"https:\/\/www.ariosto.it\/fr\/produits\/\" \/>\n<meta property=\"og:site_name\" content=\"Ariosto S.p.A.\" \/>\n<meta property=\"article:publisher\" content=\"https:\/\/it-it.facebook.com\/ariostospa\/\" \/>\n<meta property=\"article:modified_time\" content=\"2024-11-28T14:30:44+00:00\" \/>\n<meta name=\"twitter:card\" content=\"summary_large_image\" \/>\n<meta name=\"twitter:label1\" content=\"Dur\u00e9e de lecture estim\u00e9e\" \/>\n\t<meta name=\"twitter:data1\" content=\"7 minutes\" \/>\n<script type=\"application\/ld+json\" class=\"yoast-schema-graph\">{\"@context\":\"https:\\\/\\\/schema.org\",\"@graph\":[{\"@type\":\"WebPage\",\"@id\":\"https:\\\/\\\/www.ariosto.it\\\/fr\\\/produits\\\/\",\"url\":\"https:\\\/\\\/www.ariosto.it\\\/fr\\\/produits\\\/\",\"name\":\"Des produits pour toutes les tables. Et toutes les cuisines - Ariosto S.p.A.\",\"isPartOf\":{\"@id\":\"https:\\\/\\\/www.ariosto.it\\\/fr\\\/#website\"},\"datePublished\":\"2018-11-05T16:28:53+00:00\",\"dateModified\":\"2024-11-28T14:30:44+00:00\",\"breadcrumb\":{\"@id\":\"https:\\\/\\\/www.ariosto.it\\\/fr\\\/produits\\\/#breadcrumb\"},\"inLanguage\":\"fr-FR\",\"potentialAction\":[{\"@type\":\"ReadAction\",\"target\":[\"https:\\\/\\\/www.ariosto.it\\\/fr\\\/produits\\\/\"]}]},{\"@type\":\"BreadcrumbList\",\"@id\":\"https:\\\/\\\/www.ariosto.it\\\/fr\\\/produits\\\/#breadcrumb\",\"itemListElement\":[{\"@type\":\"ListItem\",\"position\":1,\"name\":\"Home\",\"item\":\"https:\\\/\\\/www.ariosto.it\\\/fr\\\/\"},{\"@type\":\"ListItem\",\"position\":2,\"name\":\"Produits\"}]},{\"@type\":\"WebSite\",\"@id\":\"https:\\\/\\\/www.ariosto.it\\\/fr\\\/#website\",\"url\":\"https:\\\/\\\/www.ariosto.it\\\/fr\\\/\",\"name\":\"Ariosto\",\"description\":\"Da oltre 50 anni, fedeli alla nostra natura\",\"publisher\":{\"@id\":\"https:\\\/\\\/www.ariosto.it\\\/fr\\\/#organization\"},\"potentialAction\":[{\"@type\":\"SearchAction\",\"target\":{\"@type\":\"EntryPoint\",\"urlTemplate\":\"https:\\\/\\\/www.ariosto.it\\\/fr\\\/?s={search_term_string}\"},\"query-input\":{\"@type\":\"PropertyValueSpecification\",\"valueRequired\":true,\"valueName\":\"search_term_string\"}}],\"inLanguage\":\"fr-FR\"},{\"@type\":\"Organization\",\"@id\":\"https:\\\/\\\/www.ariosto.it\\\/fr\\\/#organization\",\"name\":\"Ariosto spa\",\"url\":\"https:\\\/\\\/www.ariosto.it\\\/fr\\\/\",\"logo\":{\"@type\":\"ImageObject\",\"inLanguage\":\"fr-FR\",\"@id\":\"https:\\\/\\\/www.ariosto.it\\\/fr\\\/#\\\/schema\\\/logo\\\/image\\\/\",\"url\":\"https:\\\/\\\/www.ariosto.it\\\/wp-content\\\/uploads\\\/2018\\\/07\\\/logo-ariosto-color.png\",\"contentUrl\":\"https:\\\/\\\/www.ariosto.it\\\/wp-content\\\/uploads\\\/2018\\\/07\\\/logo-ariosto-color.png\",\"width\":206,\"height\":68,\"caption\":\"Ariosto spa\"},\"image\":{\"@id\":\"https:\\\/\\\/www.ariosto.it\\\/fr\\\/#\\\/schema\\\/logo\\\/image\\\/\"},\"sameAs\":[\"https:\\\/\\\/it-it.facebook.com\\\/ariostospa\\\/\",\"https:\\\/\\\/www.youtube.com\\\/user\\\/AriostoAromi\",\"https:\\\/\\\/www.instagram.com\\\/ariosto_spa\\\/\"]}]}<\/script>\n<!-- \/ Yoast SEO plugin. -->","yoast_head_json":{"title":"Des produits pour toutes les tables. Et toutes les cuisines - Ariosto S.p.A.","robots":{"index":"index","follow":"follow","max-snippet":"max-snippet:-1","max-image-preview":"max-image-preview:large","max-video-preview":"max-video-preview:-1"},"canonical":"https:\/\/www.ariosto.it\/fr\/produits\/","og_locale":"fr_FR","og_type":"article","og_title":"Des produits pour toutes les tables. Et toutes les cuisines - Ariosto S.p.A.","og_description":"[vc_row equal_height=&#8221;yes&#8221; css=&#8221;.vc_custom_1669201952572{padding-top: 80px !important;}&#8221;][vc_column width=&#8221;1\/2&#8243; css=&#8221;.vc_custom_1539102285709{margin-right: 0px !important;margin-left: 0px !important;padding-right: 0px !important;padding-left: 0px !important;background-color: #f8f8f8 !important;}&#8221;][vc_column_text css=&#8221;.vc_custom_1669200573929{margin-top: 0px !important;margin-right: 0px !important;margin-left: 0px !important;padding-top: 0px !important;padding-right: 40px !important;padding-left: 40px !important;}&#8221;] Assaisonnements ligne classic Depuis 60 ans, Ariosto est le protagoniste des cuisines italiennes avec sa gamme d\u2019assaisonnements compl\u00e8te et renomm\u00e9e. Des m\u00e9langes naturels \u00e0 base [&hellip;]","og_url":"https:\/\/www.ariosto.it\/fr\/produits\/","og_site_name":"Ariosto S.p.A.","article_publisher":"https:\/\/it-it.facebook.com\/ariostospa\/","article_modified_time":"2024-11-28T14:30:44+00:00","twitter_card":"summary_large_image","twitter_misc":{"Dur\u00e9e de lecture estim\u00e9e":"7 minutes"},"schema":{"@context":"https:\/\/schema.org","@graph":[{"@type":"WebPage","@id":"https:\/\/www.ariosto.it\/fr\/produits\/","url":"https:\/\/www.ariosto.it\/fr\/produits\/","name":"Des produits pour toutes les tables. Et toutes les cuisines - Ariosto S.p.A.","isPartOf":{"@id":"https:\/\/www.ariosto.it\/fr\/#website"},"datePublished":"2018-11-05T16:28:53+00:00","dateModified":"2024-11-28T14:30:44+00:00","breadcrumb":{"@id":"https:\/\/www.ariosto.it\/fr\/produits\/#breadcrumb"},"inLanguage":"fr-FR","potentialAction":[{"@type":"ReadAction","target":["https:\/\/www.ariosto.it\/fr\/produits\/"]}]},{"@type":"BreadcrumbList","@id":"https:\/\/www.ariosto.it\/fr\/produits\/#breadcrumb","itemListElement":[{"@type":"ListItem","position":1,"name":"Home","item":"https:\/\/www.ariosto.it\/fr\/"},{"@type":"ListItem","position":2,"name":"Produits"}]},{"@type":"WebSite","@id":"https:\/\/www.ariosto.it\/fr\/#website","url":"https:\/\/www.ariosto.it\/fr\/","name":"Ariosto","description":"Da oltre 50 anni, fedeli alla nostra natura","publisher":{"@id":"https:\/\/www.ariosto.it\/fr\/#organization"},"potentialAction":[{"@type":"SearchAction","target":{"@type":"EntryPoint","urlTemplate":"https:\/\/www.ariosto.it\/fr\/?s={search_term_string}"},"query-input":{"@type":"PropertyValueSpecification","valueRequired":true,"valueName":"search_term_string"}}],"inLanguage":"fr-FR"},{"@type":"Organization","@id":"https:\/\/www.ariosto.it\/fr\/#organization","name":"Ariosto spa","url":"https:\/\/www.ariosto.it\/fr\/","logo":{"@type":"ImageObject","inLanguage":"fr-FR","@id":"https:\/\/www.ariosto.it\/fr\/#\/schema\/logo\/image\/","url":"https:\/\/www.ariosto.it\/wp-content\/uploads\/2018\/07\/logo-ariosto-color.png","contentUrl":"https:\/\/www.ariosto.it\/wp-content\/uploads\/2018\/07\/logo-ariosto-color.png","width":206,"height":68,"caption":"Ariosto spa"},"image":{"@id":"https:\/\/www.ariosto.it\/fr\/#\/schema\/logo\/image\/"},"sameAs":["https:\/\/it-it.facebook.com\/ariostospa\/","https:\/\/www.youtube.com\/user\/AriostoAromi","https:\/\/www.instagram.com\/ariosto_spa\/"]}]}},"_links":{"self":[{"href":"https:\/\/www.ariosto.it\/fr\/wp-json\/wp\/v2\/pages\/4209","targetHints":{"allow":["GET"]}}],"collection":[{"href":"https:\/\/www.ariosto.it\/fr\/wp-json\/wp\/v2\/pages"}],"about":[{"href":"https:\/\/www.ariosto.it\/fr\/wp-json\/wp\/v2\/types\/page"}],"author":[{"embeddable":true,"href":"https:\/\/www.ariosto.it\/fr\/wp-json\/wp\/v2\/users\/4"}],"replies":[{"embeddable":true,"href":"https:\/\/www.ariosto.it\/fr\/wp-json\/wp\/v2\/comments?post=4209"}],"version-history":[{"count":15,"href":"https:\/\/www.ariosto.it\/fr\/wp-json\/wp\/v2\/pages\/4209\/revisions"}],"predecessor-version":[{"id":5727,"href":"https:\/\/www.ariosto.it\/fr\/wp-json\/wp\/v2\/pages\/4209\/revisions\/5727"}],"wp:attachment":[{"href":"https:\/\/www.ariosto.it\/fr\/wp-json\/wp\/v2\/media?parent=4209"}],"curies":[{"name":"wp","href":"https:\/\/api.w.org\/{rel}","templated":true}]}}