{"id":4220,"date":"2018-11-05T18:48:38","date_gmt":"2018-11-05T17:48:38","guid":{"rendered":"https:\/\/www.ariosto.it\/produits\/il-manque-quelque-chose-a-vote-plat-nous-avons-tout-ce-dont-vous-avez-besoin\/"},"modified":"2026-03-12T17:41:29","modified_gmt":"2026-03-12T16:41:29","slug":"epices-et-fines-herbes","status":"publish","type":"page","link":"https:\/\/www.ariosto.it\/fr\/produits\/epices-et-fines-herbes\/","title":{"rendered":"Il manque quelque chose \u00e0 vote plat? Nous avons tout ce dont vous avez besoin"},"content":{"rendered":"<div class=\"wpb-content-wrapper\"><p>[vc_row equal_height=&#8221;yes&#8221; css=&#8221;.vc_custom_1536676762405{padding-top: 80px !important;}&#8221;][vc_column css=&#8221;.vc_custom_1539182706210{margin-right: 0px !important;margin-left: 0px !important;padding-right: 0px !important;padding-left: 0px !important;background-color: #35793f !important;}&#8221;][vc_column_text css=&#8221;.vc_custom_1773333644105{margin-top: 0px !important;margin-right: 0px !important;margin-left: 0px !important;padding-top: 0px !important;padding-right: 40px !important;padding-left: 40px !important;}&#8221;]<\/p>\n<p style=\"color: #ffffff;\">Quand on parle de go\u00fbt, en cuisine ou sur la table, chacun a son avis. Mais sur un point tout le monde est d\u2019accord: la qualit\u00e9 compte. La qualit\u00e9 des produits, des mati\u00e8res premi\u00e8res et des lieux d\u2019origine. La nature le sait, et nous aussi. L\u2019offre d\u2019Ariosto comprend tout ce dont vous avez besoin pour relever le go\u00fbt de tous les plats, durant la pr\u00e9paration ou directement sur la table. Sel et poivre, le pr\u00e9cieux safran, et une riche gamme de plus de 30 \u00e9pices et herbes aromatiques : du piment au curry, de la menthe \u00e0 l&#8217;ail, du romarin \u00e0 l&#8217;anis.<\/p>\n<p>[\/vc_column_text][\/vc_column][\/vc_row][vc_row equal_height=&#8221;yes&#8221; css=&#8221;.vc_custom_1536591483651{padding-top: 20px !important;}&#8221;][vc_column width=&#8221;1\/2&#8243; css=&#8221;.vc_custom_1489477418893{margin-right: 0px !important;margin-left: 0px !important;padding-right: 0px !important;padding-left: 0px !important;background-color: #f8f8f8 !important;}&#8221;][vc_column_text css=&#8221;.vc_custom_1538406224055{margin-top: 0px !important;margin-right: 0px !important;margin-left: 0px !important;padding-top: 0px !important;padding-right: 40px !important;padding-left: 40px !important;}&#8221;]<\/p>\n<h2 class=\"txt-primary\">Ligne \u00c9pices et Herbes aromatiques<\/h2>\n<p>Qui mieux qu\u2019Ariosto<strong> pouvait s\u00e9lectionner les meilleures qualit\u00e9s de fines herbes et d\u2019\u00e9pices<\/strong> pour la cuisine de tous les jours?\u00a0Des aromates les plus utilis\u00e9s, tels que l\u2019ail, l\u2019origan, le basilic, l\u2019oignon et le fenouil \u00e0 la menthe, au persil et au romarin. Et pour toutes les exigences et les recettes, nous avons les \u00e9pices les plus adapt\u00e9es\u00a0: cannelle, curry, curcuma, paprika, noix de muscade, piment et tous les types de poivres.<br \/>\nUne <strong>gamme compl\u00e8te<\/strong> en \u00e9volution continue.[\/vc_column_text][\/vc_column][vc_column width=&#8221;1\/2&#8243; css=&#8221;.vc_custom_1538407646641{margin-top: 0px !important;margin-right: 0px !important;margin-bottom: 0px !important;margin-left: 0px !important;padding-top: 0px !important;padding-right: 0px !important;padding-bottom: 0px !important;padding-left: 0px !important;background-color: #f8f8f8 !important;background-position: center !important;background-repeat: no-repeat !important;background-size: cover !important;}&#8221;][vc_single_image image=&#8221;5674&#8243; img_size=&#8221;full&#8221; css=&#8221;.vc_custom_1730197714600{margin-top: 0px !important;margin-right: 0px !important;margin-bottom: 0px !important;margin-left: 0px !important;padding-top: 20px !important;padding-right: 20px !important;padding-bottom: 20px !important;padding-left: 0px !important;}&#8221;][\/vc_column][\/vc_row][vc_row equal_height=&#8221;yes&#8221; css=&#8221;.vc_custom_1536592061002{padding-top: 20px !important;padding-bottom: 0px !important;}&#8221;][vc_column width=&#8221;1\/2&#8243; css=&#8221;.vc_custom_1538407715606{margin-top: 0px !important;margin-right: 0px !important;margin-bottom: 0px !important;margin-left: 0px !important;padding-top: 0px !important;padding-right: 0px !important;padding-bottom: 0px !important;padding-left: 0px !important;background-color: #f8f8f8 !important;}&#8221;][vc_single_image image=&#8221;3216&#8243; img_size=&#8221;full&#8221; alignment=&#8221;right&#8221; css=&#8221;.vc_custom_1538409714865{margin-top: 0px !important;margin-right: 0px !important;margin-bottom: 0px !important;margin-left: 0px !important;padding-top: 20px !important;padding-right: 0px !important;padding-bottom: 20px !important;padding-left: 20px !important;}&#8221;][\/vc_column][vc_column width=&#8221;1\/2&#8243; css=&#8221;.vc_custom_1536592074014{margin-top: 0px !important;margin-right: 0px !important;margin-bottom: 0px !important;margin-left: 0px !important;padding-top: 35px !important;padding-right: 0px !important;padding-bottom: 0px !important;padding-left: 0px !important;background-color: #f8f8f8 !important;background-position: center !important;background-repeat: no-repeat !important;background-size: cover !important;}&#8221;][vc_column_text css=&#8221;.vc_custom_1773333686527{margin-top: 0px !important;margin-right: 0px !important;margin-left: 0px !important;padding-top: 0px !important;padding-right: 40px !important;padding-left: 40px !important;}&#8221;]<\/p>\n<h2 class=\"txt-primary\">Ligne Macinatric<\/h2>\n<p>Ariosto pr\u00e9sente la nouvelle gamme Macinatric : quatre pots avec <strong>moulin \u00e0 grains int\u00e9gr\u00e9<\/strong>, pour une utilisation pratique du sel et du poivre \u00e0 table avec le meilleur r\u00e9sultat en termes de fra\u00eecheur et de saveur, comme il se doit. La gamme comprend <strong>deux vari\u00e9t\u00e9s de sel : rose de l\u2019Himalaya et iod\u00e9 et deux de poivre : le poivre noir classique et le m\u00e9lange \u00ab cr\u00e9ole \u00bb<\/strong>, compos\u00e9 de diff\u00e9rentes qualit\u00e9s.[\/vc_column_text][\/vc_column][\/vc_row][vc_row equal_height=&#8221;yes&#8221; css=&#8221;.vc_custom_1538409745330{padding-top: 20px !important;padding-bottom: 20px !important;}&#8221;][vc_column width=&#8221;1\/2&#8243; css=&#8221;.vc_custom_1489477418893{margin-right: 0px !important;margin-left: 0px !important;padding-right: 0px !important;padding-left: 0px !important;background-color: #f8f8f8 !important;}&#8221;][vc_column_text css=&#8221;.vc_custom_1543419915946{margin-top: 0px !important;margin-right: 0px !important;margin-left: 0px !important;padding-top: 0px !important;padding-right: 40px !important;padding-left: 40px !important;}&#8221;]<\/p>\n<h2 class=\"txt-primary\">Zafferano Aquila<\/h2>\n<p>Le safran Aquila Ariosto, id\u00e9al pour la pr\u00e9paration de<strong> risottos, plats de viande et de poisson<\/strong>, etc., est obtenu exclusivement en broyant les pistils du <strong>Crocus sativus linnoeus<\/strong> (safran).\u00a0Sa <strong>qualit\u00e9 sup\u00e9rieure<\/strong> est mise en \u00e9vidence par sa couleur\u00a0d\u2019un <strong>rouge intense<\/strong>, en raison de sa teneur \u00e9lev\u00e9e de crocine. La<strong> crocine<\/strong> est l\u2019\u00e9l\u00e9ment d\u00e9terminant pour conf\u00e9rer au safran son pouvoir colorant. La r\u00e9colte des fleurs dont on obtient le safran se fait en automne, vers octobre-novembre, et elle est enti\u00e8rement effectu\u00e9e \u00e0 la main. Environ 150 000 fleurs sont n\u00e9cessaires pour obtenir un kilo de safran.<br \/>\nL\u2019emballage de safran Aquila contient <strong>3 sachets de 130 mg<\/strong> pour un total de 390 mg.[\/vc_column_text][\/vc_column][vc_column width=&#8221;1\/2&#8243; css=&#8221;.vc_custom_1538409734305{margin-top: 0px !important;margin-right: 0px !important;margin-bottom: 0px !important;margin-left: 0px !important;padding-top: 20px !important;padding-right: 20px !important;padding-bottom: 20px !important;padding-left: 0px !important;background-color: #f8f8f8 !important;background-position: center !important;background-repeat: no-repeat !important;background-size: cover !important;}&#8221;][vc_single_image image=&#8221;3236&#8243; img_size=&#8221;full&#8221; css=&#8221;.vc_custom_1536762972958{margin-top: 0px !important;margin-right: 0px !important;margin-bottom: 0px !important;margin-left: 0px !important;padding-top: 0px !important;padding-right: 0px !important;padding-bottom: 0px !important;padding-left: 0px !important;}&#8221;][\/vc_column][\/vc_row]<\/p>\n<\/div>","protected":false},"excerpt":{"rendered":"<p>[vc_row equal_height=&#8221;yes&#8221; css=&#8221;.vc_custom_1536676762405{padding-top: 80px !important;}&#8221;][vc_column css=&#8221;.vc_custom_1539182706210{margin-right: 0px !important;margin-left: 0px !important;padding-right: 0px !important;padding-left: 0px !important;background-color: #35793f !important;}&#8221;][vc_column_text css=&#8221;.vc_custom_1773333644105{margin-top: 0px !important;margin-right: 0px !important;margin-left: 0px !important;padding-top: 0px !important;padding-right: 40px !important;padding-left: 40px !important;}&#8221;] Quand on parle de go\u00fbt, en cuisine ou sur la table, chacun a son avis. Mais sur un point tout le monde est d\u2019accord: la qualit\u00e9 [&hellip;]<\/p>\n","protected":false},"author":4,"featured_media":0,"parent":4209,"menu_order":0,"comment_status":"closed","ping_status":"closed","template":"","meta":{"footnotes":""},"class_list":["post-4220","page","type-page","status-publish","hentry"],"yoast_head":"<!-- This site is optimized with the Yoast SEO plugin v27.4 - https:\/\/yoast.com\/product\/yoast-seo-wordpress\/ -->\n<title>Il manque quelque chose \u00e0 vote plat? Nous avons tout ce dont vous avez besoin - Ariosto S.p.A.<\/title>\n<meta name=\"robots\" content=\"index, follow, max-snippet:-1, max-image-preview:large, max-video-preview:-1\" \/>\n<link rel=\"canonical\" href=\"https:\/\/www.ariosto.it\/fr\/produits\/epices-et-fines-herbes\/\" \/>\n<meta property=\"og:locale\" content=\"fr_FR\" \/>\n<meta property=\"og:type\" content=\"article\" \/>\n<meta property=\"og:title\" content=\"Il manque quelque chose \u00e0 vote plat? Nous avons tout ce dont vous avez besoin - Ariosto S.p.A.\" \/>\n<meta property=\"og:description\" content=\"[vc_row equal_height=&#8221;yes&#8221; css=&#8221;.vc_custom_1536676762405{padding-top: 80px !important;}&#8221;][vc_column css=&#8221;.vc_custom_1539182706210{margin-right: 0px !important;margin-left: 0px !important;padding-right: 0px !important;padding-left: 0px !important;background-color: #35793f !important;}&#8221;][vc_column_text css=&#8221;.vc_custom_1773333644105{margin-top: 0px !important;margin-right: 0px !important;margin-left: 0px !important;padding-top: 0px !important;padding-right: 40px !important;padding-left: 40px !important;}&#8221;] Quand on parle de go\u00fbt, en cuisine ou sur la table, chacun a son avis. Mais sur un point tout le monde est d\u2019accord: la qualit\u00e9 [&hellip;]\" \/>\n<meta property=\"og:url\" content=\"https:\/\/www.ariosto.it\/fr\/produits\/epices-et-fines-herbes\/\" \/>\n<meta property=\"og:site_name\" content=\"Ariosto S.p.A.\" \/>\n<meta property=\"article:publisher\" content=\"https:\/\/it-it.facebook.com\/ariostospa\/\" \/>\n<meta property=\"article:modified_time\" content=\"2026-03-12T16:41:29+00:00\" \/>\n<meta name=\"twitter:card\" content=\"summary_large_image\" \/>\n<meta name=\"twitter:label1\" content=\"Dur\u00e9e de lecture estim\u00e9e\" \/>\n\t<meta name=\"twitter:data1\" content=\"4 minutes\" \/>\n<script type=\"application\/ld+json\" class=\"yoast-schema-graph\">{\"@context\":\"https:\\\/\\\/schema.org\",\"@graph\":[{\"@type\":\"WebPage\",\"@id\":\"https:\\\/\\\/www.ariosto.it\\\/fr\\\/produits\\\/epices-et-fines-herbes\\\/\",\"url\":\"https:\\\/\\\/www.ariosto.it\\\/fr\\\/produits\\\/epices-et-fines-herbes\\\/\",\"name\":\"Il manque quelque chose \u00e0 vote plat? Nous avons tout ce dont vous avez besoin - Ariosto S.p.A.\",\"isPartOf\":{\"@id\":\"https:\\\/\\\/www.ariosto.it\\\/fr\\\/#website\"},\"datePublished\":\"2018-11-05T17:48:38+00:00\",\"dateModified\":\"2026-03-12T16:41:29+00:00\",\"breadcrumb\":{\"@id\":\"https:\\\/\\\/www.ariosto.it\\\/fr\\\/produits\\\/epices-et-fines-herbes\\\/#breadcrumb\"},\"inLanguage\":\"fr-FR\",\"potentialAction\":[{\"@type\":\"ReadAction\",\"target\":[\"https:\\\/\\\/www.ariosto.it\\\/fr\\\/produits\\\/epices-et-fines-herbes\\\/\"]}]},{\"@type\":\"BreadcrumbList\",\"@id\":\"https:\\\/\\\/www.ariosto.it\\\/fr\\\/produits\\\/epices-et-fines-herbes\\\/#breadcrumb\",\"itemListElement\":[{\"@type\":\"ListItem\",\"position\":1,\"name\":\"Home\",\"item\":\"https:\\\/\\\/www.ariosto.it\\\/fr\\\/\"},{\"@type\":\"ListItem\",\"position\":2,\"name\":\"Produits\",\"item\":\"https:\\\/\\\/www.ariosto.it\\\/fr\\\/produits\\\/\"},{\"@type\":\"ListItem\",\"position\":3,\"name\":\"\u00c9pices et fines herbes\"}]},{\"@type\":\"WebSite\",\"@id\":\"https:\\\/\\\/www.ariosto.it\\\/fr\\\/#website\",\"url\":\"https:\\\/\\\/www.ariosto.it\\\/fr\\\/\",\"name\":\"Ariosto\",\"description\":\"Da oltre 50 anni, fedeli alla nostra natura\",\"publisher\":{\"@id\":\"https:\\\/\\\/www.ariosto.it\\\/fr\\\/#organization\"},\"potentialAction\":[{\"@type\":\"SearchAction\",\"target\":{\"@type\":\"EntryPoint\",\"urlTemplate\":\"https:\\\/\\\/www.ariosto.it\\\/fr\\\/?s={search_term_string}\"},\"query-input\":{\"@type\":\"PropertyValueSpecification\",\"valueRequired\":true,\"valueName\":\"search_term_string\"}}],\"inLanguage\":\"fr-FR\"},{\"@type\":\"Organization\",\"@id\":\"https:\\\/\\\/www.ariosto.it\\\/fr\\\/#organization\",\"name\":\"Ariosto spa\",\"url\":\"https:\\\/\\\/www.ariosto.it\\\/fr\\\/\",\"logo\":{\"@type\":\"ImageObject\",\"inLanguage\":\"fr-FR\",\"@id\":\"https:\\\/\\\/www.ariosto.it\\\/fr\\\/#\\\/schema\\\/logo\\\/image\\\/\",\"url\":\"https:\\\/\\\/www.ariosto.it\\\/wp-content\\\/uploads\\\/2018\\\/07\\\/logo-ariosto-color.png\",\"contentUrl\":\"https:\\\/\\\/www.ariosto.it\\\/wp-content\\\/uploads\\\/2018\\\/07\\\/logo-ariosto-color.png\",\"width\":206,\"height\":68,\"caption\":\"Ariosto spa\"},\"image\":{\"@id\":\"https:\\\/\\\/www.ariosto.it\\\/fr\\\/#\\\/schema\\\/logo\\\/image\\\/\"},\"sameAs\":[\"https:\\\/\\\/it-it.facebook.com\\\/ariostospa\\\/\",\"https:\\\/\\\/www.youtube.com\\\/user\\\/AriostoAromi\",\"https:\\\/\\\/www.instagram.com\\\/ariosto_spa\\\/\"]}]}<\/script>\n<!-- \/ Yoast SEO plugin. -->","yoast_head_json":{"title":"Il manque quelque chose \u00e0 vote plat? Nous avons tout ce dont vous avez besoin - Ariosto S.p.A.","robots":{"index":"index","follow":"follow","max-snippet":"max-snippet:-1","max-image-preview":"max-image-preview:large","max-video-preview":"max-video-preview:-1"},"canonical":"https:\/\/www.ariosto.it\/fr\/produits\/epices-et-fines-herbes\/","og_locale":"fr_FR","og_type":"article","og_title":"Il manque quelque chose \u00e0 vote plat? Nous avons tout ce dont vous avez besoin - Ariosto S.p.A.","og_description":"[vc_row equal_height=&#8221;yes&#8221; css=&#8221;.vc_custom_1536676762405{padding-top: 80px !important;}&#8221;][vc_column css=&#8221;.vc_custom_1539182706210{margin-right: 0px !important;margin-left: 0px !important;padding-right: 0px !important;padding-left: 0px !important;background-color: #35793f !important;}&#8221;][vc_column_text css=&#8221;.vc_custom_1773333644105{margin-top: 0px !important;margin-right: 0px !important;margin-left: 0px !important;padding-top: 0px !important;padding-right: 40px !important;padding-left: 40px !important;}&#8221;] Quand on parle de go\u00fbt, en cuisine ou sur la table, chacun a son avis. Mais sur un point tout le monde est d\u2019accord: la qualit\u00e9 [&hellip;]","og_url":"https:\/\/www.ariosto.it\/fr\/produits\/epices-et-fines-herbes\/","og_site_name":"Ariosto S.p.A.","article_publisher":"https:\/\/it-it.facebook.com\/ariostospa\/","article_modified_time":"2026-03-12T16:41:29+00:00","twitter_card":"summary_large_image","twitter_misc":{"Dur\u00e9e de lecture estim\u00e9e":"4 minutes"},"schema":{"@context":"https:\/\/schema.org","@graph":[{"@type":"WebPage","@id":"https:\/\/www.ariosto.it\/fr\/produits\/epices-et-fines-herbes\/","url":"https:\/\/www.ariosto.it\/fr\/produits\/epices-et-fines-herbes\/","name":"Il manque quelque chose \u00e0 vote plat? Nous avons tout ce dont vous avez besoin - Ariosto S.p.A.","isPartOf":{"@id":"https:\/\/www.ariosto.it\/fr\/#website"},"datePublished":"2018-11-05T17:48:38+00:00","dateModified":"2026-03-12T16:41:29+00:00","breadcrumb":{"@id":"https:\/\/www.ariosto.it\/fr\/produits\/epices-et-fines-herbes\/#breadcrumb"},"inLanguage":"fr-FR","potentialAction":[{"@type":"ReadAction","target":["https:\/\/www.ariosto.it\/fr\/produits\/epices-et-fines-herbes\/"]}]},{"@type":"BreadcrumbList","@id":"https:\/\/www.ariosto.it\/fr\/produits\/epices-et-fines-herbes\/#breadcrumb","itemListElement":[{"@type":"ListItem","position":1,"name":"Home","item":"https:\/\/www.ariosto.it\/fr\/"},{"@type":"ListItem","position":2,"name":"Produits","item":"https:\/\/www.ariosto.it\/fr\/produits\/"},{"@type":"ListItem","position":3,"name":"\u00c9pices et fines herbes"}]},{"@type":"WebSite","@id":"https:\/\/www.ariosto.it\/fr\/#website","url":"https:\/\/www.ariosto.it\/fr\/","name":"Ariosto","description":"Da oltre 50 anni, fedeli alla nostra natura","publisher":{"@id":"https:\/\/www.ariosto.it\/fr\/#organization"},"potentialAction":[{"@type":"SearchAction","target":{"@type":"EntryPoint","urlTemplate":"https:\/\/www.ariosto.it\/fr\/?s={search_term_string}"},"query-input":{"@type":"PropertyValueSpecification","valueRequired":true,"valueName":"search_term_string"}}],"inLanguage":"fr-FR"},{"@type":"Organization","@id":"https:\/\/www.ariosto.it\/fr\/#organization","name":"Ariosto spa","url":"https:\/\/www.ariosto.it\/fr\/","logo":{"@type":"ImageObject","inLanguage":"fr-FR","@id":"https:\/\/www.ariosto.it\/fr\/#\/schema\/logo\/image\/","url":"https:\/\/www.ariosto.it\/wp-content\/uploads\/2018\/07\/logo-ariosto-color.png","contentUrl":"https:\/\/www.ariosto.it\/wp-content\/uploads\/2018\/07\/logo-ariosto-color.png","width":206,"height":68,"caption":"Ariosto spa"},"image":{"@id":"https:\/\/www.ariosto.it\/fr\/#\/schema\/logo\/image\/"},"sameAs":["https:\/\/it-it.facebook.com\/ariostospa\/","https:\/\/www.youtube.com\/user\/AriostoAromi","https:\/\/www.instagram.com\/ariosto_spa\/"]}]}},"_links":{"self":[{"href":"https:\/\/www.ariosto.it\/fr\/wp-json\/wp\/v2\/pages\/4220","targetHints":{"allow":["GET"]}}],"collection":[{"href":"https:\/\/www.ariosto.it\/fr\/wp-json\/wp\/v2\/pages"}],"about":[{"href":"https:\/\/www.ariosto.it\/fr\/wp-json\/wp\/v2\/types\/page"}],"author":[{"embeddable":true,"href":"https:\/\/www.ariosto.it\/fr\/wp-json\/wp\/v2\/users\/4"}],"replies":[{"embeddable":true,"href":"https:\/\/www.ariosto.it\/fr\/wp-json\/wp\/v2\/comments?post=4220"}],"version-history":[{"count":10,"href":"https:\/\/www.ariosto.it\/fr\/wp-json\/wp\/v2\/pages\/4220\/revisions"}],"predecessor-version":[{"id":6203,"href":"https:\/\/www.ariosto.it\/fr\/wp-json\/wp\/v2\/pages\/4220\/revisions\/6203"}],"up":[{"embeddable":true,"href":"https:\/\/www.ariosto.it\/fr\/wp-json\/wp\/v2\/pages\/4209"}],"wp:attachment":[{"href":"https:\/\/www.ariosto.it\/fr\/wp-json\/wp\/v2\/media?parent=4220"}],"curies":[{"name":"wp","href":"https:\/\/api.w.org\/{rel}","templated":true}]}}