{"id":4243,"date":"2018-11-06T15:50:06","date_gmt":"2018-11-06T14:50:06","guid":{"rendered":"https:\/\/www.ariosto.it\/communiquer-avec-gout\/"},"modified":"2024-11-29T10:06:57","modified_gmt":"2024-11-29T09:06:57","slug":"media","status":"publish","type":"page","link":"https:\/\/www.ariosto.it\/fr\/media\/","title":{"rendered":"Communiquer avec go\u00fbt"},"content":{"rendered":"<div class=\"wpb-content-wrapper\"><p>[vc_row][vc_column][vc_column_text]<\/p>\n<blockquote>\n<h2 style=\"text-align: center;\">Nous sommes l\u00e0. Dans les points de vente, \u00e0 la t\u00e9l\u00e9vision, chez le marchand de journaux, en ligne.<\/h2>\n<\/blockquote>\n<p>[\/vc_column_text][\/vc_column][\/vc_row][vc_row][vc_column][vc_column_text]Nous connaissons l\u2019importance d\u2019une \u00ab bonne communication \u00bb. Depuis toujours, Ariosto investit du temps et des ressources pour \u00eatre pr\u00e8s du consommateur. Comme le montre l\u2019accent mis sur les pr\u00e9sentoirs, grands et petits, toujours tr\u00e8s visibles et appr\u00e9ci\u00e9s pour leur capacit\u00e9 \u00e0 mettre en valeur les produits expos\u00e9s.<br \/>\nEt la communication d\u2019Ariosto est visible dans les spots t\u00e9l\u00e9vis\u00e9s, les campagnes de presse dans les magazines, les op\u00e9rations de partenariat pour la distribution d\u2019\u00e9chantillons et la sponsorisation d\u2019\u00e9v\u00e9nements.[\/vc_column_text][\/vc_column][\/vc_row][vc_row css=&#8221;.vc_custom_1538404409459{background-color: #f8f8f8 !important;}&#8221;][vc_column][vc_column_text]<\/p>\n<h4><strong class=\"txt-primary\">Campagne de presse Ariosto \u2013 SELEX 11-2024<\/strong><\/h4>\n<p>[\/vc_column_text][vc_single_image image=&#8221;5858&#8243; img_size=&#8221;large&#8221; alignment=&#8221;center&#8221; onclick=&#8221;link_image&#8221;][\/vc_column][\/vc_row][vc_row][vc_column][vc_separator][\/vc_column][\/vc_row][vc_row css=&#8221;.vc_custom_1538404409459{background-color: #f8f8f8 !important;}&#8221;][vc_column][vc_column_text]<\/p>\n<h4><strong class=\"txt-primary\">Campagne de presse Ariosto \u2013 DIT magazine 11-2024<\/strong><\/h4>\n<p>[\/vc_column_text][vc_single_image image=&#8221;5853&#8243; img_size=&#8221;large&#8221; alignment=&#8221;center&#8221; onclick=&#8221;link_image&#8221;][\/vc_column][\/vc_row][vc_row][vc_column][vc_separator][\/vc_column][\/vc_row][vc_row css=&#8221;.vc_custom_1538404409459{background-color: #f8f8f8 !important;}&#8221;][vc_column][vc_column_text]<\/p>\n<h4><strong class=\"txt-primary\">Campagne de presse Ariosto InSalsa \u2013 FOOD magazine 04-2023<\/strong><\/h4>\n<p>[\/vc_column_text][vc_single_image image=&#8221;5586&#8243; img_size=&#8221;large&#8221; alignment=&#8221;center&#8221; onclick=&#8221;link_image&#8221;][\/vc_column][\/vc_row][vc_row][vc_column][vc_separator][\/vc_column][\/vc_row][vc_row][vc_column][vc_column_text]<\/p>\n<h4><strong class=\"txt-primary\">Spot Sale aromatizzato con erbe BIO 2021-22. RAI PLAY network et dans la planification future<\/strong><\/h4>\n<p>[\/vc_column_text][vc_video link=&#8221;https:\/\/www.youtube.com\/watch?v=UYlFI8ZKTME&#8221;][\/vc_column][\/vc_row][vc_row][vc_column][vc_separator][\/vc_column][\/vc_row][vc_row][vc_column][vc_column_text]<\/p>\n<h4><strong class=\"txt-primary\">Spot insaporitori 2020. RAI, Mediaset et principales cha\u00eenes de t\u00e9l\u00e9vision<\/strong><\/h4>\n<p>[\/vc_column_text][vc_video link=&#8221;https:\/\/www.youtube.com\/watch?v=WL5cE6Fzo1c&#8221;][\/vc_column][\/vc_row][vc_row][vc_column][vc_separator][\/vc_column][\/vc_row][vc_row][vc_column][vc_column_text]<\/p>\n<h4><strong class=\"txt-primary\">Spots Impan 2018. Cha\u00eenes de la RAI et de Mediaset<\/strong><\/h4>\n<p>[\/vc_column_text][vc_video link=&#8221;https:\/\/www.youtube.com\/watch?time_continue=3&amp;v=5LJ5uiLTCUA&#8221;][\/vc_column][\/vc_row][vc_row][vc_column][vc_separator][\/vc_column][\/vc_row][vc_row][vc_column][vc_column_text]<\/p>\n<h4><strong class=\"txt-primary\">Video Corporate<\/strong><\/h4>\n<p>[\/vc_column_text][vc_video link=&#8221;https:\/\/www.youtube.com\/watch?v=q1Bym2MrtOw&#8221;][\/vc_column][\/vc_row][vc_row disable_element=&#8221;yes&#8221;][vc_column width=&#8221;1\/2&#8243;][vc_column_text]<\/p>\n<h4><strong class=\"txt-primary\">Spots Ariosto 2019 Cha\u00eenes de la RAI et de Mediaset<\/strong><\/h4>\n<p>[\/vc_column_text][vc_video link=&#8221;https:\/\/www.youtube.com\/watch?v=UBDk0tWF62U&amp;feature=youtu.be&#8221;][\/vc_column][vc_column width=&#8221;1\/2&#8243;][vc_column_text]<\/p>\n<h4><strong class=\"txt-primary\">Spots Impan 2018. Cha\u00eenes de la RAI et de Mediaset<\/strong><\/h4>\n<p>[\/vc_column_text][vc_video link=&#8221;https:\/\/www.youtube.com\/watch?time_continue=3&amp;v=5LJ5uiLTCUA&#8221;][\/vc_column][\/vc_row][vc_row disable_element=&#8221;yes&#8221; css=&#8221;.vc_custom_1583767446736{background-color: #f8f8f8 !important;}&#8221;][vc_column width=&#8221;1\/2&#8243;][vc_single_image image=&#8221;4684&#8243; img_size=&#8221;large&#8221; alignment=&#8221;center&#8221; onclick=&#8221;link_image&#8221;][\/vc_column][vc_column width=&#8221;1\/2&#8243;][vc_single_image image=&#8221;4674&#8243; img_size=&#8221;large&#8221; alignment=&#8221;center&#8221; onclick=&#8221;link_image&#8221;][\/vc_column][\/vc_row][vc_row][vc_column][vc_separator][\/vc_column][\/vc_row][vc_row css=&#8221;.vc_custom_1538404409459{background-color: #f8f8f8 !important;}&#8221;][vc_column][vc_column_text]<\/p>\n<h4><strong class=\"txt-primary\">Campagne de presse 2019 nouveau Sale Aromatizzato, magazines sp\u00e9cialis\u00e9s<br \/>\n<\/strong><\/h4>\n<p>[\/vc_column_text][vc_single_image image=&#8221;4679&#8243; img_size=&#8221;large&#8221; alignment=&#8221;center&#8221; onclick=&#8221;link_image&#8221;][\/vc_column][\/vc_row][vc_row][vc_column][vc_separator][\/vc_column][\/vc_row][vc_row css=&#8221;.vc_custom_1538404409459{background-color: #f8f8f8 !important;}&#8221;][vc_column][vc_column_text]<\/p>\n<h4><strong class=\"txt-primary\">Campagne de presse Impan 2018, magazines de cuisine Mondadori<\/strong><\/h4>\n<p>[\/vc_column_text][vc_single_image image=&#8221;3640&#8243; img_size=&#8221;595\u00d7833&#8243; alignment=&#8221;center&#8221; onclick=&#8221;link_image&#8221;][\/vc_column][\/vc_row]<\/p>\n<\/div>","protected":false},"excerpt":{"rendered":"<p>[vc_row][vc_column][vc_column_text] Nous sommes l\u00e0. Dans les points de vente, \u00e0 la t\u00e9l\u00e9vision, chez le marchand de journaux, en ligne. [\/vc_column_text][\/vc_column][\/vc_row][vc_row][vc_column][vc_column_text]Nous connaissons l\u2019importance d\u2019une \u00ab bonne communication \u00bb. Depuis toujours, Ariosto investit du temps et des ressources pour \u00eatre pr\u00e8s du consommateur. Comme le montre l\u2019accent mis sur les pr\u00e9sentoirs, grands et petits, toujours tr\u00e8s visibles [&hellip;]<\/p>\n","protected":false},"author":4,"featured_media":0,"parent":0,"menu_order":0,"comment_status":"closed","ping_status":"closed","template":"","meta":{"footnotes":""},"class_list":["post-4243","page","type-page","status-publish","hentry"],"yoast_head":"<!-- This site is optimized with the Yoast SEO plugin v27.4 - https:\/\/yoast.com\/product\/yoast-seo-wordpress\/ -->\n<title>Communiquer avec go\u00fbt - Ariosto S.p.A.<\/title>\n<meta name=\"robots\" content=\"index, follow, max-snippet:-1, max-image-preview:large, max-video-preview:-1\" \/>\n<link rel=\"canonical\" href=\"https:\/\/www.ariosto.it\/fr\/media\/\" \/>\n<meta property=\"og:locale\" content=\"fr_FR\" \/>\n<meta property=\"og:type\" content=\"article\" \/>\n<meta property=\"og:title\" content=\"Communiquer avec go\u00fbt - Ariosto S.p.A.\" \/>\n<meta property=\"og:description\" content=\"[vc_row][vc_column][vc_column_text] Nous sommes l\u00e0. Dans les points de vente, \u00e0 la t\u00e9l\u00e9vision, chez le marchand de journaux, en ligne. [\/vc_column_text][\/vc_column][\/vc_row][vc_row][vc_column][vc_column_text]Nous connaissons l\u2019importance d\u2019une \u00ab bonne communication \u00bb. Depuis toujours, Ariosto investit du temps et des ressources pour \u00eatre pr\u00e8s du consommateur. Comme le montre l\u2019accent mis sur les pr\u00e9sentoirs, grands et petits, toujours tr\u00e8s visibles [&hellip;]\" \/>\n<meta property=\"og:url\" content=\"https:\/\/www.ariosto.it\/fr\/media\/\" \/>\n<meta property=\"og:site_name\" content=\"Ariosto S.p.A.\" \/>\n<meta property=\"article:publisher\" content=\"https:\/\/it-it.facebook.com\/ariostospa\/\" \/>\n<meta property=\"article:modified_time\" content=\"2024-11-29T09:06:57+00:00\" \/>\n<meta name=\"twitter:card\" content=\"summary_large_image\" \/>\n<meta name=\"twitter:label1\" content=\"Dur\u00e9e de lecture estim\u00e9e\" \/>\n\t<meta name=\"twitter:data1\" content=\"3 minutes\" \/>\n<script type=\"application\/ld+json\" class=\"yoast-schema-graph\">{\"@context\":\"https:\\\/\\\/schema.org\",\"@graph\":[{\"@type\":\"WebPage\",\"@id\":\"https:\\\/\\\/www.ariosto.it\\\/fr\\\/media\\\/\",\"url\":\"https:\\\/\\\/www.ariosto.it\\\/fr\\\/media\\\/\",\"name\":\"Communiquer avec go\u00fbt - Ariosto S.p.A.\",\"isPartOf\":{\"@id\":\"https:\\\/\\\/www.ariosto.it\\\/fr\\\/#website\"},\"datePublished\":\"2018-11-06T14:50:06+00:00\",\"dateModified\":\"2024-11-29T09:06:57+00:00\",\"breadcrumb\":{\"@id\":\"https:\\\/\\\/www.ariosto.it\\\/fr\\\/media\\\/#breadcrumb\"},\"inLanguage\":\"fr-FR\",\"potentialAction\":[{\"@type\":\"ReadAction\",\"target\":[\"https:\\\/\\\/www.ariosto.it\\\/fr\\\/media\\\/\"]}]},{\"@type\":\"BreadcrumbList\",\"@id\":\"https:\\\/\\\/www.ariosto.it\\\/fr\\\/media\\\/#breadcrumb\",\"itemListElement\":[{\"@type\":\"ListItem\",\"position\":1,\"name\":\"Home\",\"item\":\"https:\\\/\\\/www.ariosto.it\\\/fr\\\/\"},{\"@type\":\"ListItem\",\"position\":2,\"name\":\"Communiquer avec go\u00fbt\"}]},{\"@type\":\"WebSite\",\"@id\":\"https:\\\/\\\/www.ariosto.it\\\/fr\\\/#website\",\"url\":\"https:\\\/\\\/www.ariosto.it\\\/fr\\\/\",\"name\":\"Ariosto\",\"description\":\"Da oltre 50 anni, fedeli alla nostra natura\",\"publisher\":{\"@id\":\"https:\\\/\\\/www.ariosto.it\\\/fr\\\/#organization\"},\"potentialAction\":[{\"@type\":\"SearchAction\",\"target\":{\"@type\":\"EntryPoint\",\"urlTemplate\":\"https:\\\/\\\/www.ariosto.it\\\/fr\\\/?s={search_term_string}\"},\"query-input\":{\"@type\":\"PropertyValueSpecification\",\"valueRequired\":true,\"valueName\":\"search_term_string\"}}],\"inLanguage\":\"fr-FR\"},{\"@type\":\"Organization\",\"@id\":\"https:\\\/\\\/www.ariosto.it\\\/fr\\\/#organization\",\"name\":\"Ariosto spa\",\"url\":\"https:\\\/\\\/www.ariosto.it\\\/fr\\\/\",\"logo\":{\"@type\":\"ImageObject\",\"inLanguage\":\"fr-FR\",\"@id\":\"https:\\\/\\\/www.ariosto.it\\\/fr\\\/#\\\/schema\\\/logo\\\/image\\\/\",\"url\":\"https:\\\/\\\/www.ariosto.it\\\/wp-content\\\/uploads\\\/2018\\\/07\\\/logo-ariosto-color.png\",\"contentUrl\":\"https:\\\/\\\/www.ariosto.it\\\/wp-content\\\/uploads\\\/2018\\\/07\\\/logo-ariosto-color.png\",\"width\":206,\"height\":68,\"caption\":\"Ariosto spa\"},\"image\":{\"@id\":\"https:\\\/\\\/www.ariosto.it\\\/fr\\\/#\\\/schema\\\/logo\\\/image\\\/\"},\"sameAs\":[\"https:\\\/\\\/it-it.facebook.com\\\/ariostospa\\\/\",\"https:\\\/\\\/www.youtube.com\\\/user\\\/AriostoAromi\",\"https:\\\/\\\/www.instagram.com\\\/ariosto_spa\\\/\"]}]}<\/script>\n<!-- \/ Yoast SEO plugin. -->","yoast_head_json":{"title":"Communiquer avec go\u00fbt - Ariosto S.p.A.","robots":{"index":"index","follow":"follow","max-snippet":"max-snippet:-1","max-image-preview":"max-image-preview:large","max-video-preview":"max-video-preview:-1"},"canonical":"https:\/\/www.ariosto.it\/fr\/media\/","og_locale":"fr_FR","og_type":"article","og_title":"Communiquer avec go\u00fbt - Ariosto S.p.A.","og_description":"[vc_row][vc_column][vc_column_text] Nous sommes l\u00e0. Dans les points de vente, \u00e0 la t\u00e9l\u00e9vision, chez le marchand de journaux, en ligne. [\/vc_column_text][\/vc_column][\/vc_row][vc_row][vc_column][vc_column_text]Nous connaissons l\u2019importance d\u2019une \u00ab bonne communication \u00bb. Depuis toujours, Ariosto investit du temps et des ressources pour \u00eatre pr\u00e8s du consommateur. Comme le montre l\u2019accent mis sur les pr\u00e9sentoirs, grands et petits, toujours tr\u00e8s visibles [&hellip;]","og_url":"https:\/\/www.ariosto.it\/fr\/media\/","og_site_name":"Ariosto S.p.A.","article_publisher":"https:\/\/it-it.facebook.com\/ariostospa\/","article_modified_time":"2024-11-29T09:06:57+00:00","twitter_card":"summary_large_image","twitter_misc":{"Dur\u00e9e de lecture estim\u00e9e":"3 minutes"},"schema":{"@context":"https:\/\/schema.org","@graph":[{"@type":"WebPage","@id":"https:\/\/www.ariosto.it\/fr\/media\/","url":"https:\/\/www.ariosto.it\/fr\/media\/","name":"Communiquer avec go\u00fbt - Ariosto S.p.A.","isPartOf":{"@id":"https:\/\/www.ariosto.it\/fr\/#website"},"datePublished":"2018-11-06T14:50:06+00:00","dateModified":"2024-11-29T09:06:57+00:00","breadcrumb":{"@id":"https:\/\/www.ariosto.it\/fr\/media\/#breadcrumb"},"inLanguage":"fr-FR","potentialAction":[{"@type":"ReadAction","target":["https:\/\/www.ariosto.it\/fr\/media\/"]}]},{"@type":"BreadcrumbList","@id":"https:\/\/www.ariosto.it\/fr\/media\/#breadcrumb","itemListElement":[{"@type":"ListItem","position":1,"name":"Home","item":"https:\/\/www.ariosto.it\/fr\/"},{"@type":"ListItem","position":2,"name":"Communiquer avec go\u00fbt"}]},{"@type":"WebSite","@id":"https:\/\/www.ariosto.it\/fr\/#website","url":"https:\/\/www.ariosto.it\/fr\/","name":"Ariosto","description":"Da oltre 50 anni, fedeli alla nostra natura","publisher":{"@id":"https:\/\/www.ariosto.it\/fr\/#organization"},"potentialAction":[{"@type":"SearchAction","target":{"@type":"EntryPoint","urlTemplate":"https:\/\/www.ariosto.it\/fr\/?s={search_term_string}"},"query-input":{"@type":"PropertyValueSpecification","valueRequired":true,"valueName":"search_term_string"}}],"inLanguage":"fr-FR"},{"@type":"Organization","@id":"https:\/\/www.ariosto.it\/fr\/#organization","name":"Ariosto spa","url":"https:\/\/www.ariosto.it\/fr\/","logo":{"@type":"ImageObject","inLanguage":"fr-FR","@id":"https:\/\/www.ariosto.it\/fr\/#\/schema\/logo\/image\/","url":"https:\/\/www.ariosto.it\/wp-content\/uploads\/2018\/07\/logo-ariosto-color.png","contentUrl":"https:\/\/www.ariosto.it\/wp-content\/uploads\/2018\/07\/logo-ariosto-color.png","width":206,"height":68,"caption":"Ariosto spa"},"image":{"@id":"https:\/\/www.ariosto.it\/fr\/#\/schema\/logo\/image\/"},"sameAs":["https:\/\/it-it.facebook.com\/ariostospa\/","https:\/\/www.youtube.com\/user\/AriostoAromi","https:\/\/www.instagram.com\/ariosto_spa\/"]}]}},"_links":{"self":[{"href":"https:\/\/www.ariosto.it\/fr\/wp-json\/wp\/v2\/pages\/4243","targetHints":{"allow":["GET"]}}],"collection":[{"href":"https:\/\/www.ariosto.it\/fr\/wp-json\/wp\/v2\/pages"}],"about":[{"href":"https:\/\/www.ariosto.it\/fr\/wp-json\/wp\/v2\/types\/page"}],"author":[{"embeddable":true,"href":"https:\/\/www.ariosto.it\/fr\/wp-json\/wp\/v2\/users\/4"}],"replies":[{"embeddable":true,"href":"https:\/\/www.ariosto.it\/fr\/wp-json\/wp\/v2\/comments?post=4243"}],"version-history":[{"count":10,"href":"https:\/\/www.ariosto.it\/fr\/wp-json\/wp\/v2\/pages\/4243\/revisions"}],"predecessor-version":[{"id":5864,"href":"https:\/\/www.ariosto.it\/fr\/wp-json\/wp\/v2\/pages\/4243\/revisions\/5864"}],"wp:attachment":[{"href":"https:\/\/www.ariosto.it\/fr\/wp-json\/wp\/v2\/media?parent=4243"}],"curies":[{"name":"wp","href":"https:\/\/api.w.org\/{rel}","templated":true}]}}