{"id":4245,"date":"2018-11-06T15:56:03","date_gmt":"2018-11-06T14:56:03","guid":{"rendered":"https:\/\/www.ariosto.it\/les-presentoirs-ariosto\/"},"modified":"2025-02-03T11:12:46","modified_gmt":"2025-02-03T10:12:46","slug":"les-presentoirs","status":"publish","type":"page","link":"https:\/\/www.ariosto.it\/fr\/les-presentoirs\/","title":{"rendered":"Les pr\u00e9sentoirs Ariosto"},"content":{"rendered":"<div class=\"wpb-content-wrapper\"><p>[vc_row disable_element=&#8221;yes&#8221;][vc_column width=&#8221;1\/2&#8243;][vc_column_text]<\/p>\n<blockquote>\n<h2>Les pr\u00e9sentoirs Ariosto sont visibles sur les comptoirs des \u00e9piceries et des boucheries.<\/h2>\n<h2><\/h2>\n<h2>Et pour les grands espaces de la GDO, les pr\u00e9sentoirs de sol de grande contenance, en carton ou en bois sont la grande nouveaut\u00e9 2018\/2019.<\/h2>\n<\/blockquote>\n<p>[\/vc_column_text][vc_column_text css=&#8221;.vc_custom_1537976565049{padding-top: 200px !important;}&#8221;]<\/p>\n<p style=\"text-align: left;\"><a class=\"ghost-color-btn\" href=\"\/?page_id=3132\">&lt; Torna ai video<\/a><\/p>\n<p>[\/vc_column_text][\/vc_column][vc_column width=&#8221;1\/2&#8243;][vc_gallery interval=&#8221;3&#8243; images=&#8221;3588,3573,3578&#8243; img_size=&#8221;full&#8221;][\/vc_column][\/vc_row][vc_row][vc_column width=&#8221;1\/2&#8243;][vc_column_text]<\/p>\n<blockquote>\n<h2>Les pr\u00e9sentoirs Ariosto sont visibles sur les comptoirs des \u00e9piceries et des boucheries.<\/h2>\n<\/blockquote>\n<p>[\/vc_column_text][vc_column_text css=&#8221;.vc_custom_1738577561259{padding-top: 10px !important;}&#8221;]<\/p>\n<blockquote>\n<h2>Et pour les grands espaces de la GDO, les pr\u00e9sentoirs de sol de grande contenance, en carton ou en bois.<\/h2>\n<\/blockquote>\n<p>[\/vc_column_text][\/vc_column][vc_column width=&#8221;1\/2&#8243;][vc_single_image image=&#8221;5914&#8243; img_size=&#8221;medium&#8221; alignment=&#8221;center&#8221; onclick=&#8221;link_image&#8221;][\/vc_column][\/vc_row][vc_row][vc_column width=&#8221;1\/2&#8243;][vc_single_image image=&#8221;5924&#8243; img_size=&#8221;large&#8221; onclick=&#8221;link_image&#8221;][\/vc_column][vc_column width=&#8221;1\/2&#8243;][vc_single_image image=&#8221;5919&#8243; img_size=&#8221;large&#8221; onclick=&#8221;link_image&#8221;][\/vc_column][\/vc_row]<\/p>\n<\/div>","protected":false},"excerpt":{"rendered":"<p>[vc_row disable_element=&#8221;yes&#8221;][vc_column width=&#8221;1\/2&#8243;][vc_column_text] Les pr\u00e9sentoirs Ariosto sont visibles sur les comptoirs des \u00e9piceries et des boucheries. Et pour les grands espaces de la GDO, les pr\u00e9sentoirs de sol de grande contenance, en carton ou en bois sont la grande nouveaut\u00e9 2018\/2019. [\/vc_column_text][vc_column_text css=&#8221;.vc_custom_1537976565049{padding-top: 200px !important;}&#8221;] &lt; Torna ai video [\/vc_column_text][\/vc_column][vc_column width=&#8221;1\/2&#8243;][vc_gallery interval=&#8221;3&#8243; images=&#8221;3588,3573,3578&#8243; img_size=&#8221;full&#8221;][\/vc_column][\/vc_row][vc_row][vc_column width=&#8221;1\/2&#8243;][vc_column_text] [&hellip;]<\/p>\n","protected":false},"author":4,"featured_media":0,"parent":0,"menu_order":0,"comment_status":"closed","ping_status":"closed","template":"","meta":{"footnotes":""},"class_list":["post-4245","page","type-page","status-publish","hentry"],"yoast_head":"<!-- This site is optimized with the Yoast SEO plugin v27.4 - https:\/\/yoast.com\/product\/yoast-seo-wordpress\/ -->\n<title>Les pr\u00e9sentoirs Ariosto - Ariosto S.p.A.<\/title>\n<meta name=\"robots\" content=\"index, follow, max-snippet:-1, max-image-preview:large, max-video-preview:-1\" \/>\n<link rel=\"canonical\" href=\"https:\/\/www.ariosto.it\/fr\/les-presentoirs\/\" \/>\n<meta property=\"og:locale\" content=\"fr_FR\" \/>\n<meta property=\"og:type\" content=\"article\" \/>\n<meta property=\"og:title\" content=\"Les pr\u00e9sentoirs Ariosto - Ariosto S.p.A.\" \/>\n<meta property=\"og:description\" content=\"[vc_row disable_element=&#8221;yes&#8221;][vc_column width=&#8221;1\/2&#8243;][vc_column_text] Les pr\u00e9sentoirs Ariosto sont visibles sur les comptoirs des \u00e9piceries et des boucheries. Et pour les grands espaces de la GDO, les pr\u00e9sentoirs de sol de grande contenance, en carton ou en bois sont la grande nouveaut\u00e9 2018\/2019. [\/vc_column_text][vc_column_text css=&#8221;.vc_custom_1537976565049{padding-top: 200px !important;}&#8221;] &lt; Torna ai video [\/vc_column_text][\/vc_column][vc_column width=&#8221;1\/2&#8243;][vc_gallery interval=&#8221;3&#8243; images=&#8221;3588,3573,3578&#8243; img_size=&#8221;full&#8221;][\/vc_column][\/vc_row][vc_row][vc_column width=&#8221;1\/2&#8243;][vc_column_text] [&hellip;]\" \/>\n<meta property=\"og:url\" content=\"https:\/\/www.ariosto.it\/fr\/les-presentoirs\/\" \/>\n<meta property=\"og:site_name\" content=\"Ariosto S.p.A.\" \/>\n<meta property=\"article:publisher\" content=\"https:\/\/it-it.facebook.com\/ariostospa\/\" \/>\n<meta property=\"article:modified_time\" content=\"2025-02-03T10:12:46+00:00\" \/>\n<meta name=\"twitter:card\" content=\"summary_large_image\" \/>\n<meta name=\"twitter:label1\" content=\"Dur\u00e9e de lecture estim\u00e9e\" \/>\n\t<meta name=\"twitter:data1\" content=\"1 minute\" \/>\n<script type=\"application\/ld+json\" class=\"yoast-schema-graph\">{\"@context\":\"https:\\\/\\\/schema.org\",\"@graph\":[{\"@type\":\"WebPage\",\"@id\":\"https:\\\/\\\/www.ariosto.it\\\/fr\\\/les-presentoirs\\\/\",\"url\":\"https:\\\/\\\/www.ariosto.it\\\/fr\\\/les-presentoirs\\\/\",\"name\":\"Les pr\u00e9sentoirs Ariosto - Ariosto S.p.A.\",\"isPartOf\":{\"@id\":\"https:\\\/\\\/www.ariosto.it\\\/fr\\\/#website\"},\"datePublished\":\"2018-11-06T14:56:03+00:00\",\"dateModified\":\"2025-02-03T10:12:46+00:00\",\"breadcrumb\":{\"@id\":\"https:\\\/\\\/www.ariosto.it\\\/fr\\\/les-presentoirs\\\/#breadcrumb\"},\"inLanguage\":\"fr-FR\",\"potentialAction\":[{\"@type\":\"ReadAction\",\"target\":[\"https:\\\/\\\/www.ariosto.it\\\/fr\\\/les-presentoirs\\\/\"]}]},{\"@type\":\"BreadcrumbList\",\"@id\":\"https:\\\/\\\/www.ariosto.it\\\/fr\\\/les-presentoirs\\\/#breadcrumb\",\"itemListElement\":[{\"@type\":\"ListItem\",\"position\":1,\"name\":\"Home\",\"item\":\"https:\\\/\\\/www.ariosto.it\\\/fr\\\/\"},{\"@type\":\"ListItem\",\"position\":2,\"name\":\"Les pr\u00e9sentoirs\"}]},{\"@type\":\"WebSite\",\"@id\":\"https:\\\/\\\/www.ariosto.it\\\/fr\\\/#website\",\"url\":\"https:\\\/\\\/www.ariosto.it\\\/fr\\\/\",\"name\":\"Ariosto\",\"description\":\"Da oltre 50 anni, fedeli alla nostra natura\",\"publisher\":{\"@id\":\"https:\\\/\\\/www.ariosto.it\\\/fr\\\/#organization\"},\"potentialAction\":[{\"@type\":\"SearchAction\",\"target\":{\"@type\":\"EntryPoint\",\"urlTemplate\":\"https:\\\/\\\/www.ariosto.it\\\/fr\\\/?s={search_term_string}\"},\"query-input\":{\"@type\":\"PropertyValueSpecification\",\"valueRequired\":true,\"valueName\":\"search_term_string\"}}],\"inLanguage\":\"fr-FR\"},{\"@type\":\"Organization\",\"@id\":\"https:\\\/\\\/www.ariosto.it\\\/fr\\\/#organization\",\"name\":\"Ariosto spa\",\"url\":\"https:\\\/\\\/www.ariosto.it\\\/fr\\\/\",\"logo\":{\"@type\":\"ImageObject\",\"inLanguage\":\"fr-FR\",\"@id\":\"https:\\\/\\\/www.ariosto.it\\\/fr\\\/#\\\/schema\\\/logo\\\/image\\\/\",\"url\":\"https:\\\/\\\/www.ariosto.it\\\/wp-content\\\/uploads\\\/2018\\\/07\\\/logo-ariosto-color.png\",\"contentUrl\":\"https:\\\/\\\/www.ariosto.it\\\/wp-content\\\/uploads\\\/2018\\\/07\\\/logo-ariosto-color.png\",\"width\":206,\"height\":68,\"caption\":\"Ariosto spa\"},\"image\":{\"@id\":\"https:\\\/\\\/www.ariosto.it\\\/fr\\\/#\\\/schema\\\/logo\\\/image\\\/\"},\"sameAs\":[\"https:\\\/\\\/it-it.facebook.com\\\/ariostospa\\\/\",\"https:\\\/\\\/www.youtube.com\\\/user\\\/AriostoAromi\",\"https:\\\/\\\/www.instagram.com\\\/ariosto_spa\\\/\"]}]}<\/script>\n<!-- \/ Yoast SEO plugin. -->","yoast_head_json":{"title":"Les pr\u00e9sentoirs Ariosto - Ariosto S.p.A.","robots":{"index":"index","follow":"follow","max-snippet":"max-snippet:-1","max-image-preview":"max-image-preview:large","max-video-preview":"max-video-preview:-1"},"canonical":"https:\/\/www.ariosto.it\/fr\/les-presentoirs\/","og_locale":"fr_FR","og_type":"article","og_title":"Les pr\u00e9sentoirs Ariosto - Ariosto S.p.A.","og_description":"[vc_row disable_element=&#8221;yes&#8221;][vc_column width=&#8221;1\/2&#8243;][vc_column_text] Les pr\u00e9sentoirs Ariosto sont visibles sur les comptoirs des \u00e9piceries et des boucheries. Et pour les grands espaces de la GDO, les pr\u00e9sentoirs de sol de grande contenance, en carton ou en bois sont la grande nouveaut\u00e9 2018\/2019. [\/vc_column_text][vc_column_text css=&#8221;.vc_custom_1537976565049{padding-top: 200px !important;}&#8221;] &lt; Torna ai video [\/vc_column_text][\/vc_column][vc_column width=&#8221;1\/2&#8243;][vc_gallery interval=&#8221;3&#8243; images=&#8221;3588,3573,3578&#8243; img_size=&#8221;full&#8221;][\/vc_column][\/vc_row][vc_row][vc_column width=&#8221;1\/2&#8243;][vc_column_text] [&hellip;]","og_url":"https:\/\/www.ariosto.it\/fr\/les-presentoirs\/","og_site_name":"Ariosto S.p.A.","article_publisher":"https:\/\/it-it.facebook.com\/ariostospa\/","article_modified_time":"2025-02-03T10:12:46+00:00","twitter_card":"summary_large_image","twitter_misc":{"Dur\u00e9e de lecture estim\u00e9e":"1 minute"},"schema":{"@context":"https:\/\/schema.org","@graph":[{"@type":"WebPage","@id":"https:\/\/www.ariosto.it\/fr\/les-presentoirs\/","url":"https:\/\/www.ariosto.it\/fr\/les-presentoirs\/","name":"Les pr\u00e9sentoirs Ariosto - Ariosto S.p.A.","isPartOf":{"@id":"https:\/\/www.ariosto.it\/fr\/#website"},"datePublished":"2018-11-06T14:56:03+00:00","dateModified":"2025-02-03T10:12:46+00:00","breadcrumb":{"@id":"https:\/\/www.ariosto.it\/fr\/les-presentoirs\/#breadcrumb"},"inLanguage":"fr-FR","potentialAction":[{"@type":"ReadAction","target":["https:\/\/www.ariosto.it\/fr\/les-presentoirs\/"]}]},{"@type":"BreadcrumbList","@id":"https:\/\/www.ariosto.it\/fr\/les-presentoirs\/#breadcrumb","itemListElement":[{"@type":"ListItem","position":1,"name":"Home","item":"https:\/\/www.ariosto.it\/fr\/"},{"@type":"ListItem","position":2,"name":"Les pr\u00e9sentoirs"}]},{"@type":"WebSite","@id":"https:\/\/www.ariosto.it\/fr\/#website","url":"https:\/\/www.ariosto.it\/fr\/","name":"Ariosto","description":"Da oltre 50 anni, fedeli alla nostra natura","publisher":{"@id":"https:\/\/www.ariosto.it\/fr\/#organization"},"potentialAction":[{"@type":"SearchAction","target":{"@type":"EntryPoint","urlTemplate":"https:\/\/www.ariosto.it\/fr\/?s={search_term_string}"},"query-input":{"@type":"PropertyValueSpecification","valueRequired":true,"valueName":"search_term_string"}}],"inLanguage":"fr-FR"},{"@type":"Organization","@id":"https:\/\/www.ariosto.it\/fr\/#organization","name":"Ariosto spa","url":"https:\/\/www.ariosto.it\/fr\/","logo":{"@type":"ImageObject","inLanguage":"fr-FR","@id":"https:\/\/www.ariosto.it\/fr\/#\/schema\/logo\/image\/","url":"https:\/\/www.ariosto.it\/wp-content\/uploads\/2018\/07\/logo-ariosto-color.png","contentUrl":"https:\/\/www.ariosto.it\/wp-content\/uploads\/2018\/07\/logo-ariosto-color.png","width":206,"height":68,"caption":"Ariosto spa"},"image":{"@id":"https:\/\/www.ariosto.it\/fr\/#\/schema\/logo\/image\/"},"sameAs":["https:\/\/it-it.facebook.com\/ariostospa\/","https:\/\/www.youtube.com\/user\/AriostoAromi","https:\/\/www.instagram.com\/ariosto_spa\/"]}]}},"_links":{"self":[{"href":"https:\/\/www.ariosto.it\/fr\/wp-json\/wp\/v2\/pages\/4245","targetHints":{"allow":["GET"]}}],"collection":[{"href":"https:\/\/www.ariosto.it\/fr\/wp-json\/wp\/v2\/pages"}],"about":[{"href":"https:\/\/www.ariosto.it\/fr\/wp-json\/wp\/v2\/types\/page"}],"author":[{"embeddable":true,"href":"https:\/\/www.ariosto.it\/fr\/wp-json\/wp\/v2\/users\/4"}],"replies":[{"embeddable":true,"href":"https:\/\/www.ariosto.it\/fr\/wp-json\/wp\/v2\/comments?post=4245"}],"version-history":[{"count":4,"href":"https:\/\/www.ariosto.it\/fr\/wp-json\/wp\/v2\/pages\/4245\/revisions"}],"predecessor-version":[{"id":5933,"href":"https:\/\/www.ariosto.it\/fr\/wp-json\/wp\/v2\/pages\/4245\/revisions\/5933"}],"wp:attachment":[{"href":"https:\/\/www.ariosto.it\/fr\/wp-json\/wp\/v2\/media?parent=4245"}],"curies":[{"name":"wp","href":"https:\/\/api.w.org\/{rel}","templated":true}]}}