{"id":5396,"date":"2022-11-22T11:42:35","date_gmt":"2022-11-22T10:42:35","guid":{"rendered":"https:\/\/www.ariosto.it\/?page_id=5396"},"modified":"2024-11-28T18:27:35","modified_gmt":"2024-11-28T17:27:35","slug":"ariosto-insalsa","status":"publish","type":"page","link":"https:\/\/www.ariosto.it\/fr\/produits\/ariosto-insalsa\/","title":{"rendered":"Ariosto InSalsa: l\u2019\u00e9volution naturelle des assaisonnements les plus vendus en Italie"},"content":{"rendered":"<div class=\"wpb-content-wrapper\"><p>[vc_row equal_height=&#8221;yes&#8221; css=&#8221;.vc_custom_1536676762405{padding-top: 80px !important;}&#8221;][vc_column css=&#8221;.vc_custom_1539182382529{margin-right: 0px !important;margin-left: 0px !important;padding-right: 0px !important;padding-left: 0px !important;background-color: #35793f !important;}&#8221;][vc_column_text css=&#8221;.vc_custom_1732814129830{margin-top: 0px !important;margin-right: 0px !important;margin-left: 0px !important;padding-top: 0px !important;padding-right: 40px !important;padding-left: 40px !important;}&#8221;]<\/p>\n<p style=\"color: #ffffff;\">2023: <strong>Ariosto<\/strong> propose au march\u00e9 alimentaire une grande innovation r\u00e9volutionnaire. Il s&#8217;agit d&#8217;<strong>Ariosto InSalsa<\/strong>, la nouvelle gamme de sauces pr\u00eates \u00e0 l&#8217;emploi. L&#8217;id\u00e9e est aussi simple qu&#8217;efficace: amener \u00e0 table les fameux Assaisonnements Ariosto qui, gr\u00e2ce \u00e0 des recettes calibr\u00e9es cr\u00e9\u00e9es pour l&#8217;occasion, deviennent&#8230; <strong>En Sauce!<\/strong> Aujourd&#8217;hui la gamme a \u00e9volu\u00e9: quatre pr\u00e9parations tr\u00e8s savoureuses pour accompagner des plats ou des ap\u00e9ritifs, appr\u00e9ci\u00e9es avec plaisir par les consommateurs.<\/p>\n<p>[\/vc_column_text][\/vc_column][\/vc_row][vc_row equal_height=&#8221;yes&#8221; css=&#8221;.vc_custom_1536679242573{padding-top: 30px !important;}&#8221;][vc_column width=&#8221;1\/2&#8243; css=&#8221;.vc_custom_1489477418893{margin-right: 0px !important;margin-left: 0px !important;padding-right: 0px !important;padding-left: 0px !important;background-color: #f8f8f8 !important;}&#8221;][vc_column_text css=&#8221;.vc_custom_1732814302742{margin-top: 0px !important;margin-right: 0px !important;margin-left: 0px !important;padding-top: 0px !important;padding-right: 40px !important;padding-left: 40px !important;}&#8221;]<\/p>\n<h2 class=\"txt-primary\">Ariosto InSalsa Speciale Burger<\/h2>\n<p>La sauce qui manquait, d\u00e9di\u00e9e au sandwich le plus c\u00e9l\u00e8bre du monde!<br \/>\nLe <strong>go\u00fbt de Ariosto<\/strong> est \u00e0 la base de la recette de cette d\u00e9licieuse sauce au go\u00fbt prononc\u00e9, bien calibr\u00e9e pour accompagner un excellent <strong>hamburger<\/strong> et les accompagnements qui le composent.<br \/>\nIl est \u00e9galement excellent pour assaisonner les salades et pour agr\u00e9menter d&#8217;app\u00e9tissants cro\u00fbtons \u00e0 l&#8217;ap\u00e9ritif.[\/vc_column_text][\/vc_column][vc_column width=&#8221;1\/2&#8243; css=&#8221;.vc_custom_1538409224360{margin-top: 0px !important;margin-right: 0px !important;margin-bottom: 0px !important;margin-left: 0px !important;padding-top: 20px !important;padding-right: 20px !important;padding-bottom: 20px !important;padding-left: 0px !important;background-color: #f8f8f8 !important;background-position: center !important;background-repeat: no-repeat !important;background-size: cover !important;}&#8221;][vc_single_image image=&#8221;5818&#8243; img_size=&#8221;full&#8221; css=&#8221;.vc_custom_1732814248378{margin-top: 0px !important;margin-right: 0px !important;margin-bottom: 0px !important;margin-left: 0px !important;padding-top: 0px !important;padding-right: 0px !important;padding-bottom: 0px !important;padding-left: 0px !important;}&#8221;][\/vc_column][\/vc_row][vc_row equal_height=&#8221;yes&#8221; css=&#8221;.vc_custom_1536679242573{padding-top: 30px !important;}&#8221;][vc_column width=&#8221;1\/2&#8243; css=&#8221;.vc_custom_1489477418893{margin-right: 0px !important;margin-left: 0px !important;padding-right: 0px !important;padding-left: 0px !important;background-color: #f8f8f8 !important;}&#8221;][vc_single_image image=&#8221;5823&#8243; img_size=&#8221;full&#8221; css=&#8221;.vc_custom_1732814237896{margin-top: 0px !important;margin-right: 0px !important;margin-bottom: 0px !important;margin-left: 0px !important;padding-top: 0px !important;padding-right: 0px !important;padding-bottom: 0px !important;padding-left: 0px !important;}&#8221;][\/vc_column][vc_column width=&#8221;1\/2&#8243; css=&#8221;.vc_custom_1538409224360{margin-top: 0px !important;margin-right: 0px !important;margin-bottom: 0px !important;margin-left: 0px !important;padding-top: 20px !important;padding-right: 20px !important;padding-bottom: 20px !important;padding-left: 0px !important;background-color: #f8f8f8 !important;background-position: center !important;background-repeat: no-repeat !important;background-size: cover !important;}&#8221;][vc_column_text css=&#8221;.vc_custom_1732814225901{margin-top: 0px !important;margin-right: 0px !important;margin-left: 0px !important;padding-top: 0px !important;padding-right: 40px !important;padding-left: 40px !important;}&#8221;]<\/p>\n<h2 class=\"txt-primary\">Ariosto InSalsa Barbecue Classica<\/h2>\n<p>C\u2019est la savoureuse interpr\u00e9tation Ariosto de la BBQ classique. Une sauce r\u00e9alis\u00e9e avec notre Assaisonnement pour Viandes R\u00f4ties et Grill\u00e9es, le plus aim\u00e9 et le plus vendu sur le march\u00e9.<br \/>\nAriosto InSalsa Barbecue Classique est produit avec des ingr\u00e9dients s\u00e9lectionn\u00e9s avec soin et de la <strong>tomate 100% italienne<\/strong>. Excellent \u00e9tal\u00e9 sur la viande, m\u00eame avant la cuisson, c\u2019est la sauce \u00e0 servir \u00e0 table id\u00e9ale pour les grillades.[\/vc_column_text][\/vc_column][\/vc_row][vc_row equal_height=&#8221;yes&#8221; css=&#8221;.vc_custom_1536674878307{padding-top: 20px !important;padding-bottom: px !important;}&#8221;][vc_column width=&#8221;1\/2&#8243; css=&#8221;.vc_custom_1538409236564{margin-top: 0px !important;margin-right: 0px !important;margin-bottom: 0px !important;margin-left: 0px !important;padding-top: 20px !important;padding-right: 0px !important;padding-bottom: 20px !important;padding-left: 20px !important;background-color: #f8f8f8 !important;}&#8221;][vc_column_text css=&#8221;.vc_custom_1732814199459{margin-top: 0px !important;margin-right: 0px !important;margin-left: 0px !important;padding-top: 0px !important;padding-right: 40px !important;padding-left: 40px !important;}&#8221;]<\/p>\n<h2 class=\"txt-primary\">Ariosto InSalsa Barbecue Vivace<\/h2>\n<p>Une recette d\u00e9riv\u00e9e de Assaisonnement pour Viandes R\u00f4ties et Grill\u00e9es go\u00fbt Piquant, au piment rouge. Avec son <strong>go\u00fbt prononc\u00e9 et agr\u00e9ablement fum\u00e9<\/strong>, tout comme l\u2019Assaisonnement Barbecue Classique, le \u201cVif\u201d contient de la <strong>sauce tomate 100% italienne<\/strong>.<br \/>\nAriosto InSalsa Barbecue Vif, \u00e0 table ou avant la cuisson, provoque une agr\u00e9able \u201csecousse\u201d aux papilles gustatives et ravive la saveur de n\u2019importe quel plat, et non seulement des viandes.[\/vc_column_text][\/vc_column][vc_column width=&#8221;1\/2&#8243; css=&#8221;.vc_custom_1536591937840{margin-top: 0px !important;margin-right: 0px !important;margin-bottom: 0px !important;margin-left: 0px !important;padding-top: 35px !important;padding-right: 0px !important;padding-bottom: 0px !important;padding-left: 0px !important;background-color: #f8f8f8 !important;background-position: center !important;background-repeat: no-repeat !important;background-size: cover !important;}&#8221;][vc_single_image image=&#8221;5828&#8243; img_size=&#8221;full&#8221; alignment=&#8221;right&#8221; css=&#8221;.vc_custom_1732814213655{margin-top: 0px !important;margin-right: 0px !important;margin-bottom: 0px !important;margin-left: 0px !important;padding-top: 0px !important;padding-right: 0px !important;padding-bottom: 0px !important;padding-left: 0px !important;}&#8221;][\/vc_column][\/vc_row][vc_row equal_height=&#8221;yes&#8221; css=&#8221;.vc_custom_1538409377488{padding-top: 20px !important;padding-bottom: 20px !important;}&#8221;][vc_column width=&#8221;1\/2&#8243; css=&#8221;.vc_custom_1489477418893{margin-right: 0px !important;margin-left: 0px !important;padding-right: 0px !important;padding-left: 0px !important;background-color: #f8f8f8 !important;}&#8221;][vc_single_image image=&#8221;5833&#8243; img_size=&#8221;full&#8221; css=&#8221;.vc_custom_1732814185198{margin-top: 0px !important;margin-right: 0px !important;margin-bottom: 0px !important;margin-left: 0px !important;padding-top: 20px !important;padding-right: 20px !important;padding-bottom: 20px !important;padding-left: 0px !important;}&#8221;][\/vc_column][vc_column width=&#8221;1\/2&#8243; css=&#8221;.vc_custom_1732814852520{margin-top: 0px !important;margin-right: 0px !important;margin-bottom: 0px !important;margin-left: 0px !important;padding-top: 20px !important;padding-right: 0px !important;padding-bottom: 20px !important;padding-left: 0px !important;background-color: #f8f8f8 !important;background-position: center !important;background-repeat: no-repeat !important;background-size: cover !important;}&#8221;][vc_column_text css=&#8221;.vc_custom_1732814173383{margin-top: 0px !important;margin-right: 0px !important;margin-left: 0px !important;padding-top: 0px !important;padding-right: 40px !important;padding-left: 40px !important;}&#8221;]<\/p>\n<h2 class=\"txt-primary\">Ariosto InSalsa Speciale Patate<\/h2>\n<p>Une <strong>nouveaut\u00e9 absolue<\/strong> sur le march\u00e9 italien : une sauce sp\u00e9ciale pour la reine des garnitures et des ap\u00e9ritifs : la pomme de terre ! Avec son go\u00fbt l\u00e9g\u00e8rement aigre-doux, Ariosto InSalsa Sp\u00e9cial Pommes de Terre est une recette savoureuse qui, en plus de l\u2019Assaisonnement Ariosto Pommes de Terre, a un ingr\u00e9dient \u201csp\u00e9cial\u201d: <strong>la pur\u00e9e de pommes de l\u2019<\/strong>Alto Adige IGP.<br \/>\nLa sauce, id\u00e9ale pour accompagner \u00e0 table les frites ou les pommes de terre r\u00f4ties, est \u00e9galement excellente dans toutes les occasions en-dehors des repas, pour ajouter de la saveur et de la douceur aux nachos et aux snacks.[\/vc_column_text][\/vc_column][\/vc_row]<\/p>\n<\/div>","protected":false},"excerpt":{"rendered":"<p>[vc_row equal_height=&#8221;yes&#8221; css=&#8221;.vc_custom_1536676762405{padding-top: 80px !important;}&#8221;][vc_column css=&#8221;.vc_custom_1539182382529{margin-right: 0px !important;margin-left: 0px !important;padding-right: 0px !important;padding-left: 0px !important;background-color: #35793f !important;}&#8221;][vc_column_text css=&#8221;.vc_custom_1732814129830{margin-top: 0px !important;margin-right: 0px !important;margin-left: 0px !important;padding-top: 0px !important;padding-right: 40px !important;padding-left: 40px !important;}&#8221;] 2023: Ariosto propose au march\u00e9 alimentaire une grande innovation r\u00e9volutionnaire. Il s&#8217;agit d&#8217;Ariosto InSalsa, la nouvelle gamme de sauces pr\u00eates \u00e0 l&#8217;emploi. L&#8217;id\u00e9e est aussi simple [&hellip;]<\/p>\n","protected":false},"author":4,"featured_media":0,"parent":4209,"menu_order":0,"comment_status":"closed","ping_status":"closed","template":"","meta":{"footnotes":""},"class_list":["post-5396","page","type-page","status-publish","hentry"],"yoast_head":"<!-- This site is optimized with the Yoast SEO plugin v27.4 - https:\/\/yoast.com\/product\/yoast-seo-wordpress\/ -->\n<title>Ariosto InSalsa: l\u2019\u00e9volution naturelle des assaisonnements les plus vendus en Italie - Ariosto S.p.A.<\/title>\n<meta name=\"robots\" content=\"index, follow, max-snippet:-1, max-image-preview:large, max-video-preview:-1\" \/>\n<link rel=\"canonical\" href=\"https:\/\/www.ariosto.it\/fr\/produits\/ariosto-insalsa\/\" \/>\n<meta property=\"og:locale\" content=\"fr_FR\" \/>\n<meta property=\"og:type\" content=\"article\" \/>\n<meta property=\"og:title\" content=\"Ariosto InSalsa: l\u2019\u00e9volution naturelle des assaisonnements les plus vendus en Italie - Ariosto S.p.A.\" \/>\n<meta property=\"og:description\" content=\"[vc_row equal_height=&#8221;yes&#8221; css=&#8221;.vc_custom_1536676762405{padding-top: 80px !important;}&#8221;][vc_column css=&#8221;.vc_custom_1539182382529{margin-right: 0px !important;margin-left: 0px !important;padding-right: 0px !important;padding-left: 0px !important;background-color: #35793f !important;}&#8221;][vc_column_text css=&#8221;.vc_custom_1732814129830{margin-top: 0px !important;margin-right: 0px !important;margin-left: 0px !important;padding-top: 0px !important;padding-right: 40px !important;padding-left: 40px !important;}&#8221;] 2023: Ariosto propose au march\u00e9 alimentaire une grande innovation r\u00e9volutionnaire. Il s&#8217;agit d&#8217;Ariosto InSalsa, la nouvelle gamme de sauces pr\u00eates \u00e0 l&#8217;emploi. L&#8217;id\u00e9e est aussi simple [&hellip;]\" \/>\n<meta property=\"og:url\" content=\"https:\/\/www.ariosto.it\/fr\/produits\/ariosto-insalsa\/\" \/>\n<meta property=\"og:site_name\" content=\"Ariosto S.p.A.\" \/>\n<meta property=\"article:publisher\" content=\"https:\/\/it-it.facebook.com\/ariostospa\/\" \/>\n<meta property=\"article:modified_time\" content=\"2024-11-28T17:27:35+00:00\" \/>\n<meta name=\"twitter:card\" content=\"summary_large_image\" \/>\n<meta name=\"twitter:label1\" content=\"Dur\u00e9e de lecture estim\u00e9e\" \/>\n\t<meta name=\"twitter:data1\" content=\"5 minutes\" \/>\n<script type=\"application\/ld+json\" class=\"yoast-schema-graph\">{\"@context\":\"https:\\\/\\\/schema.org\",\"@graph\":[{\"@type\":\"WebPage\",\"@id\":\"https:\\\/\\\/www.ariosto.it\\\/fr\\\/produits\\\/ariosto-insalsa\\\/\",\"url\":\"https:\\\/\\\/www.ariosto.it\\\/fr\\\/produits\\\/ariosto-insalsa\\\/\",\"name\":\"Ariosto InSalsa: l\u2019\u00e9volution naturelle des assaisonnements les plus vendus en Italie - Ariosto S.p.A.\",\"isPartOf\":{\"@id\":\"https:\\\/\\\/www.ariosto.it\\\/fr\\\/#website\"},\"datePublished\":\"2022-11-22T10:42:35+00:00\",\"dateModified\":\"2024-11-28T17:27:35+00:00\",\"breadcrumb\":{\"@id\":\"https:\\\/\\\/www.ariosto.it\\\/fr\\\/produits\\\/ariosto-insalsa\\\/#breadcrumb\"},\"inLanguage\":\"fr-FR\",\"potentialAction\":[{\"@type\":\"ReadAction\",\"target\":[\"https:\\\/\\\/www.ariosto.it\\\/fr\\\/produits\\\/ariosto-insalsa\\\/\"]}]},{\"@type\":\"BreadcrumbList\",\"@id\":\"https:\\\/\\\/www.ariosto.it\\\/fr\\\/produits\\\/ariosto-insalsa\\\/#breadcrumb\",\"itemListElement\":[{\"@type\":\"ListItem\",\"position\":1,\"name\":\"Home\",\"item\":\"https:\\\/\\\/www.ariosto.it\\\/fr\\\/\"},{\"@type\":\"ListItem\",\"position\":2,\"name\":\"Produits\",\"item\":\"https:\\\/\\\/www.ariosto.it\\\/fr\\\/produits\\\/\"},{\"@type\":\"ListItem\",\"position\":3,\"name\":\"Ariosto InSalsa\"}]},{\"@type\":\"WebSite\",\"@id\":\"https:\\\/\\\/www.ariosto.it\\\/fr\\\/#website\",\"url\":\"https:\\\/\\\/www.ariosto.it\\\/fr\\\/\",\"name\":\"Ariosto\",\"description\":\"Da oltre 50 anni, fedeli alla nostra natura\",\"publisher\":{\"@id\":\"https:\\\/\\\/www.ariosto.it\\\/fr\\\/#organization\"},\"potentialAction\":[{\"@type\":\"SearchAction\",\"target\":{\"@type\":\"EntryPoint\",\"urlTemplate\":\"https:\\\/\\\/www.ariosto.it\\\/fr\\\/?s={search_term_string}\"},\"query-input\":{\"@type\":\"PropertyValueSpecification\",\"valueRequired\":true,\"valueName\":\"search_term_string\"}}],\"inLanguage\":\"fr-FR\"},{\"@type\":\"Organization\",\"@id\":\"https:\\\/\\\/www.ariosto.it\\\/fr\\\/#organization\",\"name\":\"Ariosto spa\",\"url\":\"https:\\\/\\\/www.ariosto.it\\\/fr\\\/\",\"logo\":{\"@type\":\"ImageObject\",\"inLanguage\":\"fr-FR\",\"@id\":\"https:\\\/\\\/www.ariosto.it\\\/fr\\\/#\\\/schema\\\/logo\\\/image\\\/\",\"url\":\"https:\\\/\\\/www.ariosto.it\\\/wp-content\\\/uploads\\\/2018\\\/07\\\/logo-ariosto-color.png\",\"contentUrl\":\"https:\\\/\\\/www.ariosto.it\\\/wp-content\\\/uploads\\\/2018\\\/07\\\/logo-ariosto-color.png\",\"width\":206,\"height\":68,\"caption\":\"Ariosto spa\"},\"image\":{\"@id\":\"https:\\\/\\\/www.ariosto.it\\\/fr\\\/#\\\/schema\\\/logo\\\/image\\\/\"},\"sameAs\":[\"https:\\\/\\\/it-it.facebook.com\\\/ariostospa\\\/\",\"https:\\\/\\\/www.youtube.com\\\/user\\\/AriostoAromi\",\"https:\\\/\\\/www.instagram.com\\\/ariosto_spa\\\/\"]}]}<\/script>\n<!-- \/ Yoast SEO plugin. -->","yoast_head_json":{"title":"Ariosto InSalsa: l\u2019\u00e9volution naturelle des assaisonnements les plus vendus en Italie - Ariosto S.p.A.","robots":{"index":"index","follow":"follow","max-snippet":"max-snippet:-1","max-image-preview":"max-image-preview:large","max-video-preview":"max-video-preview:-1"},"canonical":"https:\/\/www.ariosto.it\/fr\/produits\/ariosto-insalsa\/","og_locale":"fr_FR","og_type":"article","og_title":"Ariosto InSalsa: l\u2019\u00e9volution naturelle des assaisonnements les plus vendus en Italie - Ariosto S.p.A.","og_description":"[vc_row equal_height=&#8221;yes&#8221; css=&#8221;.vc_custom_1536676762405{padding-top: 80px !important;}&#8221;][vc_column css=&#8221;.vc_custom_1539182382529{margin-right: 0px !important;margin-left: 0px !important;padding-right: 0px !important;padding-left: 0px !important;background-color: #35793f !important;}&#8221;][vc_column_text css=&#8221;.vc_custom_1732814129830{margin-top: 0px !important;margin-right: 0px !important;margin-left: 0px !important;padding-top: 0px !important;padding-right: 40px !important;padding-left: 40px !important;}&#8221;] 2023: Ariosto propose au march\u00e9 alimentaire une grande innovation r\u00e9volutionnaire. Il s&#8217;agit d&#8217;Ariosto InSalsa, la nouvelle gamme de sauces pr\u00eates \u00e0 l&#8217;emploi. L&#8217;id\u00e9e est aussi simple [&hellip;]","og_url":"https:\/\/www.ariosto.it\/fr\/produits\/ariosto-insalsa\/","og_site_name":"Ariosto S.p.A.","article_publisher":"https:\/\/it-it.facebook.com\/ariostospa\/","article_modified_time":"2024-11-28T17:27:35+00:00","twitter_card":"summary_large_image","twitter_misc":{"Dur\u00e9e de lecture estim\u00e9e":"5 minutes"},"schema":{"@context":"https:\/\/schema.org","@graph":[{"@type":"WebPage","@id":"https:\/\/www.ariosto.it\/fr\/produits\/ariosto-insalsa\/","url":"https:\/\/www.ariosto.it\/fr\/produits\/ariosto-insalsa\/","name":"Ariosto InSalsa: l\u2019\u00e9volution naturelle des assaisonnements les plus vendus en Italie - Ariosto S.p.A.","isPartOf":{"@id":"https:\/\/www.ariosto.it\/fr\/#website"},"datePublished":"2022-11-22T10:42:35+00:00","dateModified":"2024-11-28T17:27:35+00:00","breadcrumb":{"@id":"https:\/\/www.ariosto.it\/fr\/produits\/ariosto-insalsa\/#breadcrumb"},"inLanguage":"fr-FR","potentialAction":[{"@type":"ReadAction","target":["https:\/\/www.ariosto.it\/fr\/produits\/ariosto-insalsa\/"]}]},{"@type":"BreadcrumbList","@id":"https:\/\/www.ariosto.it\/fr\/produits\/ariosto-insalsa\/#breadcrumb","itemListElement":[{"@type":"ListItem","position":1,"name":"Home","item":"https:\/\/www.ariosto.it\/fr\/"},{"@type":"ListItem","position":2,"name":"Produits","item":"https:\/\/www.ariosto.it\/fr\/produits\/"},{"@type":"ListItem","position":3,"name":"Ariosto InSalsa"}]},{"@type":"WebSite","@id":"https:\/\/www.ariosto.it\/fr\/#website","url":"https:\/\/www.ariosto.it\/fr\/","name":"Ariosto","description":"Da oltre 50 anni, fedeli alla nostra natura","publisher":{"@id":"https:\/\/www.ariosto.it\/fr\/#organization"},"potentialAction":[{"@type":"SearchAction","target":{"@type":"EntryPoint","urlTemplate":"https:\/\/www.ariosto.it\/fr\/?s={search_term_string}"},"query-input":{"@type":"PropertyValueSpecification","valueRequired":true,"valueName":"search_term_string"}}],"inLanguage":"fr-FR"},{"@type":"Organization","@id":"https:\/\/www.ariosto.it\/fr\/#organization","name":"Ariosto spa","url":"https:\/\/www.ariosto.it\/fr\/","logo":{"@type":"ImageObject","inLanguage":"fr-FR","@id":"https:\/\/www.ariosto.it\/fr\/#\/schema\/logo\/image\/","url":"https:\/\/www.ariosto.it\/wp-content\/uploads\/2018\/07\/logo-ariosto-color.png","contentUrl":"https:\/\/www.ariosto.it\/wp-content\/uploads\/2018\/07\/logo-ariosto-color.png","width":206,"height":68,"caption":"Ariosto spa"},"image":{"@id":"https:\/\/www.ariosto.it\/fr\/#\/schema\/logo\/image\/"},"sameAs":["https:\/\/it-it.facebook.com\/ariostospa\/","https:\/\/www.youtube.com\/user\/AriostoAromi","https:\/\/www.instagram.com\/ariosto_spa\/"]}]}},"_links":{"self":[{"href":"https:\/\/www.ariosto.it\/fr\/wp-json\/wp\/v2\/pages\/5396","targetHints":{"allow":["GET"]}}],"collection":[{"href":"https:\/\/www.ariosto.it\/fr\/wp-json\/wp\/v2\/pages"}],"about":[{"href":"https:\/\/www.ariosto.it\/fr\/wp-json\/wp\/v2\/types\/page"}],"author":[{"embeddable":true,"href":"https:\/\/www.ariosto.it\/fr\/wp-json\/wp\/v2\/users\/4"}],"replies":[{"embeddable":true,"href":"https:\/\/www.ariosto.it\/fr\/wp-json\/wp\/v2\/comments?post=5396"}],"version-history":[{"count":8,"href":"https:\/\/www.ariosto.it\/fr\/wp-json\/wp\/v2\/pages\/5396\/revisions"}],"predecessor-version":[{"id":5846,"href":"https:\/\/www.ariosto.it\/fr\/wp-json\/wp\/v2\/pages\/5396\/revisions\/5846"}],"up":[{"embeddable":true,"href":"https:\/\/www.ariosto.it\/fr\/wp-json\/wp\/v2\/pages\/4209"}],"wp:attachment":[{"href":"https:\/\/www.ariosto.it\/fr\/wp-json\/wp\/v2\/media?parent=5396"}],"curies":[{"name":"wp","href":"https:\/\/api.w.org\/{rel}","templated":true}]}}